{"id":8843,"date":"2024-10-30T11:52:08","date_gmt":"2024-10-30T15:52:08","guid":{"rendered":"https:\/\/beamvac.com\/systeme-retractable-retraflex\/"},"modified":"2025-10-20T12:00:17","modified_gmt":"2025-10-20T16:00:17","slug":"systeme-retractable-retraflex","status":"publish","type":"page","link":"https:\/\/beamvac.com\/fr\/systeme-retractable-retraflex\/","title":{"rendered":"Syst\u00e8me r\u00e9tractable Retraflex<sup>\u00ae<\/sup>"},"content":{"rendered":"<div class=\"wpb-content-wrapper\"><p>[vc_row el_class=\u00a0\u00bbpy-5&Prime;][vc_column width=\u00a0\u00bb1\/2&Prime;][vc_custom_heading text=\u00a0\u00bbSIMPLIFIEZ-VOUS LA VIE AVEC LE RETRAFLEX\u00ae\u00a0\u00bb use_theme_fonts=\u00a0\u00bbyes\u00a0\u00bb][vc_column_text]<strong>Un syst\u00e8me brevet\u00e9 pour un maximum de flexibilit\u00e9 !<\/strong><\/p>\n<p>Pratique et \u00e9l\u00e9gant, le boyau r\u00e9tractable <strong>Retraflex<sup>\u00ae<\/sup><\/strong> se r\u00e9tracte \u00e0 l&rsquo;int\u00e9rieur de vos murs. Termin\u00e9 de tra\u00eener un lourd aspirateur \u00e0 travers la maison ! D\u00e9roulez simplement la longueur dont vous avez besoin et nettoyez en toute simplicit\u00e9.[\/vc_column_text][\/vc_column][vc_column width=\u00a0\u00bb1\/2&Prime; el_class=\u00a0\u00bbpy-4&Prime;][vc_single_image image=\u00a0\u00bb8850&Prime; img_size=\u00a0\u00bb600&#215;300&Prime; alignment=\u00a0\u00bbcenter\u00a0\u00bb][\/vc_column][\/vc_row][vc_row bg_type=\u00a0\u00bbbg_color\u00a0\u00bb bg_color_value=\u00a0\u00bb#edf0f3&Prime; el_class=\u00a0\u00bbpy-5&Prime;][vc_column][vc_column_text]<\/p>\n<h2 style=\"text-align: center;\">Depuis l&rsquo;introduction du syst\u00e8me Retraflex\u00ae, plus d&rsquo;un demi-million de prises ont \u00e9t\u00e9 install\u00e9es \u00e0 travers le monde. Et autant de personnes ravies de voir leur m\u00e9nage facilit\u00e9 !<\/h2>\n<p>[\/vc_column_text][\/vc_column][\/vc_row][vc_row bg_type=\u00a0\u00bbbg_color\u00a0\u00bb el_class=\u00a0\u00bbpy-5&Prime;][vc_column width=\u00a0\u00bb2\/3&Prime;][vc_custom_heading text=\u00a0\u00bbUN SYST\u00c8ME UNIQUE\u00a0\u00bb use_theme_fonts=\u00a0\u00bbyes\u00a0\u00bb][vc_row_inner][vc_column_inner width=\u00a0\u00bb1\/6&Prime;][vc_single_image image=\u00a0\u00bb8718&Prime;][\/vc_column_inner][vc_column_inner width=\u00a0\u00bb5\/6&Prime;][vc_column_text]<\/p>\n<h3 style=\"text-align: left;\">Pratique et \u00e9l\u00e9gant<\/h3>\n<p style=\"text-align: left;\">Ne pensez plus \u00e0 un rangement pour votre boyau d\u2019aspirateur central. Le Retraflex<sup>\u00ae<\/sup> est dissimul\u00e9 \u00e0 l\u2019int\u00e9rieur de vos murs et est facilement accessible gr\u00e2ce \u00e0 une \u00e9l\u00e9gante prise murale.<\/p>\n<p>[\/vc_column_text][\/vc_column_inner][\/vc_row_inner][vc_row_inner][vc_column_inner width=\u00a0\u00bb1\/6&Prime;][vc_single_image image=\u00a0\u00bb8720&Prime;][\/vc_column_inner][vc_column_inner width=\u00a0\u00bb5\/6&Prime;][vc_column_text]<\/p>\n<div class=\"item\" style=\"text-align: center;\">\n<div class=\"main-content\">\n<h3 style=\"text-align: left;\">Efficace<\/h3>\n<p style=\"text-align: left;\">Un boyau derri\u00e8re chaque prise. Optimisez vos s\u00e9ances de m\u00e9nage avec un boyau accessible depuis n&rsquo;importe quelle prise de votre maison. Parfait pour l&rsquo;avoir toujours \u00e0 port\u00e9e de main !<\/p>\n<\/div>\n<\/div>\n<p>[\/vc_column_text][\/vc_column_inner][\/vc_row_inner][vc_row_inner][vc_column_inner width=\u00a0\u00bb1\/6&Prime;][vc_single_image image=\u00a0\u00bb8722&Prime;][\/vc_column_inner][vc_column_inner width=\u00a0\u00bb5\/6&Prime;][vc_column_text]<\/p>\n<h3 style=\"text-align: left;\">Rapide<\/h3>\n<p style=\"text-align: left;\">Oubliez le boyau \u00e0 transporter. Avec le Retraflex\u00ae, d\u00e9ployez la longueur n\u00e9cessaire et faites-le dispara\u00eetre en quelques secondes une fois votre s\u00e9ance de m\u00e9nage termin\u00e9e.<\/p>\n<p>[\/vc_column_text][\/vc_column_inner][\/vc_row_inner][\/vc_column][vc_column width=\u00a0\u00bb1\/3&Prime; css=\u00a0\u00bb.vc_custom_1729884238745{padding-top: 60px !important;}\u00a0\u00bb][vc_single_image image=\u00a0\u00bb8716&Prime; img_size=\u00a0\u00bb400&#215;600&Prime;][\/vc_column][\/vc_row][vc_row bg_type=\u00a0\u00bbbg_color\u00a0\u00bb bg_color_value=\u00a0\u00bb#edf0f3&Prime; el_class=\u00a0\u00bbpy-5&Prime;][vc_column][vc_row_inner][vc_column_inner width=\u00a0\u00bb2\/3&Prime;][vc_column_text css=\u00a0\u00bb.vc_custom_1729881479976{padding-top: 40px !important;}\u00a0\u00bb]<\/p>\n<h2 style=\"text-align: center;\">La solution parfaite pour un nettoyage simple et efficace.<\/h2>\n<p>[\/vc_column_text][\/vc_column_inner][vc_column_inner width=\u00a0\u00bb1\/3&Prime;][vc_single_image image=\u00a0\u00bb8783&Prime; img_size=\u00a0\u00bbfull\u00a0\u00bb alignment=\u00a0\u00bbcenter\u00a0\u00bb]<div id=\"ult-easy-separator-110972974769d52972eef54\" class=\"ult-easy-separator-wrapper ult-responsive ult-top-easy-separator  \" style=\"\" data-vc-row=\"wpb_row\"  data-ultimate-target='#ult-easy-separator-110972974769d52972eef54'  data-responsive-json-new='{\"width\":\"\"}' ><div class=\"ult-easy-separator-inner-wrapper\"><div class=\" ult-animation ult-animate-viewport \" style=\"opacity:0;\"   data-animate=\"\"  data-animation-delay=\"\"  data-animation-duration=\"\"  data-animation-iteration=\"\"  data-opacity_start_effect=\"\"><img decoding=\"async\" class=\"ult-easy-separator-img\" alt=\"\" src=\"\" \/><\/div><\/div><\/div>[\/vc_column_inner][\/vc_row_inner][\/vc_column][\/vc_row][vc_row el_class=\u00a0\u00bbpy-5&Prime;][vc_column][vc_custom_heading text=\u00a0\u00bbCOMMENT CA MARCHE ?\u00a0\u00bb font_container=\u00a0\u00bbtag:h2|text_align:center\u00a0\u00bb use_theme_fonts=\u00a0\u00bbyes\u00a0\u00bb][vc_row_inner][vc_column_inner width=\u00a0\u00bb1\/6&Prime;][vc_single_image image=\u00a0\u00bb8734&Prime;][vc_column_text]Ouvrez la porte et d\u00e9ployez simplement la longueur de boyau dont vous avez besoin.[\/vc_column_text][\/vc_column_inner][vc_column_inner width=\u00a0\u00bb1\/6&Prime;][vc_single_image image=\u00a0\u00bb8732&Prime;][vc_column_text]Tirez la poign\u00e9e noire pour verrouiller le boyau et d\u00e9marrer le syst\u00e8me automatiquement.[\/vc_column_text][\/vc_column_inner][vc_column_inner width=\u00a0\u00bb1\/6&Prime;][vc_single_image image=\u00a0\u00bb8730&Prime;][vc_column_text]Pour une pause, il suffit de tirer sur l&rsquo;interrupteur rouge pour arr\u00eater la machine, ou d&rsquo;utiliser les interrupteurs de votre poign\u00e9e si vous avez opt\u00e9 pour une poign\u00e9e Marche\/Arr\u00eat.[\/vc_column_text][\/vc_column_inner][vc_column_inner width=\u00a0\u00bb1\/6&Prime;][vc_single_image image=\u00a0\u00bb8728&Prime;][vc_column_text]Poussez la poign\u00e9e pour d\u00e9verrouiller et ranger le boyau.[\/vc_column_text][\/vc_column_inner][vc_column_inner width=\u00a0\u00bb1\/6&Prime;][vc_single_image image=\u00a0\u00bb8726&Prime;][vc_column_text]Placez votre main sur l&rsquo;extr\u00e9mit\u00e9 du boyau pour lui permettre de se r\u00e9tracter.[\/vc_column_text][\/vc_column_inner][vc_column_inner width=\u00a0\u00bb1\/6&Prime;][vc_single_image image=\u00a0\u00bb8724&Prime;][vc_column_text]Fermez la porte pour que le syst\u00e8me s&rsquo;arr\u00eate automatiquement et <strong>c&rsquo;est tout !<\/strong>[\/vc_column_text][\/vc_column_inner][\/vc_row_inner][\/vc_column][\/vc_row][vc_row bg_type=\u00a0\u00bbbg_color\u00a0\u00bb bg_color_value=\u00a0\u00bb#edf0f3&Prime; el_class=\u00a0\u00bbpy-5&Prime; css=\u00a0\u00bb.vc_custom_1731423504223{padding-right: 20px !important;padding-left: 20px !important;}\u00a0\u00bb][vc_column width=\u00a0\u00bb1\/2&Prime;][vc_custom_heading text=\u00a0\u00bbQuelle que soit votre situation, l&rsquo;installation du syst\u00e8me Retraflex\u00ae est toujours possible !\u00a0\u00bb use_theme_fonts=\u00a0\u00bbyes\u00a0\u00bb][vc_column_text css=\u00a0\u00bb.vc_custom_1731515973523{padding-left: 20px !important;}\u00a0\u00bb]\u2714\ufe0f Dans un b\u00e2timent existant ou une construction<\/p>\n<p>\u2714\ufe0f Sur votre aspirateur central d\u00e9j\u00e0 install\u00e9<\/p>\n<p>\u2714\ufe0f Installation compl\u00e8te d&rsquo;un syst\u00e8me de boyaux r\u00e9tractables[\/vc_column_text][\/vc_column][vc_column width=\u00a0\u00bb1\/2&Prime;][vc_video link=\u00a0\u00bbhttps:\/\/www.youtube.com\/watch?v=xvb9zpgb47I\u00a0\u00bb][\/vc_column][\/vc_row][vc_row el_class=\u00a0\u00bbpy-5&Prime;][vc_column width=\u00a0\u00bb1\/2&Prime;][vc_single_image image=\u00a0\u00bb8804&Prime; img_size=\u00a0\u00bbfull\u00a0\u00bb alignment=\u00a0\u00bbcenter\u00a0\u00bb][vc_custom_heading text=\u00a0\u00bbVOIR LES PRODUITS RETRAFLEX\u00ae\u00a0\u00bb font_container=\u00a0\u00bbtag:h2|text_align:center\u00a0\u00bb use_theme_fonts=\u00a0\u00bbyes\u00a0\u00bb][vc_column_text el_class=\u00a0\u00bbpy-2&Prime;]<\/p>\n<p style=\"text-align: center;\">Consultez notre catalogue Retraflex pour voir les produits d&rsquo;installation et les accessoires.<\/p>\n<p>[\/vc_column_text][vc_btn title=\u00a0\u00bbVOIR LES PRODUITS\u00a0\u00bb style=\u00a0\u00bboutline-custom\u00a0\u00bb outline_custom_color=\u00a0\u00bb#7fa1d4&Prime; outline_custom_hover_background=\u00a0\u00bb#7fa1d4&Prime; outline_custom_hover_text=\u00a0\u00bb#ffffff\u00a0\u00bb shape=\u00a0\u00bbsquare\u00a0\u00bb align=\u00a0\u00bbcenter\u00a0\u00bb link=\u00a0\u00bburl:https%3A%2F%2Fbeamvac.com%2Ffr%2Fproduct-category%2Fsystemes-retractables%2F|title:Visiter%20les%20produits%20Retraflex|\u00a0\u00bb el_class=\u00a0\u00bbproduct-learn-more\u00a0\u00bb][\/vc_column][vc_column width=\u00a0\u00bb1\/2&Prime;][vc_single_image image=\u00a0\u00bb8802&Prime; img_size=\u00a0\u00bbfull\u00a0\u00bb alignment=\u00a0\u00bbcenter\u00a0\u00bb][vc_custom_heading text=\u00a0\u00bbDEMANDEZ UN EXPERT !\u00a0\u00bb font_container=\u00a0\u00bbtag:h2|text_align:center\u00a0\u00bb use_theme_fonts=\u00a0\u00bbyes\u00a0\u00bb][vc_column_text el_class=\u00a0\u00bbpy-2&Prime;]<\/p>\n<p style=\"text-align: center;\">Il pourra vous expliquer en d\u00e9tail comment installer votre Retraflex<sup>\u00ae<\/sup><\/p>\n<p>[\/vc_column_text][vc_btn title=\u00a0\u00bbTROUVER UN EXPERT\u00a0\u00bb style=\u00a0\u00bboutline-custom\u00a0\u00bb outline_custom_color=\u00a0\u00bb#7fa1d4&Prime; outline_custom_hover_background=\u00a0\u00bb#7fa1d4&Prime; outline_custom_hover_text=\u00a0\u00bb#ffffff\u00a0\u00bb shape=\u00a0\u00bbsquare\u00a0\u00bb align=\u00a0\u00bbcenter\u00a0\u00bb el_class=\u00a0\u00bbproduct-learn-more\u00a0\u00bb link=\u00a0\u00bburl:https%3A%2F%2Fbeamvac.com%2Ffr%2Fou-acheter%2F|title:O%C3%99%20ACHETER%3F|\u00a0\u00bb][\/vc_column][\/vc_row]<\/p>\n<\/div>","protected":false},"excerpt":{"rendered":"<p>[vc_row el_class=\u00a0\u00bbpy-5&Prime;][vc_column width=\u00a0\u00bb1\/2&Prime;][vc_custom_heading text=\u00a0\u00bbSIMPLIFIEZ-VOUS LA VIE AVEC LE RETRAFLEX\u00ae\u00a0\u00bb use_theme_fonts=\u00a0\u00bbyes\u00a0\u00bb][vc_column_text]Un syst\u00e8me brevet\u00e9 pour un maximum de flexibilit\u00e9 ! Pratique et \u00e9l\u00e9gant, le boyau r\u00e9tractable Retraflex\u00ae se r\u00e9tracte \u00e0 l&rsquo;int\u00e9rieur de vos murs. Termin\u00e9 de tra\u00eener un lourd aspirateur \u00e0 travers la maison ! D\u00e9roulez simplement la longueur dont vous avez besoin et nettoyez en toute [&hellip;]<\/p>\n","protected":false},"author":10,"featured_media":0,"parent":0,"menu_order":0,"comment_status":"closed","ping_status":"closed","template":"","meta":{"footnotes":""},"class_list":["post-8843","page","type-page","status-publish","hentry"],"yoast_head":"<!-- This site is optimized with the Yoast SEO plugin v26.9 - https:\/\/yoast.com\/product\/yoast-seo-wordpress\/ -->\n<title>Syst\u00e8me r\u00e9tractable Retraflex\u00ae - BEAM<\/title>\n<meta name=\"description\" content=\"Le boyau r\u00e9tractable Retraflex\u00ae se r\u00e9tracte dans le m\u00eame r\u00e9seau de tuyauterie que celui utilis\u00e9 par votre aspirateur central, sans prendre d&#039;espace suppl\u00e9mentaire dans les murs.\" \/>\n<meta name=\"robots\" content=\"index, follow, max-snippet:-1, max-image-preview:large, max-video-preview:-1\" \/>\n<link rel=\"canonical\" href=\"https:\/\/beamvac.com\/fr\/systeme-retractable-retraflex\/\" \/>\n<meta property=\"og:locale\" content=\"fr_FR\" \/>\n<meta property=\"og:type\" content=\"article\" \/>\n<meta property=\"og:title\" content=\"Syst\u00e8me r\u00e9tractable Retraflex\u00ae - BEAM\" \/>\n<meta property=\"og:description\" content=\"Le boyau r\u00e9tractable Retraflex\u00ae se r\u00e9tracte dans le m\u00eame r\u00e9seau de tuyauterie que celui utilis\u00e9 par votre aspirateur central, sans prendre d&#039;espace suppl\u00e9mentaire dans les murs.\" \/>\n<meta property=\"og:url\" content=\"https:\/\/beamvac.com\/fr\/systeme-retractable-retraflex\/\" \/>\n<meta property=\"og:site_name\" content=\"BEAM\" \/>\n<meta property=\"article:modified_time\" content=\"2025-10-20T16:00:17+00:00\" \/>\n<meta name=\"twitter:card\" content=\"summary_large_image\" \/>\n<meta name=\"twitter:label1\" content=\"Dur\u00e9e de lecture estim\u00e9e\" \/>\n\t<meta name=\"twitter:data1\" content=\"2 minutes\" \/>\n<script type=\"application\/ld+json\" class=\"yoast-schema-graph\">{\"@context\":\"https:\/\/schema.org\",\"@graph\":[{\"@type\":\"WebPage\",\"@id\":\"https:\/\/beamvac.com\/fr\/systeme-retractable-retraflex\/\",\"url\":\"https:\/\/beamvac.com\/fr\/systeme-retractable-retraflex\/\",\"name\":\"Syst\u00e8me r\u00e9tractable Retraflex\u00ae - BEAM\",\"isPartOf\":{\"@id\":\"https:\/\/beamvac.com\/#website\"},\"datePublished\":\"2024-10-30T15:52:08+00:00\",\"dateModified\":\"2025-10-20T16:00:17+00:00\",\"description\":\"Le boyau r\u00e9tractable Retraflex\u00ae se r\u00e9tracte dans le m\u00eame r\u00e9seau de tuyauterie que celui utilis\u00e9 par votre aspirateur central, sans prendre d'espace suppl\u00e9mentaire dans les murs.\",\"breadcrumb\":{\"@id\":\"https:\/\/beamvac.com\/fr\/systeme-retractable-retraflex\/#breadcrumb\"},\"inLanguage\":\"fr-FR\",\"potentialAction\":[{\"@type\":\"ReadAction\",\"target\":[\"https:\/\/beamvac.com\/fr\/systeme-retractable-retraflex\/\"]}]},{\"@type\":\"BreadcrumbList\",\"@id\":\"https:\/\/beamvac.com\/fr\/systeme-retractable-retraflex\/#breadcrumb\",\"itemListElement\":[{\"@type\":\"ListItem\",\"position\":1,\"name\":\"Home\",\"item\":\"https:\/\/beamvac.com\/fr\/\"},{\"@type\":\"ListItem\",\"position\":2,\"name\":\"Syst\u00e8me r\u00e9tractable Retraflex\u00ae\"}]},{\"@type\":\"WebSite\",\"@id\":\"https:\/\/beamvac.com\/#website\",\"url\":\"https:\/\/beamvac.com\/\",\"name\":\"BEAM\",\"description\":\"Premium Central Vacuum Systems\",\"potentialAction\":[{\"@type\":\"SearchAction\",\"target\":{\"@type\":\"EntryPoint\",\"urlTemplate\":\"https:\/\/beamvac.com\/?s={search_term_string}\"},\"query-input\":{\"@type\":\"PropertyValueSpecification\",\"valueRequired\":true,\"valueName\":\"search_term_string\"}}],\"inLanguage\":\"fr-FR\"}]}<\/script>\n<!-- \/ Yoast SEO plugin. -->","yoast_head_json":{"title":"Syst\u00e8me r\u00e9tractable Retraflex\u00ae - BEAM","description":"Le boyau r\u00e9tractable Retraflex\u00ae se r\u00e9tracte dans le m\u00eame r\u00e9seau de tuyauterie que celui utilis\u00e9 par votre aspirateur central, sans prendre d'espace suppl\u00e9mentaire dans les murs.","robots":{"index":"index","follow":"follow","max-snippet":"max-snippet:-1","max-image-preview":"max-image-preview:large","max-video-preview":"max-video-preview:-1"},"canonical":"https:\/\/beamvac.com\/fr\/systeme-retractable-retraflex\/","og_locale":"fr_FR","og_type":"article","og_title":"Syst\u00e8me r\u00e9tractable Retraflex\u00ae - BEAM","og_description":"Le boyau r\u00e9tractable Retraflex\u00ae se r\u00e9tracte dans le m\u00eame r\u00e9seau de tuyauterie que celui utilis\u00e9 par votre aspirateur central, sans prendre d'espace suppl\u00e9mentaire dans les murs.","og_url":"https:\/\/beamvac.com\/fr\/systeme-retractable-retraflex\/","og_site_name":"BEAM","article_modified_time":"2025-10-20T16:00:17+00:00","twitter_card":"summary_large_image","twitter_misc":{"Dur\u00e9e de lecture estim\u00e9e":"2 minutes"},"schema":{"@context":"https:\/\/schema.org","@graph":[{"@type":"WebPage","@id":"https:\/\/beamvac.com\/fr\/systeme-retractable-retraflex\/","url":"https:\/\/beamvac.com\/fr\/systeme-retractable-retraflex\/","name":"Syst\u00e8me r\u00e9tractable Retraflex\u00ae - BEAM","isPartOf":{"@id":"https:\/\/beamvac.com\/#website"},"datePublished":"2024-10-30T15:52:08+00:00","dateModified":"2025-10-20T16:00:17+00:00","description":"Le boyau r\u00e9tractable Retraflex\u00ae se r\u00e9tracte dans le m\u00eame r\u00e9seau de tuyauterie que celui utilis\u00e9 par votre aspirateur central, sans prendre d'espace suppl\u00e9mentaire dans les murs.","breadcrumb":{"@id":"https:\/\/beamvac.com\/fr\/systeme-retractable-retraflex\/#breadcrumb"},"inLanguage":"fr-FR","potentialAction":[{"@type":"ReadAction","target":["https:\/\/beamvac.com\/fr\/systeme-retractable-retraflex\/"]}]},{"@type":"BreadcrumbList","@id":"https:\/\/beamvac.com\/fr\/systeme-retractable-retraflex\/#breadcrumb","itemListElement":[{"@type":"ListItem","position":1,"name":"Home","item":"https:\/\/beamvac.com\/fr\/"},{"@type":"ListItem","position":2,"name":"Syst\u00e8me r\u00e9tractable Retraflex\u00ae"}]},{"@type":"WebSite","@id":"https:\/\/beamvac.com\/#website","url":"https:\/\/beamvac.com\/","name":"BEAM","description":"Premium Central Vacuum Systems","potentialAction":[{"@type":"SearchAction","target":{"@type":"EntryPoint","urlTemplate":"https:\/\/beamvac.com\/?s={search_term_string}"},"query-input":{"@type":"PropertyValueSpecification","valueRequired":true,"valueName":"search_term_string"}}],"inLanguage":"fr-FR"}]}},"_links":{"self":[{"href":"https:\/\/beamvac.com\/fr\/wp-json\/wp\/v2\/pages\/8843","targetHints":{"allow":["GET"]}}],"collection":[{"href":"https:\/\/beamvac.com\/fr\/wp-json\/wp\/v2\/pages"}],"about":[{"href":"https:\/\/beamvac.com\/fr\/wp-json\/wp\/v2\/types\/page"}],"author":[{"embeddable":true,"href":"https:\/\/beamvac.com\/fr\/wp-json\/wp\/v2\/users\/10"}],"replies":[{"embeddable":true,"href":"https:\/\/beamvac.com\/fr\/wp-json\/wp\/v2\/comments?post=8843"}],"version-history":[{"count":13,"href":"https:\/\/beamvac.com\/fr\/wp-json\/wp\/v2\/pages\/8843\/revisions"}],"predecessor-version":[{"id":10282,"href":"https:\/\/beamvac.com\/fr\/wp-json\/wp\/v2\/pages\/8843\/revisions\/10282"}],"wp:attachment":[{"href":"https:\/\/beamvac.com\/fr\/wp-json\/wp\/v2\/media?parent=8843"}],"curies":[{"name":"wp","href":"https:\/\/api.w.org\/{rel}","templated":true}]}}