{"id":8062,"date":"2023-03-31T15:43:18","date_gmt":"2023-03-31T19:43:18","guid":{"rendered":"https:\/\/beamvac.com\/?page_id=8062"},"modified":"2023-06-01T11:35:51","modified_gmt":"2023-06-01T15:35:51","slug":"anniversaire-de-saphir","status":"publish","type":"page","link":"https:\/\/beamvac.com\/fr\/anniversaire-de-saphir\/","title":{"rendered":"Sapphire"},"content":{"rendered":"<div class=\"wpb-content-wrapper\"><p>[vc_row full_width=\u00a0\u00bbstretch_row_content_no_spaces\u00a0\u00bb content_placement=\u00a0\u00bbmiddle\u00a0\u00bb css=\u00a0\u00bb.vc_custom_1685633744559{background-image: url(https:\/\/beamvac.com\/wp-content\/uploads\/2023\/04\/Sapphire-Celebration-4000-\u00d7-1631-px.jpg?id=8103) !important;background-position: center !important;background-repeat: no-repeat !important;background-size: cover !important;}\u00a0\u00bb el_class=\u00a0\u00bbbg-container-sapphire\u00a0\u00bb][vc_column][vc_row_inner content_placement=\u00a0\u00bbbottom\u00a0\u00bb css=\u00a0\u00bb.vc_custom_1680287981978{padding-bottom: 0px !important;}\u00a0\u00bb][vc_column_inner offset=\u00a0\u00bbvc_col-lg-6 vc_col-md-6 vc_col-sm-offset-0 vc_col-xs-6&Prime; css=\u00a0\u00bb.vc_custom_1680290010603{padding-bottom: 0px !important;}\u00a0\u00bb][\/vc_column_inner][\/vc_row_inner][\/vc_column][\/vc_row][vc_row][vc_column][vc_column_text]<\/p>\n<h1 style=\"text-align: center;\">65 ANS DE BRILLANCE, ET TOUJOURS BRILLANT<\/h1>\n<p>[\/vc_column_text][\/vc_column][\/vc_row][vc_row css=\u00a0\u00bb.vc_custom_1678055860853{background-color: #ffffff !important;}\u00a0\u00bb][vc_column][vc_column_text]<\/p>\n<p style=\"text-align: left;\">Notre parcours a \u00e9t\u00e9 long et enrichissant, et nous sommes fiers de ce que nous avons accompli. Nous sommes ravis de vous pr\u00e9senter <strong>notre aspirateur central en \u00e9dition limit\u00e9e Beam 65<sup>e<\/sup> anniversaire<\/strong> cr\u00e9\u00e9e en l\u2019honneur de notre anniversaire de saphir.<\/p>\n<p style=\"text-align: left;\">En hommage \u00e0 notre h\u00e9ritage d&rsquo;innovation et de qualit\u00e9, cette version pr\u00e9sente le meilleur de notre technologie de pointe et de notre design \u00e9l\u00e9gant. Avec seulement une quantit\u00e9 limit\u00e9e disponible, c&rsquo;est une occasion rare de d\u00e9couvrir la puissance de nettoyage sup\u00e9rieure et la durabilit\u00e9 des 65 ans d&rsquo;expertise de Beam en mati\u00e8re de fabrication d&rsquo;aspirateurs. Ne manquez pas cette version exclusive et am\u00e9liorez votre routine de nettoyage avec la meilleure technologie de l&rsquo;aspirateur central Beam !<\/p>\n<p>[\/vc_column_text][\/vc_column][\/vc_row][vc_row content_placement=\u00a0\u00bbmiddle\u00a0\u00bb][vc_column width=\u00a0\u00bb1\/3&Prime;][vc_single_image image=\u00a0\u00bb8136&Prime; img_size=\u00a0\u00bblarge\u00a0\u00bb alignment=\u00a0\u00bbcenter\u00a0\u00bb onclick=\u00a0\u00bbzoom\u00a0\u00bb][vc_column_text]*Obtenez un couvre-boyau gratuit \u00e0 l&rsquo;achat d&rsquo;un aspirateur central Beam 65e anniversaire \u00e9dition limit\u00e9e SC325 et d&rsquo;un ensemble de nettoyage Beam complet. <strong>Valeur du cadeau jusqu&rsquo;\u00e0 59,95 $.<\/strong>[\/vc_column_text][\/vc_column][vc_column width=\u00a0\u00bb2\/3&Prime;]<div class=\"smile_icon_list_wrap ult_info_list_container ult-adjust-bottom-margin  \"><ul class=\"smile_icon_list top square with_bg\"><li class=\"icon_list_item\" style=\" font-size:108px;\"><div class=\"icon_list_icon\" data-animation=\"\" data-animation-delay=\"03\" style=\"font-size:36px;border-width:1px;border-style:solid;background:#ffffff;color:#8aa9d8;border-color:rgba(138,169,216,0.01);\"><i class=\"Defaults-home\" ><\/i><\/div><div class=\"icon_description\" id=\"Info-list-wrap-2780\" style=\"font-size:36px;\"><h3 class=\"ult-responsive info-list-heading\"  data-ultimate-target='#Info-list-wrap-2780 h3'  data-responsive-json-new='{\"font-size\":\"desktop:16px;\",\"line-height\":\"desktop:24px;\"}'  style=\"\">Nettoyage puissant de toute la maison<\/h3><div class=\"icon_description_text ult-responsive\"  data-ultimate-target='#Info-list-wrap-2780 .icon_description_text'  data-responsive-json-new='{\"font-size\":\"desktop:13px;\",\"line-height\":\"desktop:18px;\"}'  style=\"\"><p>Con\u00e7ue pour les maisons en rang\u00e9e et les condos, cet aspirateur central de 650 airwatts offre une puissance suffisante pour nettoyer une superficie pouvant aller jusqu\u2019\u00e0 2 438 m2 (8 000 pi2).<\/p>\n<\/div><\/div><div class=\"icon_list_connector\" data-animation=\"fadeInLeft\" data-animation-delay=\"03\" style=\"border: none !important;\"><\/div><\/li><li class=\"icon_list_item\" style=\" font-size:108px;\"><div class=\"icon_list_icon\" data-animation=\"\" data-animation-delay=\"03\" style=\"font-size:36px;border-width:1px;border-style:solid;background:#ffffff;color:#8aa9d8;border-color:rgba(138,169,216,0.01);\"><i class=\"Defaults-thumbs-o-up\" ><\/i><\/div><div class=\"icon_description\" id=\"Info-list-wrap-8949\" style=\"font-size:36px;\"><h3 class=\"ult-responsive info-list-heading\"  data-ultimate-target='#Info-list-wrap-8949 h3'  data-responsive-json-new='{\"font-size\":\"desktop:16px;\",\"line-height\":\"desktop:24px;\"}'  style=\"\">Filtre autonettoyant<\/h3><div class=\"icon_description_text ult-responsive\"  data-ultimate-target='#Info-list-wrap-8949 .icon_description_text'  data-responsive-json-new='{\"font-size\":\"desktop:13px;\",\"line-height\":\"desktop:18px;\"}'  style=\"\"><p>Vous n\u2019aurez jamais \u00e0 nettoyer votre filtre. Le filtre autonettoyant Gore se nettoie de lui-m\u00eame chaque fois que vous \u00e9teignez votre aspirateur.<\/p>\n<\/div><\/div><div class=\"icon_list_connector\" data-animation=\"fadeInLeft\" data-animation-delay=\"03\" style=\"border: none !important;\"><\/div><\/li><li class=\"icon_list_item\" style=\" font-size:108px;\"><div class=\"icon_list_icon\" data-animation=\"\" data-animation-delay=\"03\" style=\"font-size:36px;border-width:1px;border-style:solid;background:#ffffff;color:#8aa9d8;border-color:rgba(138,169,216,0.01);\"><i class=\"Defaults-cog gear\" ><\/i><\/div><div class=\"icon_description\" id=\"Info-list-wrap-1031\" style=\"font-size:36px;\"><h3 class=\"ult-responsive info-list-heading\"  data-ultimate-target='#Info-list-wrap-1031 h3'  data-responsive-json-new='{\"font-size\":\"desktop:16px;\",\"line-height\":\"desktop:24px;\"}'  style=\"\">Prise de service<\/h3><div class=\"icon_description_text ult-responsive\"  data-ultimate-target='#Info-list-wrap-1031 .icon_description_text'  data-responsive-json-new='{\"font-size\":\"desktop:13px;\",\"line-height\":\"desktop:18px;\"}'  style=\"\"><p>Tr\u00e8s pratique \u2013 vous pouvez passer l\u2019aspirateur dans votre voiture ou nettoyer votre sous-sol ou garage en branchant un boyau directement dans la prise de service de l\u2019unit\u00e9 motrice.<\/p>\n<\/div><\/div><div class=\"icon_list_connector\" data-animation=\"fadeInLeft\" data-animation-delay=\"03\" style=\"border: none !important;\"><\/div><\/li><\/ul><\/div><div class=\"smile_icon_list_wrap ult_info_list_container ult-adjust-bottom-margin  \"><ul class=\"smile_icon_list top square with_bg\"><li class=\"icon_list_item\" style=\" font-size:108px;\"><div class=\"icon_list_icon\" data-animation=\"\" data-animation-delay=\"03\" style=\"font-size:36px;border-width:1px;border-style:solid;background:#ffffff;color:#8aa9d8;border-color:rgba(138,169,216,0.01);\"><i class=\"Defaults-headphones\" ><\/i><\/div><div class=\"icon_description\" id=\"Info-list-wrap-9254\" style=\"font-size:36px;\"><h3 class=\"ult-responsive info-list-heading\"  data-ultimate-target='#Info-list-wrap-9254 h3'  data-responsive-json-new='{\"font-size\":\"desktop:16px;\",\"line-height\":\"desktop:24px;\"}'  style=\"\">Syst\u00e8me d\u2019insonorisation Quiet Pak\u2122<\/h3><div class=\"icon_description_text ult-responsive\"  data-ultimate-target='#Info-list-wrap-9254 .icon_description_text'  data-responsive-json-new='{\"font-size\":\"desktop:13px;\",\"line-height\":\"desktop:18px;\"}'  style=\"\"><p>BEAM est l\u2019un des aspirateurs centraux les plus silencieux de l\u2019industrie.<\/p>\n<\/div><\/div><div class=\"icon_list_connector\" data-animation=\"fadeInLeft\" data-animation-delay=\"03\" style=\"border: none !important;\"><\/div><\/li><li class=\"icon_list_item\" style=\" font-size:108px;\"><div class=\"icon_list_icon\" data-animation=\"\" data-animation-delay=\"03\" style=\"font-size:36px;border-width:1px;border-style:solid;background:#ffffff;color:#8aa9d8;border-color:rgba(138,169,216,0.01);\"><i class=\"Defaults-close remove times\" ><\/i><\/div><div class=\"icon_description\" id=\"Info-list-wrap-3273\" style=\"font-size:36px;\"><h3 class=\"ult-responsive info-list-heading\"  data-ultimate-target='#Info-list-wrap-3273 h3'  data-responsive-json-new='{\"font-size\":\"desktop:16px;\",\"line-height\":\"desktop:24px;\"}'  style=\"\">Syst\u00e8me de montage anti-vibrations<\/h3><div class=\"icon_description_text ult-responsive\"  data-ultimate-target='#Info-list-wrap-3273 .icon_description_text'  data-responsive-json-new='{\"font-size\":\"desktop:13px;\",\"line-height\":\"desktop:18px;\"}'  style=\"\"><p>Le syst\u00e8me de montage anti-vibrations maintient l\u2019appareil en place pour un fonctionnement silencieux n\u00e9cessitant peu d\u2019entretien.<\/p>\n<\/div><\/div><div class=\"icon_list_connector\" data-animation=\"fadeInLeft\" data-animation-delay=\"03\" style=\"border: none !important;\"><\/div><\/li><li class=\"icon_list_item\" style=\" font-size:108px;\"><div class=\"icon_list_icon\" data-animation=\"\" data-animation-delay=\"03\" style=\"font-size:36px;border-width:1px;border-style:solid;background:#ffffff;color:#8aa9d8;border-color:rgba(138,169,216,0.01);\"><i class=\"Defaults-lock\" ><\/i><\/div><div class=\"icon_description\" id=\"Info-list-wrap-9521\" style=\"font-size:36px;\"><h3 class=\"ult-responsive info-list-heading\"  data-ultimate-target='#Info-list-wrap-9521 h3'  data-responsive-json-new='{\"font-size\":\"desktop:16px;\",\"line-height\":\"desktop:24px;\"}'  style=\"\">Cuve \u00e0 verrouillage par rotation<\/h3><div class=\"icon_description_text ult-responsive\"  data-ultimate-target='#Info-list-wrap-9521 .icon_description_text'  data-responsive-json-new='{\"font-size\":\"desktop:13px;\",\"line-height\":\"desktop:18px;\"}'  style=\"\"><p>La cuve \u00e0 verrouillage par rotation est facile \u00e0 retirer, vider et replacer.<\/p>\n<\/div><\/div><div class=\"icon_list_connector\" data-animation=\"fadeInLeft\" data-animation-delay=\"03\" style=\"border: none !important;\"><\/div><\/li><\/ul><\/div>[vc_btn title=\u00a0\u00bbVoir le produit\u00a0\u00bb style=\u00a0\u00bboutline-custom\u00a0\u00bb outline_custom_color=\u00a0\u00bb#8baad8&Prime; outline_custom_hover_background=\u00a0\u00bb#666666&Prime; outline_custom_hover_text=\u00a0\u00bb#ffffff\u00a0\u00bb shape=\u00a0\u00bbsquare\u00a0\u00bb size=\u00a0\u00bblg\u00a0\u00bb align=\u00a0\u00bbcenter\u00a0\u00bb link=\u00a0\u00bburl:https%3A%2F%2Fbeamvac.com%2Ffr%2Fproduct%2Funite-motrice-beam-edition-limitee-65e-anniversaire-sc325%2F|title:Aspirateur%20central%20Beam%20%C3%A9dition%20limit%C3%A9e%2065e%20anniversaire%20SC325|target:%20_blank|\u00a0\u00bb css=\u00a0\u00bb.vc_custom_1685633595942{background-color: #ffffff !important;border-radius: 3px !important;}\u00a0\u00bb][\/vc_column][\/vc_row][vc_row][vc_column][vc_empty_space][\/vc_column][\/vc_row][vc_row full_width=\u00a0\u00bbstretch_row\u00a0\u00bb content_placement=\u00a0\u00bbmiddle\u00a0\u00bb css=\u00a0\u00bb.vc_custom_1678730367301{background-color: #e0e0e0 !important;}\u00a0\u00bb][vc_column][vc_column_text]<\/p>\n<h3 style=\"text-align: center;\">N&rsquo;h\u00e9sitez pas \u00e0 contacter votre d\u00e9taillant local d\u00e8s aujourd&rsquo;hui pour conna\u00eetre les forfaits disponibles et le prix !<\/h3>\n<p>[\/vc_column_text][vc_column_text]<style>\r\n\t#wpsl-stores, #wpsl-direction-details, #wpsl-gmap {height:400px !important;}\r\n\t#wpsl-gmap .wpsl-info-window {max-width:225px !important;}\r\n\t.wpsl-input label, #wpsl-radius label, #wpsl-category label {width:95px;}\r\n\t#wpsl-search-input  {width:179px;}\r\n<\/style>\r\n<div id=\"wpsl-wrap\">\r\n\t<div class=\"wpsl-search wpsl-clearfix \">\r\n\t\t<div id=\"wpsl-search-wrap\">\r\n\t\t\t<form autocomplete=\"off\">\r\n\t\t\t<div class=\"wpsl-input\">\r\n\t\t\t\t<div><label for=\"wpsl-search-input\">Votre position<\/label><\/div>\r\n\t\t\t\t<input id=\"wpsl-search-input\" type=\"text\" value=\"\" name=\"wpsl-search-input\" placeholder=\"\" aria-required=\"true\" \/>\r\n\t\t\t<\/div>\r\n\t\t\t<div class=\"wpsl-select-wrap\">\r\n\t\t\t\t<div id=\"wpsl-radius\">\r\n\t\t\t\t\t<label for=\"wpsl-radius-dropdown\">Search radius<\/label>\r\n\t\t\t\t\t<select id=\"wpsl-radius-dropdown\" class=\"wpsl-dropdown\" name=\"wpsl-radius\">\r\n\t\t\t\t\t\t<option value=\"10\">10 km<\/option><option value=\"25\">25 km<\/option><option selected=\"selected\" value=\"50\">50 km<\/option><option value=\"100\">100 km<\/option><option value=\"200\">200 km<\/option><option value=\"500\">500 km<\/option>\r\n\t\t\t\t\t<\/select>\r\n\t\t\t\t<\/div>\r\n\t\t\t\t<div id=\"wpsl-results\">\r\n\t\t\t\t\t<label for=\"wpsl-results-dropdown\">Results<\/label>\r\n\t\t\t\t\t<select id=\"wpsl-results-dropdown\" class=\"wpsl-dropdown\" name=\"wpsl-results\">\r\n\t\t\t\t\t\t<option selected=\"selected\" value=\"25\">25<\/option><option value=\"50\">50<\/option><option value=\"75\">75<\/option><option value=\"100\">100<\/option>\r\n\t\t\t\t\t<\/select>\r\n\t\t\t\t<\/div>\r\n\t\t\t<\/div>\r\n\t\t\t\t<div class=\"wpsl-search-btn-wrap\"><input id=\"wpsl-search-btn\" type=\"submit\" value=\"Search\"><\/div>\r\n\t\t<\/form>\r\n\t\t<\/div>\r\n\t<\/div>\r\n\t<div id=\"wpsl-gmap\" class=\"wpsl-gmap-canvas\"><\/div>\r\n\t<div id=\"wpsl-result-list\">\r\n\t\t<div id=\"wpsl-stores\" >\r\n\t\t\t<ul><\/ul>\r\n\t\t<\/div>\r\n\t\t<div id=\"wpsl-direction-details\">\r\n\t\t\t<ul><\/ul>\r\n\t\t<\/div>\r\n\t<\/div>\r\n<\/div>\r\n.[\/vc_column_text][\/vc_column][\/vc_row][vc_row full_width=\u00a0\u00bbstretch_row\u00a0\u00bb content_placement=\u00a0\u00bbmiddle\u00a0\u00bb css=\u00a0\u00bb.vc_custom_1680289347285{background-color: #ffffff !important;}\u00a0\u00bb][vc_column width=\u00a0\u00bb2\/3&Prime;][vc_single_image image=\u00a0\u00bb7650&Prime; img_size=\u00a0\u00bblarge\u00a0\u00bb alignment=\u00a0\u00bbcenter\u00a0\u00bb onclick=\u00a0\u00bbzoom\u00a0\u00bb][\/vc_column][vc_column width=\u00a0\u00bb1\/3&Prime;][vc_column_text]<\/p>\n<h2 class=\"vc_custom_heading\">UN BREF HISTORIQUE<\/h2>\n<div class=\"wpb_text_column wpb_content_element \">\n<div class=\"wpb_wrapper\">\n<p>En 1957, BEAM Manufacturing Company a d\u00e9cid\u00e9 de se concentrer uniquement sur les syst\u00e8mes centraux d\u2019aspiration et, au cours des 65 ann\u00e9es suivantes, elle est devenue le chef de file incontest\u00e9 de la technologie et du march\u00e9 dans l\u2019industrie des aspirateurs centraux.<\/p>\n<p><strong>UN CHEF DE FILE MONDIAL<\/strong><\/p>\n<p>Actuellement, BEAM est vendu dans plus de 50 pays et est une v\u00e9ritable marque mondiale. BEAM s&rsquo;engage \u00e0 fournir la meilleure solution de nettoyage pour les maisons du monde entier. Hier, aujourd&rsquo;hui et demain\u2026..!<\/p><\/div>\n<\/div>\n<p>[\/vc_column_text][\/vc_column][\/vc_row]<\/p>\n<\/div>","protected":false},"excerpt":{"rendered":"<p>[vc_row full_width=\u00a0\u00bbstretch_row_content_no_spaces\u00a0\u00bb content_placement=\u00a0\u00bbmiddle\u00a0\u00bb css=\u00a0\u00bb.vc_custom_1685633744559{background-image: url(https:\/\/beamvac.com\/wp-content\/uploads\/2023\/04\/Sapphire-Celebration-4000-\u00d7-1631-px.jpg?id=8103) !important;background-position: center !important;background-repeat: no-repeat !important;background-size: cover !important;}\u00a0\u00bb el_class=\u00a0\u00bbbg-container-sapphire\u00a0\u00bb][vc_column][vc_row_inner content_placement=\u00a0\u00bbbottom\u00a0\u00bb css=\u00a0\u00bb.vc_custom_1680287981978{padding-bottom: 0px !important;}\u00a0\u00bb][vc_column_inner offset=\u00a0\u00bbvc_col-lg-6 vc_col-md-6 vc_col-sm-offset-0 vc_col-xs-6&Prime; css=\u00a0\u00bb.vc_custom_1680290010603{padding-bottom: 0px !important;}\u00a0\u00bb][\/vc_column_inner][\/vc_row_inner][\/vc_column][\/vc_row][vc_row][vc_column][vc_column_text] 65 ANS DE BRILLANCE, ET TOUJOURS BRILLANT [\/vc_column_text][\/vc_column][\/vc_row][vc_row css=\u00a0\u00bb.vc_custom_1678055860853{background-color: #ffffff !important;}\u00a0\u00bb][vc_column][vc_column_text] Notre parcours a \u00e9t\u00e9 long et enrichissant, et nous sommes fiers de ce que nous avons accompli. Nous sommes ravis [&hellip;]<\/p>\n","protected":false},"author":6,"featured_media":0,"parent":0,"menu_order":0,"comment_status":"closed","ping_status":"closed","template":"","meta":{"footnotes":""},"class_list":["post-8062","page","type-page","status-publish","hentry"],"yoast_head":"<!-- This site is optimized with the Yoast SEO plugin v26.9 - https:\/\/yoast.com\/product\/yoast-seo-wordpress\/ -->\n<title>Sapphire - BEAM<\/title>\n<meta name=\"robots\" content=\"index, follow, max-snippet:-1, max-image-preview:large, max-video-preview:-1\" \/>\n<link rel=\"canonical\" href=\"https:\/\/beamvac.com\/fr\/anniversaire-de-saphir\/\" \/>\n<meta property=\"og:locale\" content=\"fr_FR\" \/>\n<meta property=\"og:type\" content=\"article\" \/>\n<meta property=\"og:title\" content=\"Sapphire - BEAM\" \/>\n<meta property=\"og:description\" content=\"[vc_row full_width=\u00a0\u00bbstretch_row_content_no_spaces\u00a0\u00bb content_placement=\u00a0\u00bbmiddle\u00a0\u00bb css=\u00a0\u00bb.vc_custom_1685633744559{background-image: url(https:\/\/beamvac.com\/wp-content\/uploads\/2023\/04\/Sapphire-Celebration-4000-\u00d7-1631-px.jpg?id=8103) !important;background-position: center !important;background-repeat: no-repeat !important;background-size: cover !important;}\u00a0\u00bb el_class=\u00a0\u00bbbg-container-sapphire\u00a0\u00bb][vc_column][vc_row_inner content_placement=\u00a0\u00bbbottom\u00a0\u00bb css=\u00a0\u00bb.vc_custom_1680287981978{padding-bottom: 0px !important;}\u00a0\u00bb][vc_column_inner offset=\u00a0\u00bbvc_col-lg-6 vc_col-md-6 vc_col-sm-offset-0 vc_col-xs-6&Prime; css=\u00a0\u00bb.vc_custom_1680290010603{padding-bottom: 0px !important;}\u00a0\u00bb][\/vc_column_inner][\/vc_row_inner][\/vc_column][\/vc_row][vc_row][vc_column][vc_column_text] 65 ANS DE BRILLANCE, ET TOUJOURS BRILLANT [\/vc_column_text][\/vc_column][\/vc_row][vc_row css=\u00a0\u00bb.vc_custom_1678055860853{background-color: #ffffff !important;}\u00a0\u00bb][vc_column][vc_column_text] Notre parcours a \u00e9t\u00e9 long et enrichissant, et nous sommes fiers de ce que nous avons accompli. Nous sommes ravis [&hellip;]\" \/>\n<meta property=\"og:url\" content=\"https:\/\/beamvac.com\/fr\/anniversaire-de-saphir\/\" \/>\n<meta property=\"og:site_name\" content=\"BEAM\" \/>\n<meta property=\"article:modified_time\" content=\"2023-06-01T15:35:51+00:00\" \/>\n<meta name=\"twitter:card\" content=\"summary_large_image\" \/>\n<meta name=\"twitter:label1\" content=\"Dur\u00e9e de lecture estim\u00e9e\" \/>\n\t<meta name=\"twitter:data1\" content=\"4 minutes\" \/>\n<script type=\"application\/ld+json\" class=\"yoast-schema-graph\">{\"@context\":\"https:\/\/schema.org\",\"@graph\":[{\"@type\":\"WebPage\",\"@id\":\"https:\/\/beamvac.com\/fr\/anniversaire-de-saphir\/\",\"url\":\"https:\/\/beamvac.com\/fr\/anniversaire-de-saphir\/\",\"name\":\"Sapphire - BEAM\",\"isPartOf\":{\"@id\":\"https:\/\/beamvac.com\/#website\"},\"datePublished\":\"2023-03-31T19:43:18+00:00\",\"dateModified\":\"2023-06-01T15:35:51+00:00\",\"breadcrumb\":{\"@id\":\"https:\/\/beamvac.com\/fr\/anniversaire-de-saphir\/#breadcrumb\"},\"inLanguage\":\"fr-FR\",\"potentialAction\":[{\"@type\":\"ReadAction\",\"target\":[\"https:\/\/beamvac.com\/fr\/anniversaire-de-saphir\/\"]}]},{\"@type\":\"BreadcrumbList\",\"@id\":\"https:\/\/beamvac.com\/fr\/anniversaire-de-saphir\/#breadcrumb\",\"itemListElement\":[{\"@type\":\"ListItem\",\"position\":1,\"name\":\"Home\",\"item\":\"https:\/\/beamvac.com\/fr\/\"},{\"@type\":\"ListItem\",\"position\":2,\"name\":\"Sapphire\"}]},{\"@type\":\"WebSite\",\"@id\":\"https:\/\/beamvac.com\/#website\",\"url\":\"https:\/\/beamvac.com\/\",\"name\":\"BEAM\",\"description\":\"Premium Central Vacuum Systems\",\"potentialAction\":[{\"@type\":\"SearchAction\",\"target\":{\"@type\":\"EntryPoint\",\"urlTemplate\":\"https:\/\/beamvac.com\/?s={search_term_string}\"},\"query-input\":{\"@type\":\"PropertyValueSpecification\",\"valueRequired\":true,\"valueName\":\"search_term_string\"}}],\"inLanguage\":\"fr-FR\"}]}<\/script>\n<!-- \/ Yoast SEO plugin. -->","yoast_head_json":{"title":"Sapphire - BEAM","robots":{"index":"index","follow":"follow","max-snippet":"max-snippet:-1","max-image-preview":"max-image-preview:large","max-video-preview":"max-video-preview:-1"},"canonical":"https:\/\/beamvac.com\/fr\/anniversaire-de-saphir\/","og_locale":"fr_FR","og_type":"article","og_title":"Sapphire - BEAM","og_description":"[vc_row full_width=\u00a0\u00bbstretch_row_content_no_spaces\u00a0\u00bb content_placement=\u00a0\u00bbmiddle\u00a0\u00bb css=\u00a0\u00bb.vc_custom_1685633744559{background-image: url(https:\/\/beamvac.com\/wp-content\/uploads\/2023\/04\/Sapphire-Celebration-4000-\u00d7-1631-px.jpg?id=8103) !important;background-position: center !important;background-repeat: no-repeat !important;background-size: cover !important;}\u00a0\u00bb el_class=\u00a0\u00bbbg-container-sapphire\u00a0\u00bb][vc_column][vc_row_inner content_placement=\u00a0\u00bbbottom\u00a0\u00bb css=\u00a0\u00bb.vc_custom_1680287981978{padding-bottom: 0px !important;}\u00a0\u00bb][vc_column_inner offset=\u00a0\u00bbvc_col-lg-6 vc_col-md-6 vc_col-sm-offset-0 vc_col-xs-6&Prime; css=\u00a0\u00bb.vc_custom_1680290010603{padding-bottom: 0px !important;}\u00a0\u00bb][\/vc_column_inner][\/vc_row_inner][\/vc_column][\/vc_row][vc_row][vc_column][vc_column_text] 65 ANS DE BRILLANCE, ET TOUJOURS BRILLANT [\/vc_column_text][\/vc_column][\/vc_row][vc_row css=\u00a0\u00bb.vc_custom_1678055860853{background-color: #ffffff !important;}\u00a0\u00bb][vc_column][vc_column_text] Notre parcours a \u00e9t\u00e9 long et enrichissant, et nous sommes fiers de ce que nous avons accompli. Nous sommes ravis [&hellip;]","og_url":"https:\/\/beamvac.com\/fr\/anniversaire-de-saphir\/","og_site_name":"BEAM","article_modified_time":"2023-06-01T15:35:51+00:00","twitter_card":"summary_large_image","twitter_misc":{"Dur\u00e9e de lecture estim\u00e9e":"4 minutes"},"schema":{"@context":"https:\/\/schema.org","@graph":[{"@type":"WebPage","@id":"https:\/\/beamvac.com\/fr\/anniversaire-de-saphir\/","url":"https:\/\/beamvac.com\/fr\/anniversaire-de-saphir\/","name":"Sapphire - BEAM","isPartOf":{"@id":"https:\/\/beamvac.com\/#website"},"datePublished":"2023-03-31T19:43:18+00:00","dateModified":"2023-06-01T15:35:51+00:00","breadcrumb":{"@id":"https:\/\/beamvac.com\/fr\/anniversaire-de-saphir\/#breadcrumb"},"inLanguage":"fr-FR","potentialAction":[{"@type":"ReadAction","target":["https:\/\/beamvac.com\/fr\/anniversaire-de-saphir\/"]}]},{"@type":"BreadcrumbList","@id":"https:\/\/beamvac.com\/fr\/anniversaire-de-saphir\/#breadcrumb","itemListElement":[{"@type":"ListItem","position":1,"name":"Home","item":"https:\/\/beamvac.com\/fr\/"},{"@type":"ListItem","position":2,"name":"Sapphire"}]},{"@type":"WebSite","@id":"https:\/\/beamvac.com\/#website","url":"https:\/\/beamvac.com\/","name":"BEAM","description":"Premium Central Vacuum Systems","potentialAction":[{"@type":"SearchAction","target":{"@type":"EntryPoint","urlTemplate":"https:\/\/beamvac.com\/?s={search_term_string}"},"query-input":{"@type":"PropertyValueSpecification","valueRequired":true,"valueName":"search_term_string"}}],"inLanguage":"fr-FR"}]}},"_links":{"self":[{"href":"https:\/\/beamvac.com\/fr\/wp-json\/wp\/v2\/pages\/8062","targetHints":{"allow":["GET"]}}],"collection":[{"href":"https:\/\/beamvac.com\/fr\/wp-json\/wp\/v2\/pages"}],"about":[{"href":"https:\/\/beamvac.com\/fr\/wp-json\/wp\/v2\/types\/page"}],"author":[{"embeddable":true,"href":"https:\/\/beamvac.com\/fr\/wp-json\/wp\/v2\/users\/6"}],"replies":[{"embeddable":true,"href":"https:\/\/beamvac.com\/fr\/wp-json\/wp\/v2\/comments?post=8062"}],"version-history":[{"count":23,"href":"https:\/\/beamvac.com\/fr\/wp-json\/wp\/v2\/pages\/8062\/revisions"}],"predecessor-version":[{"id":8172,"href":"https:\/\/beamvac.com\/fr\/wp-json\/wp\/v2\/pages\/8062\/revisions\/8172"}],"wp:attachment":[{"href":"https:\/\/beamvac.com\/fr\/wp-json\/wp\/v2\/media?parent=8062"}],"curies":[{"name":"wp","href":"https:\/\/api.w.org\/{rel}","templated":true}]}}