{"id":4369,"date":"2019-02-11T10:05:30","date_gmt":"2019-02-11T10:05:30","guid":{"rendered":"https:\/\/beamvac.com\/?page_id=4369"},"modified":"2024-08-20T09:48:27","modified_gmt":"2024-08-20T13:48:27","slug":"enregistrement-du-produit","status":"publish","type":"page","link":"https:\/\/beamvac.com\/fr\/enregistrement-du-produit\/","title":{"rendered":"Enregistrement du produit"},"content":{"rendered":"<div class=\"wpb-content-wrapper\"><p>[vc_row][vc_column][vc_custom_heading text=\u00a0\u00bbEnregistrement du produit\u00a0\u00bb font_container=\u00a0\u00bbtag:h1|text_align:left\u00a0\u00bb use_theme_fonts=\u00a0\u00bbyes\u00a0\u00bb][vc_column_text]<\/p>\n<h4>Parlez-nous de vous<\/h4>\n<p>Conservez toutes les preuves de paiement (facture ou contrat de vente\/bon de livraison). La date apparaissant sur ces documents sert \u00e0 \u00e9tablir la p\u00e9riode de garantie. Advenant le cas o\u00f9 un service au titre de la garantie serait requis, vous devrez fournir la preuve d\u2019achat. Si la preuve d\u2019achat ne peut \u00eatre fournie, la p\u00e9riode de garantie sera \u00e9tablie \u00e0 compter de la date de fabrication du produit.<\/p>\n<p>Conservez toutes les preuves de paiement (facture ou contrat de vente\/bon de livraison). Enregistrez vos produits en remplissant le formulaire ci-dessous afin que nous puissions vous joindre advenant un rappel de produits.[\/vc_column_text][\/vc_column][\/vc_row][vc_row][vc_column width=\u00a0\u00bb1\/4&Prime;][\/vc_column][vc_column width=\u00a0\u00bb1\/2&Prime;][vc_raw_html]JTIwJTBBJTIwJTA5JTBBJTNDc2NyaXB0JTIwY2hhcnNldCUzRCUyMnV0Zi04JTIyJTIwdHlwZSUzRCUyMnRleHQlMkZqYXZhc2NyaXB0JTIyJTIwc3JjJTNEJTIyJTJGJTJGanMuaHNmb3Jtcy5uZXQlMkZmb3JtcyUyRmVtYmVkJTJGdjIuanMlMjIlM0UlM0MlMkZzY3JpcHQlM0UlMEElM0NzY3JpcHQlM0UlMEElMjAlMjBoYnNwdC5mb3Jtcy5jcmVhdGUlMjglN0IlMEElMjAlMjAlMjAlMjByZWdpb24lM0ElMjAlMjJuYTElMjIlMkMlMEElMjAlMjAlMjAlMjBwb3J0YWxJZCUzQSUyMCUyMjc1NDg0NzUlMjIlMkMlMEElMjAlMjAlMjAlMjBmb3JtSWQlM0ElMjAlMjJjZjNiZGYwNy0wOThiLTQ4MTUtODgzNy0zOTA3ZTZhZjgyNWQlMjIlMEElMjAlMjAlN0QlMjklM0IlMEElM0MlMkZzY3JpcHQlM0U=[\/vc_raw_html][\/vc_column][vc_column width=\u00a0\u00bb1\/4&Prime;][\/vc_column][\/vc_row]<\/p>\n<\/div>","protected":false},"excerpt":{"rendered":"<p>[vc_row][vc_column][vc_custom_heading text=\u00a0\u00bbEnregistrement du produit\u00a0\u00bb font_container=\u00a0\u00bbtag:h1|text_align:left\u00a0\u00bb use_theme_fonts=\u00a0\u00bbyes\u00a0\u00bb][vc_column_text] Parlez-nous de vous Conservez toutes les preuves de paiement (facture ou contrat de vente\/bon de livraison). La date apparaissant sur ces documents sert \u00e0 \u00e9tablir la p\u00e9riode de garantie. Advenant le cas o\u00f9 un service au titre de la garantie serait requis, vous devrez fournir la preuve d\u2019achat. Si [&hellip;]<\/p>\n","protected":false},"author":1,"featured_media":0,"parent":0,"menu_order":0,"comment_status":"closed","ping_status":"closed","template":"","meta":{"footnotes":""},"class_list":["post-4369","page","type-page","status-publish","hentry"],"yoast_head":"<!-- This site is optimized with the Yoast SEO plugin v26.9 - https:\/\/yoast.com\/product\/yoast-seo-wordpress\/ -->\n<title>Enregistrement du produit<\/title>\n<meta name=\"description\" content=\"Conservez toutes les preuves de paiement puisque la date apparaissant sur ces documents sert \u00e0 \u00e9tablir la p\u00e9riode de garantie. Advenant le cas o\u00f9 un service au titre de la garantie serait requis, vous devrez fournir la preuve d\u2019achat.\" \/>\n<meta name=\"robots\" content=\"index, follow, max-snippet:-1, max-image-preview:large, max-video-preview:-1\" \/>\n<link rel=\"canonical\" href=\"https:\/\/beamvac.com\/fr\/enregistrement-du-produit\/\" \/>\n<meta property=\"og:locale\" content=\"fr_FR\" \/>\n<meta property=\"og:type\" content=\"article\" \/>\n<meta property=\"og:title\" content=\"Enregistrement du produit\" \/>\n<meta property=\"og:description\" content=\"Conservez toutes les preuves de paiement puisque la date apparaissant sur ces documents sert \u00e0 \u00e9tablir la p\u00e9riode de garantie. Advenant le cas o\u00f9 un service au titre de la garantie serait requis, vous devrez fournir la preuve d\u2019achat.\" \/>\n<meta property=\"og:url\" content=\"https:\/\/beamvac.com\/fr\/enregistrement-du-produit\/\" \/>\n<meta property=\"og:site_name\" content=\"BEAM\" \/>\n<meta property=\"article:modified_time\" content=\"2024-08-20T13:48:27+00:00\" \/>\n<meta name=\"twitter:card\" content=\"summary_large_image\" \/>\n<meta name=\"twitter:label1\" content=\"Dur\u00e9e de lecture estim\u00e9e\" \/>\n\t<meta name=\"twitter:data1\" content=\"1 minute\" \/>\n<script type=\"application\/ld+json\" class=\"yoast-schema-graph\">{\"@context\":\"https:\/\/schema.org\",\"@graph\":[{\"@type\":\"WebPage\",\"@id\":\"https:\/\/beamvac.com\/fr\/enregistrement-du-produit\/\",\"url\":\"https:\/\/beamvac.com\/fr\/enregistrement-du-produit\/\",\"name\":\"Enregistrement du produit\",\"isPartOf\":{\"@id\":\"https:\/\/beamvac.com\/#website\"},\"datePublished\":\"2019-02-11T10:05:30+00:00\",\"dateModified\":\"2024-08-20T13:48:27+00:00\",\"description\":\"Conservez toutes les preuves de paiement puisque la date apparaissant sur ces documents sert \u00e0 \u00e9tablir la p\u00e9riode de garantie. Advenant le cas o\u00f9 un service au titre de la garantie serait requis, vous devrez fournir la preuve d\u2019achat.\",\"breadcrumb\":{\"@id\":\"https:\/\/beamvac.com\/fr\/enregistrement-du-produit\/#breadcrumb\"},\"inLanguage\":\"fr-FR\",\"potentialAction\":[{\"@type\":\"ReadAction\",\"target\":[\"https:\/\/beamvac.com\/fr\/enregistrement-du-produit\/\"]}]},{\"@type\":\"BreadcrumbList\",\"@id\":\"https:\/\/beamvac.com\/fr\/enregistrement-du-produit\/#breadcrumb\",\"itemListElement\":[{\"@type\":\"ListItem\",\"position\":1,\"name\":\"Home\",\"item\":\"https:\/\/beamvac.com\/fr\/\"},{\"@type\":\"ListItem\",\"position\":2,\"name\":\"Enregistrement du produit\"}]},{\"@type\":\"WebSite\",\"@id\":\"https:\/\/beamvac.com\/#website\",\"url\":\"https:\/\/beamvac.com\/\",\"name\":\"BEAM\",\"description\":\"Premium Central Vacuum Systems\",\"potentialAction\":[{\"@type\":\"SearchAction\",\"target\":{\"@type\":\"EntryPoint\",\"urlTemplate\":\"https:\/\/beamvac.com\/?s={search_term_string}\"},\"query-input\":{\"@type\":\"PropertyValueSpecification\",\"valueRequired\":true,\"valueName\":\"search_term_string\"}}],\"inLanguage\":\"fr-FR\"}]}<\/script>\n<!-- \/ Yoast SEO plugin. -->","yoast_head_json":{"title":"Enregistrement du produit","description":"Conservez toutes les preuves de paiement puisque la date apparaissant sur ces documents sert \u00e0 \u00e9tablir la p\u00e9riode de garantie. Advenant le cas o\u00f9 un service au titre de la garantie serait requis, vous devrez fournir la preuve d\u2019achat.","robots":{"index":"index","follow":"follow","max-snippet":"max-snippet:-1","max-image-preview":"max-image-preview:large","max-video-preview":"max-video-preview:-1"},"canonical":"https:\/\/beamvac.com\/fr\/enregistrement-du-produit\/","og_locale":"fr_FR","og_type":"article","og_title":"Enregistrement du produit","og_description":"Conservez toutes les preuves de paiement puisque la date apparaissant sur ces documents sert \u00e0 \u00e9tablir la p\u00e9riode de garantie. Advenant le cas o\u00f9 un service au titre de la garantie serait requis, vous devrez fournir la preuve d\u2019achat.","og_url":"https:\/\/beamvac.com\/fr\/enregistrement-du-produit\/","og_site_name":"BEAM","article_modified_time":"2024-08-20T13:48:27+00:00","twitter_card":"summary_large_image","twitter_misc":{"Dur\u00e9e de lecture estim\u00e9e":"1 minute"},"schema":{"@context":"https:\/\/schema.org","@graph":[{"@type":"WebPage","@id":"https:\/\/beamvac.com\/fr\/enregistrement-du-produit\/","url":"https:\/\/beamvac.com\/fr\/enregistrement-du-produit\/","name":"Enregistrement du produit","isPartOf":{"@id":"https:\/\/beamvac.com\/#website"},"datePublished":"2019-02-11T10:05:30+00:00","dateModified":"2024-08-20T13:48:27+00:00","description":"Conservez toutes les preuves de paiement puisque la date apparaissant sur ces documents sert \u00e0 \u00e9tablir la p\u00e9riode de garantie. Advenant le cas o\u00f9 un service au titre de la garantie serait requis, vous devrez fournir la preuve d\u2019achat.","breadcrumb":{"@id":"https:\/\/beamvac.com\/fr\/enregistrement-du-produit\/#breadcrumb"},"inLanguage":"fr-FR","potentialAction":[{"@type":"ReadAction","target":["https:\/\/beamvac.com\/fr\/enregistrement-du-produit\/"]}]},{"@type":"BreadcrumbList","@id":"https:\/\/beamvac.com\/fr\/enregistrement-du-produit\/#breadcrumb","itemListElement":[{"@type":"ListItem","position":1,"name":"Home","item":"https:\/\/beamvac.com\/fr\/"},{"@type":"ListItem","position":2,"name":"Enregistrement du produit"}]},{"@type":"WebSite","@id":"https:\/\/beamvac.com\/#website","url":"https:\/\/beamvac.com\/","name":"BEAM","description":"Premium Central Vacuum Systems","potentialAction":[{"@type":"SearchAction","target":{"@type":"EntryPoint","urlTemplate":"https:\/\/beamvac.com\/?s={search_term_string}"},"query-input":{"@type":"PropertyValueSpecification","valueRequired":true,"valueName":"search_term_string"}}],"inLanguage":"fr-FR"}]}},"_links":{"self":[{"href":"https:\/\/beamvac.com\/fr\/wp-json\/wp\/v2\/pages\/4369","targetHints":{"allow":["GET"]}}],"collection":[{"href":"https:\/\/beamvac.com\/fr\/wp-json\/wp\/v2\/pages"}],"about":[{"href":"https:\/\/beamvac.com\/fr\/wp-json\/wp\/v2\/types\/page"}],"author":[{"embeddable":true,"href":"https:\/\/beamvac.com\/fr\/wp-json\/wp\/v2\/users\/1"}],"replies":[{"embeddable":true,"href":"https:\/\/beamvac.com\/fr\/wp-json\/wp\/v2\/comments?post=4369"}],"version-history":[{"count":12,"href":"https:\/\/beamvac.com\/fr\/wp-json\/wp\/v2\/pages\/4369\/revisions"}],"predecessor-version":[{"id":8512,"href":"https:\/\/beamvac.com\/fr\/wp-json\/wp\/v2\/pages\/4369\/revisions\/8512"}],"wp:attachment":[{"href":"https:\/\/beamvac.com\/fr\/wp-json\/wp\/v2\/media?parent=4369"}],"curies":[{"name":"wp","href":"https:\/\/api.w.org\/{rel}","templated":true}]}}