{"id":4362,"date":"2019-02-11T09:44:52","date_gmt":"2019-02-11T09:44:52","guid":{"rendered":"https:\/\/beamvac.com\/?page_id=4362"},"modified":"2019-05-27T15:16:26","modified_gmt":"2019-05-27T19:16:26","slug":"silencieux","status":"publish","type":"page","link":"https:\/\/beamvac.com\/fr\/a-propos-de-beam\/silencieux\/","title":{"rendered":"Silencieux"},"content":{"rendered":"<div class=\"wpb-content-wrapper\"><p>[vc_row][vc_column][vc_custom_heading text=\u00a0\u00bbNiveaux sonores\u00a0\u00bb font_container=\u00a0\u00bbtag:h1|text_align:left\u00a0\u00bb use_theme_fonts=\u00a0\u00bbyes\u00a0\u00bb][\/vc_column][\/vc_row][vc_row css=\u00a0\u00bb.vc_custom_1550054919328{margin-top: 1em !important;}\u00a0\u00bb][vc_column width=\u00a0\u00bb1\/2&Prime;][vc_column_text]<\/p>\n<h4><\/h4>\n<p>\u00c0 quel point un syst\u00e8me central d\u2019aspiration BEAM est-il silencieux? \u00c9coutez ceci\u2026<\/p>\n<p>Un aspirateur central BEAM est plus silencieux que la plupart des bruits domestiques que vous avez l\u2019habitude d\u2019entendre chaque jour. Qu\u2019est-ce que cela signifie pour vous? Cela signifie que vous pourrez facilement passer l\u2019aspirateur dans une pi\u00e8ce o\u00f9 d\u2019autres activit\u00e9s se d\u00e9roulent sans d\u00e9ranger personne. Vous entendrez le t\u00e9l\u00e9phone sonner et ainsi pourrez r\u00e9pondre \u00e0 l\u2019appel important que vous attendiez. Vous pourrez m\u00eame parler au t\u00e9l\u00e9phone pendant que vous passez l\u2019aspirateur.[\/vc_column_text][vc_video link=\u00a0\u00bbhttps:\/\/www.youtube.com\/watch?v=fMtVUaXk40Q\u00a0\u00bb][\/vc_column][vc_column width=\u00a0\u00bb1\/2&Prime;][vc_single_image image=\u00a0\u00bb5350&Prime; img_size=\u00a0\u00bbfull\u00a0\u00bb][\/vc_column][\/vc_row]<\/p>\n<\/div>","protected":false},"excerpt":{"rendered":"<p>[vc_row][vc_column][vc_custom_heading text=\u00a0\u00bbNiveaux sonores\u00a0\u00bb font_container=\u00a0\u00bbtag:h1|text_align:left\u00a0\u00bb use_theme_fonts=\u00a0\u00bbyes\u00a0\u00bb][\/vc_column][\/vc_row][vc_row css=\u00a0\u00bb.vc_custom_1550054919328{margin-top: 1em !important;}\u00a0\u00bb][vc_column width=\u00a0\u00bb1\/2&Prime;][vc_column_text] \u00c0 quel point un syst\u00e8me central d\u2019aspiration BEAM est-il silencieux? \u00c9coutez ceci\u2026 Un aspirateur central BEAM est plus silencieux que la plupart des bruits domestiques que vous avez l\u2019habitude d\u2019entendre chaque jour. Qu\u2019est-ce que cela signifie pour vous? Cela signifie que vous pourrez facilement passer l\u2019aspirateur [&hellip;]<\/p>\n","protected":false},"author":1,"featured_media":0,"parent":4309,"menu_order":0,"comment_status":"closed","ping_status":"closed","template":"","meta":{"footnotes":""},"class_list":["post-4362","page","type-page","status-publish","hentry"],"yoast_head":"<!-- This site is optimized with the Yoast SEO plugin v26.9 - https:\/\/yoast.com\/product\/yoast-seo-wordpress\/ -->\n<title>Silencieux - BEAM<\/title>\n<meta name=\"robots\" content=\"index, follow, max-snippet:-1, max-image-preview:large, max-video-preview:-1\" \/>\n<link rel=\"canonical\" href=\"https:\/\/beamvac.com\/fr\/a-propos-de-beam\/silencieux\/\" \/>\n<meta property=\"og:locale\" content=\"fr_FR\" \/>\n<meta property=\"og:type\" content=\"article\" \/>\n<meta property=\"og:title\" content=\"Silencieux - BEAM\" \/>\n<meta property=\"og:description\" content=\"[vc_row][vc_column][vc_custom_heading text=\u00a0\u00bbNiveaux sonores\u00a0\u00bb font_container=\u00a0\u00bbtag:h1|text_align:left\u00a0\u00bb use_theme_fonts=\u00a0\u00bbyes\u00a0\u00bb][\/vc_column][\/vc_row][vc_row css=\u00a0\u00bb.vc_custom_1550054919328{margin-top: 1em !important;}\u00a0\u00bb][vc_column width=\u00a0\u00bb1\/2&Prime;][vc_column_text] \u00c0 quel point un syst\u00e8me central d\u2019aspiration BEAM est-il silencieux? \u00c9coutez ceci\u2026 Un aspirateur central BEAM est plus silencieux que la plupart des bruits domestiques que vous avez l\u2019habitude d\u2019entendre chaque jour. Qu\u2019est-ce que cela signifie pour vous? Cela signifie que vous pourrez facilement passer l\u2019aspirateur [&hellip;]\" \/>\n<meta property=\"og:url\" content=\"https:\/\/beamvac.com\/fr\/a-propos-de-beam\/silencieux\/\" \/>\n<meta property=\"og:site_name\" content=\"BEAM\" \/>\n<meta property=\"article:modified_time\" content=\"2019-05-27T19:16:26+00:00\" \/>\n<meta name=\"twitter:card\" content=\"summary_large_image\" \/>\n<meta name=\"twitter:label1\" content=\"Dur\u00e9e de lecture estim\u00e9e\" \/>\n\t<meta name=\"twitter:data1\" content=\"1 minute\" \/>\n<script type=\"application\/ld+json\" class=\"yoast-schema-graph\">{\"@context\":\"https:\/\/schema.org\",\"@graph\":[{\"@type\":\"WebPage\",\"@id\":\"https:\/\/beamvac.com\/fr\/a-propos-de-beam\/silencieux\/\",\"url\":\"https:\/\/beamvac.com\/fr\/a-propos-de-beam\/silencieux\/\",\"name\":\"Silencieux - BEAM\",\"isPartOf\":{\"@id\":\"https:\/\/beamvac.com\/#website\"},\"datePublished\":\"2019-02-11T09:44:52+00:00\",\"dateModified\":\"2019-05-27T19:16:26+00:00\",\"breadcrumb\":{\"@id\":\"https:\/\/beamvac.com\/fr\/a-propos-de-beam\/silencieux\/#breadcrumb\"},\"inLanguage\":\"fr-FR\",\"potentialAction\":[{\"@type\":\"ReadAction\",\"target\":[\"https:\/\/beamvac.com\/fr\/a-propos-de-beam\/silencieux\/\"]}]},{\"@type\":\"BreadcrumbList\",\"@id\":\"https:\/\/beamvac.com\/fr\/a-propos-de-beam\/silencieux\/#breadcrumb\",\"itemListElement\":[{\"@type\":\"ListItem\",\"position\":1,\"name\":\"Home\",\"item\":\"https:\/\/beamvac.com\/fr\/\"},{\"@type\":\"ListItem\",\"position\":2,\"name\":\"\u00c0 propos de BEAM\",\"item\":\"https:\/\/beamvac.com\/fr\/a-propos-de-beam\/\"},{\"@type\":\"ListItem\",\"position\":3,\"name\":\"Silencieux\"}]},{\"@type\":\"WebSite\",\"@id\":\"https:\/\/beamvac.com\/#website\",\"url\":\"https:\/\/beamvac.com\/\",\"name\":\"BEAM\",\"description\":\"Premium Central Vacuum Systems\",\"potentialAction\":[{\"@type\":\"SearchAction\",\"target\":{\"@type\":\"EntryPoint\",\"urlTemplate\":\"https:\/\/beamvac.com\/?s={search_term_string}\"},\"query-input\":{\"@type\":\"PropertyValueSpecification\",\"valueRequired\":true,\"valueName\":\"search_term_string\"}}],\"inLanguage\":\"fr-FR\"}]}<\/script>\n<!-- \/ Yoast SEO plugin. -->","yoast_head_json":{"title":"Silencieux - BEAM","robots":{"index":"index","follow":"follow","max-snippet":"max-snippet:-1","max-image-preview":"max-image-preview:large","max-video-preview":"max-video-preview:-1"},"canonical":"https:\/\/beamvac.com\/fr\/a-propos-de-beam\/silencieux\/","og_locale":"fr_FR","og_type":"article","og_title":"Silencieux - BEAM","og_description":"[vc_row][vc_column][vc_custom_heading text=\u00a0\u00bbNiveaux sonores\u00a0\u00bb font_container=\u00a0\u00bbtag:h1|text_align:left\u00a0\u00bb use_theme_fonts=\u00a0\u00bbyes\u00a0\u00bb][\/vc_column][\/vc_row][vc_row css=\u00a0\u00bb.vc_custom_1550054919328{margin-top: 1em !important;}\u00a0\u00bb][vc_column width=\u00a0\u00bb1\/2&Prime;][vc_column_text] \u00c0 quel point un syst\u00e8me central d\u2019aspiration BEAM est-il silencieux? \u00c9coutez ceci\u2026 Un aspirateur central BEAM est plus silencieux que la plupart des bruits domestiques que vous avez l\u2019habitude d\u2019entendre chaque jour. Qu\u2019est-ce que cela signifie pour vous? Cela signifie que vous pourrez facilement passer l\u2019aspirateur [&hellip;]","og_url":"https:\/\/beamvac.com\/fr\/a-propos-de-beam\/silencieux\/","og_site_name":"BEAM","article_modified_time":"2019-05-27T19:16:26+00:00","twitter_card":"summary_large_image","twitter_misc":{"Dur\u00e9e de lecture estim\u00e9e":"1 minute"},"schema":{"@context":"https:\/\/schema.org","@graph":[{"@type":"WebPage","@id":"https:\/\/beamvac.com\/fr\/a-propos-de-beam\/silencieux\/","url":"https:\/\/beamvac.com\/fr\/a-propos-de-beam\/silencieux\/","name":"Silencieux - BEAM","isPartOf":{"@id":"https:\/\/beamvac.com\/#website"},"datePublished":"2019-02-11T09:44:52+00:00","dateModified":"2019-05-27T19:16:26+00:00","breadcrumb":{"@id":"https:\/\/beamvac.com\/fr\/a-propos-de-beam\/silencieux\/#breadcrumb"},"inLanguage":"fr-FR","potentialAction":[{"@type":"ReadAction","target":["https:\/\/beamvac.com\/fr\/a-propos-de-beam\/silencieux\/"]}]},{"@type":"BreadcrumbList","@id":"https:\/\/beamvac.com\/fr\/a-propos-de-beam\/silencieux\/#breadcrumb","itemListElement":[{"@type":"ListItem","position":1,"name":"Home","item":"https:\/\/beamvac.com\/fr\/"},{"@type":"ListItem","position":2,"name":"\u00c0 propos de BEAM","item":"https:\/\/beamvac.com\/fr\/a-propos-de-beam\/"},{"@type":"ListItem","position":3,"name":"Silencieux"}]},{"@type":"WebSite","@id":"https:\/\/beamvac.com\/#website","url":"https:\/\/beamvac.com\/","name":"BEAM","description":"Premium Central Vacuum Systems","potentialAction":[{"@type":"SearchAction","target":{"@type":"EntryPoint","urlTemplate":"https:\/\/beamvac.com\/?s={search_term_string}"},"query-input":{"@type":"PropertyValueSpecification","valueRequired":true,"valueName":"search_term_string"}}],"inLanguage":"fr-FR"}]}},"_links":{"self":[{"href":"https:\/\/beamvac.com\/fr\/wp-json\/wp\/v2\/pages\/4362","targetHints":{"allow":["GET"]}}],"collection":[{"href":"https:\/\/beamvac.com\/fr\/wp-json\/wp\/v2\/pages"}],"about":[{"href":"https:\/\/beamvac.com\/fr\/wp-json\/wp\/v2\/types\/page"}],"author":[{"embeddable":true,"href":"https:\/\/beamvac.com\/fr\/wp-json\/wp\/v2\/users\/1"}],"replies":[{"embeddable":true,"href":"https:\/\/beamvac.com\/fr\/wp-json\/wp\/v2\/comments?post=4362"}],"version-history":[{"count":11,"href":"https:\/\/beamvac.com\/fr\/wp-json\/wp\/v2\/pages\/4362\/revisions"}],"predecessor-version":[{"id":5493,"href":"https:\/\/beamvac.com\/fr\/wp-json\/wp\/v2\/pages\/4362\/revisions\/5493"}],"up":[{"embeddable":true,"href":"https:\/\/beamvac.com\/fr\/wp-json\/wp\/v2\/pages\/4309"}],"wp:attachment":[{"href":"https:\/\/beamvac.com\/fr\/wp-json\/wp\/v2\/media?parent=4362"}],"curies":[{"name":"wp","href":"https:\/\/api.w.org\/{rel}","templated":true}]}}