{"id":4360,"date":"2019-02-11T09:41:15","date_gmt":"2019-02-11T09:41:15","guid":{"rendered":"https:\/\/beamvac.com\/?page_id=4360"},"modified":"2019-05-27T15:26:21","modified_gmt":"2019-05-27T19:26:21","slug":"filtre-autonettoyant-beam","status":"publish","type":"page","link":"https:\/\/beamvac.com\/fr\/a-propos-de-beam\/filtre-autonettoyant-beam\/","title":{"rendered":"Filtre autonettoyant BEAM"},"content":{"rendered":"<div class=\"wpb-content-wrapper\"><p>[vc_row][vc_column][vc_custom_heading text=\u00a0\u00bbFiltre autonettoyant\u00a0\u00bb font_container=\u00a0\u00bbtag:h1|text_align:left\u00a0\u00bb use_theme_fonts=\u00a0\u00bbyes\u00a0\u00bb][\/vc_column][\/vc_row][vc_row css=\u00a0\u00bb.vc_custom_1550054873205{margin-top: 1em !important;}\u00a0\u00bb][vc_column width=\u00a0\u00bb1\/2&Prime;][vc_column_text]<\/p>\n<h4><\/h4>\n<p>Le filtre autonettoyant BEAM maintient un niveau de performance \u00e9lev\u00e9.<\/p>\n<p>Avec un syst\u00e8me central d\u2019aspiration BEAM, il n\u2019y a pas de filtre ou de tamis \u00e0 nettoyer ou \u00e0 remplacer.<\/p>\n<p>Les unit\u00e9s motrices BEAM sont dot\u00e9es d\u2019un filtre autonettoyant permanent exclusif fait d\u2019un mat\u00e9riau d\u00e9velopp\u00e9 par les fabricants du tissu GORE-TEX.<\/p>\n<p>En utilisant des forces cycloniques pour s\u00e9parer les particules de salet\u00e9 et les allerg\u00e8nes de l\u2019air aspir\u00e9, le filtre permanent retire les particules de 0,3 microns et plus avec une efficacit\u00e9 \u00e9tonnante de 98 %.<\/p>\n<p>Les particules de poussi\u00e8re ne collent pas \u00e0 la surface du filtre autonettoyant BEAM comme elles le font avec les filtres ordinaires. Et, surtout, il n\u2019y a pas de perte de puissance au fur et \u00e0 mesure que la cuve \u00e0 poussi\u00e8re se remplit \u2013 ce qui permet au syst\u00e8me central d\u2019aspiration BEAM de maintenir un niveau de performance \u00e9lev\u00e9 \u00e0 chaque fois qu\u2019il est utilis\u00e9.<\/p>\n<p>Le filtre autonettoyant BEAM se nettoie lui-m\u00eame chaque fois que le syst\u00e8me est arr\u00eat\u00e9.[\/vc_column_text][\/vc_column][vc_column width=\u00a0\u00bb1\/6&Prime;][\/vc_column][vc_column width=\u00a0\u00bb1\/3&Prime;][vc_single_image image=\u00a0\u00bb4957&Prime; img_size=\u00a0\u00bbfull\u00a0\u00bb][\/vc_column][\/vc_row]<\/p>\n<\/div>","protected":false},"excerpt":{"rendered":"<p>[vc_row][vc_column][vc_custom_heading text=\u00a0\u00bbFiltre autonettoyant\u00a0\u00bb font_container=\u00a0\u00bbtag:h1|text_align:left\u00a0\u00bb use_theme_fonts=\u00a0\u00bbyes\u00a0\u00bb][\/vc_column][\/vc_row][vc_row css=\u00a0\u00bb.vc_custom_1550054873205{margin-top: 1em !important;}\u00a0\u00bb][vc_column width=\u00a0\u00bb1\/2&Prime;][vc_column_text] Le filtre autonettoyant BEAM maintient un niveau de performance \u00e9lev\u00e9. Avec un syst\u00e8me central d\u2019aspiration BEAM, il n\u2019y a pas de filtre ou de tamis \u00e0 nettoyer ou \u00e0 remplacer. Les unit\u00e9s motrices BEAM sont dot\u00e9es d\u2019un filtre autonettoyant permanent exclusif fait d\u2019un mat\u00e9riau d\u00e9velopp\u00e9 par [&hellip;]<\/p>\n","protected":false},"author":1,"featured_media":0,"parent":4309,"menu_order":0,"comment_status":"closed","ping_status":"closed","template":"","meta":{"footnotes":""},"class_list":["post-4360","page","type-page","status-publish","hentry"],"yoast_head":"<!-- This site is optimized with the Yoast SEO plugin v26.9 - https:\/\/yoast.com\/product\/yoast-seo-wordpress\/ -->\n<title>Filtre autonettoyant BEAM<\/title>\n<meta name=\"description\" content=\"Les unit\u00e9s motrices BEAM sont dot\u00e9es d\u2019un filtre autonettoyant permanent exclusif fait d\u2019un mat\u00e9riau d\u00e9velopp\u00e9 par les fabricants de la toile GORE-TEX.\" \/>\n<meta name=\"robots\" content=\"index, follow, max-snippet:-1, max-image-preview:large, max-video-preview:-1\" \/>\n<link rel=\"canonical\" href=\"https:\/\/beamvac.com\/fr\/a-propos-de-beam\/filtre-autonettoyant-beam\/\" \/>\n<meta property=\"og:locale\" content=\"fr_FR\" \/>\n<meta property=\"og:type\" content=\"article\" \/>\n<meta property=\"og:title\" content=\"Filtre autonettoyant BEAM\" \/>\n<meta property=\"og:description\" content=\"Les unit\u00e9s motrices BEAM sont dot\u00e9es d\u2019un filtre autonettoyant permanent exclusif fait d\u2019un mat\u00e9riau d\u00e9velopp\u00e9 par les fabricants de la toile GORE-TEX.\" \/>\n<meta property=\"og:url\" content=\"https:\/\/beamvac.com\/fr\/a-propos-de-beam\/filtre-autonettoyant-beam\/\" \/>\n<meta property=\"og:site_name\" content=\"BEAM\" \/>\n<meta property=\"article:modified_time\" content=\"2019-05-27T19:26:21+00:00\" \/>\n<meta name=\"twitter:card\" content=\"summary_large_image\" \/>\n<meta name=\"twitter:label1\" content=\"Dur\u00e9e de lecture estim\u00e9e\" \/>\n\t<meta name=\"twitter:data1\" content=\"1 minute\" \/>\n<script type=\"application\/ld+json\" class=\"yoast-schema-graph\">{\"@context\":\"https:\/\/schema.org\",\"@graph\":[{\"@type\":\"WebPage\",\"@id\":\"https:\/\/beamvac.com\/fr\/a-propos-de-beam\/filtre-autonettoyant-beam\/\",\"url\":\"https:\/\/beamvac.com\/fr\/a-propos-de-beam\/filtre-autonettoyant-beam\/\",\"name\":\"Filtre autonettoyant BEAM\",\"isPartOf\":{\"@id\":\"https:\/\/beamvac.com\/#website\"},\"datePublished\":\"2019-02-11T09:41:15+00:00\",\"dateModified\":\"2019-05-27T19:26:21+00:00\",\"description\":\"Les unit\u00e9s motrices BEAM sont dot\u00e9es d\u2019un filtre autonettoyant permanent exclusif fait d\u2019un mat\u00e9riau d\u00e9velopp\u00e9 par les fabricants de la toile GORE-TEX.\",\"breadcrumb\":{\"@id\":\"https:\/\/beamvac.com\/fr\/a-propos-de-beam\/filtre-autonettoyant-beam\/#breadcrumb\"},\"inLanguage\":\"fr-FR\",\"potentialAction\":[{\"@type\":\"ReadAction\",\"target\":[\"https:\/\/beamvac.com\/fr\/a-propos-de-beam\/filtre-autonettoyant-beam\/\"]}]},{\"@type\":\"BreadcrumbList\",\"@id\":\"https:\/\/beamvac.com\/fr\/a-propos-de-beam\/filtre-autonettoyant-beam\/#breadcrumb\",\"itemListElement\":[{\"@type\":\"ListItem\",\"position\":1,\"name\":\"Home\",\"item\":\"https:\/\/beamvac.com\/fr\/\"},{\"@type\":\"ListItem\",\"position\":2,\"name\":\"\u00c0 propos de BEAM\",\"item\":\"https:\/\/beamvac.com\/fr\/a-propos-de-beam\/\"},{\"@type\":\"ListItem\",\"position\":3,\"name\":\"Filtre autonettoyant BEAM\"}]},{\"@type\":\"WebSite\",\"@id\":\"https:\/\/beamvac.com\/#website\",\"url\":\"https:\/\/beamvac.com\/\",\"name\":\"BEAM\",\"description\":\"Premium Central Vacuum Systems\",\"potentialAction\":[{\"@type\":\"SearchAction\",\"target\":{\"@type\":\"EntryPoint\",\"urlTemplate\":\"https:\/\/beamvac.com\/?s={search_term_string}\"},\"query-input\":{\"@type\":\"PropertyValueSpecification\",\"valueRequired\":true,\"valueName\":\"search_term_string\"}}],\"inLanguage\":\"fr-FR\"}]}<\/script>\n<!-- \/ Yoast SEO plugin. -->","yoast_head_json":{"title":"Filtre autonettoyant BEAM","description":"Les unit\u00e9s motrices BEAM sont dot\u00e9es d\u2019un filtre autonettoyant permanent exclusif fait d\u2019un mat\u00e9riau d\u00e9velopp\u00e9 par les fabricants de la toile GORE-TEX.","robots":{"index":"index","follow":"follow","max-snippet":"max-snippet:-1","max-image-preview":"max-image-preview:large","max-video-preview":"max-video-preview:-1"},"canonical":"https:\/\/beamvac.com\/fr\/a-propos-de-beam\/filtre-autonettoyant-beam\/","og_locale":"fr_FR","og_type":"article","og_title":"Filtre autonettoyant BEAM","og_description":"Les unit\u00e9s motrices BEAM sont dot\u00e9es d\u2019un filtre autonettoyant permanent exclusif fait d\u2019un mat\u00e9riau d\u00e9velopp\u00e9 par les fabricants de la toile GORE-TEX.","og_url":"https:\/\/beamvac.com\/fr\/a-propos-de-beam\/filtre-autonettoyant-beam\/","og_site_name":"BEAM","article_modified_time":"2019-05-27T19:26:21+00:00","twitter_card":"summary_large_image","twitter_misc":{"Dur\u00e9e de lecture estim\u00e9e":"1 minute"},"schema":{"@context":"https:\/\/schema.org","@graph":[{"@type":"WebPage","@id":"https:\/\/beamvac.com\/fr\/a-propos-de-beam\/filtre-autonettoyant-beam\/","url":"https:\/\/beamvac.com\/fr\/a-propos-de-beam\/filtre-autonettoyant-beam\/","name":"Filtre autonettoyant BEAM","isPartOf":{"@id":"https:\/\/beamvac.com\/#website"},"datePublished":"2019-02-11T09:41:15+00:00","dateModified":"2019-05-27T19:26:21+00:00","description":"Les unit\u00e9s motrices BEAM sont dot\u00e9es d\u2019un filtre autonettoyant permanent exclusif fait d\u2019un mat\u00e9riau d\u00e9velopp\u00e9 par les fabricants de la toile GORE-TEX.","breadcrumb":{"@id":"https:\/\/beamvac.com\/fr\/a-propos-de-beam\/filtre-autonettoyant-beam\/#breadcrumb"},"inLanguage":"fr-FR","potentialAction":[{"@type":"ReadAction","target":["https:\/\/beamvac.com\/fr\/a-propos-de-beam\/filtre-autonettoyant-beam\/"]}]},{"@type":"BreadcrumbList","@id":"https:\/\/beamvac.com\/fr\/a-propos-de-beam\/filtre-autonettoyant-beam\/#breadcrumb","itemListElement":[{"@type":"ListItem","position":1,"name":"Home","item":"https:\/\/beamvac.com\/fr\/"},{"@type":"ListItem","position":2,"name":"\u00c0 propos de BEAM","item":"https:\/\/beamvac.com\/fr\/a-propos-de-beam\/"},{"@type":"ListItem","position":3,"name":"Filtre autonettoyant BEAM"}]},{"@type":"WebSite","@id":"https:\/\/beamvac.com\/#website","url":"https:\/\/beamvac.com\/","name":"BEAM","description":"Premium Central Vacuum Systems","potentialAction":[{"@type":"SearchAction","target":{"@type":"EntryPoint","urlTemplate":"https:\/\/beamvac.com\/?s={search_term_string}"},"query-input":{"@type":"PropertyValueSpecification","valueRequired":true,"valueName":"search_term_string"}}],"inLanguage":"fr-FR"}]}},"_links":{"self":[{"href":"https:\/\/beamvac.com\/fr\/wp-json\/wp\/v2\/pages\/4360","targetHints":{"allow":["GET"]}}],"collection":[{"href":"https:\/\/beamvac.com\/fr\/wp-json\/wp\/v2\/pages"}],"about":[{"href":"https:\/\/beamvac.com\/fr\/wp-json\/wp\/v2\/types\/page"}],"author":[{"embeddable":true,"href":"https:\/\/beamvac.com\/fr\/wp-json\/wp\/v2\/users\/1"}],"replies":[{"embeddable":true,"href":"https:\/\/beamvac.com\/fr\/wp-json\/wp\/v2\/comments?post=4360"}],"version-history":[{"count":8,"href":"https:\/\/beamvac.com\/fr\/wp-json\/wp\/v2\/pages\/4360\/revisions"}],"predecessor-version":[{"id":5499,"href":"https:\/\/beamvac.com\/fr\/wp-json\/wp\/v2\/pages\/4360\/revisions\/5499"}],"up":[{"embeddable":true,"href":"https:\/\/beamvac.com\/fr\/wp-json\/wp\/v2\/pages\/4309"}],"wp:attachment":[{"href":"https:\/\/beamvac.com\/fr\/wp-json\/wp\/v2\/media?parent=4360"}],"curies":[{"name":"wp","href":"https:\/\/api.w.org\/{rel}","templated":true}]}}