{"id":4355,"date":"2019-02-11T09:32:59","date_gmt":"2019-02-11T09:32:59","guid":{"rendered":"https:\/\/beamvac.com\/?page_id=4355"},"modified":"2025-07-15T15:40:59","modified_gmt":"2025-07-15T19:40:59","slug":"pour-nous-joindre","status":"publish","type":"page","link":"https:\/\/beamvac.com\/fr\/pour-nous-joindre\/","title":{"rendered":"Pour nous joindre"},"content":{"rendered":"<div class=\"wpb-content-wrapper\"><p>[vc_row][vc_column][vc_custom_heading text=\u00a0\u00bbPOUR NOUS JOINDRE\u00a0\u00bb font_container=\u00a0\u00bbtag:h1|text_align:left\u00a0\u00bb use_theme_fonts=\u00a0\u00bbyes\u00a0\u00bb][vc_column_text]Chez Trovac, nous sommes d\u00e9termin\u00e9s \u00e0 vous offrir un service exceptionnel et des produits de pointe adapt\u00e9s \u00e0 vos besoins. N\u2019h\u00e9sitez pas \u00e0 communiquer avec nous si vous avez des questions, des commentaires ou des suggestions.[\/vc_column_text][\/vc_column][\/vc_row][vc_row][vc_column width=\u00a0\u00bb1\/2&Prime; offset=\u00a0\u00bbvc_col-lg-4&Prime;][vc_row_inner][vc_column_inner width=\u00a0\u00bb1\/6&Prime; offset=\u00a0\u00bbvc_col-xs-3&Prime;][vc_single_image image=\u00a0\u00bb1776&Prime; img_size=\u00a0\u00bbfull\u00a0\u00bb][\/vc_column_inner][vc_column_inner width=\u00a0\u00bb5\/6&Prime;][vc_column_text]TROVAC<\/p>\n<p>3, rue Marcel-Ayotte<\/p>\n<p>Blainville (Qu\u00e9bec)<\/p>\n<p>J7C 5L7<\/p>\n<p>CANADA[\/vc_column_text][\/vc_column_inner][\/vc_row_inner][\/vc_column][vc_column width=\u00a0\u00bb1\/2&Prime; offset=\u00a0\u00bbvc_col-lg-4&Prime;][\/vc_column][\/vc_row][vc_row][vc_column width=\u00a0\u00bb1\/2&Prime;][vc_raw_html]JTBBJTNDc2NyaXB0JTNFJTBBJTIwJTIwaGJzcHQuZm9ybXMuY3JlYXRlJTI4JTdCJTBBJTIwJTIwJTIwJTIwcmVnaW9uJTNBJTIwJTIybmExJTIyJTJDJTBBJTIwJTIwJTIwJTIwcG9ydGFsSWQlM0ElMjAlMjI3NTQ4NDc1JTIyJTJDJTBBJTIwJTIwJTIwJTIwZm9ybUlkJTNBJTIwJTIyMTc0OWU2NzEtZmJiOS00MjA1LWJiMDAtODBjZjNjOTgxZmUwJTIyJTBBJTIwJTIwJTdEJTI5JTNCJTBBJTNDJTJGc2NyaXB0JTNFJTBBJTIwJTBBJTIwJTBBJTIwJTA5JTBBJTNDc2NyaXB0JTIwY2hhcnNldCUzRCUyMnV0Zi04JTIyJTIwdHlwZSUzRCUyMnRleHQlMkZqYXZhc2NyaXB0JTIyJTIwc3JjJTNEJTIyJTJGJTJGanMuaHNmb3Jtcy5uZXQlMkZmb3JtcyUyRmVtYmVkJTJGdjIuanMlMjIlM0UlM0MlMkZzY3JpcHQlM0UlMEElM0NzY3JpcHQlM0UlMEElMjAlMjBoYnNwdC5mb3Jtcy5jcmVhdGUlMjglN0IlMEElMjAlMjAlMjAlMjByZWdpb24lM0ElMjAlMjJuYTElMjIlMkMlMEElMjAlMjAlMjAlMjBwb3J0YWxJZCUzQSUyMCUyMjc1NDg0NzUlMjIlMkMlMEElMjAlMjAlMjAlMjBmb3JtSWQlM0ElMjAlMjIxNzQ5ZTY3MS1mYmI5LTQyMDUtYmIwMC04MGNmM2M5ODFmZTAlMjIlMEElMjAlMjAlN0QlMjklM0IlMEElM0MlMkZzY3JpcHQlM0U=[\/vc_raw_html][\/vc_column][vc_column width=\u00a0\u00bb1\/4&Prime; offset=\u00a0\u00bbvc_col-lg-3 vc_col-md-12 vc_col-xs-12&Prime;][\/vc_column][vc_column width=\u00a0\u00bb1\/4&Prime;][\/vc_column][\/vc_row]<\/p>\n<\/div>","protected":false},"excerpt":{"rendered":"<p>[vc_row][vc_column][vc_custom_heading text=\u00a0\u00bbPOUR NOUS JOINDRE\u00a0\u00bb font_container=\u00a0\u00bbtag:h1|text_align:left\u00a0\u00bb use_theme_fonts=\u00a0\u00bbyes\u00a0\u00bb][vc_column_text]Chez Trovac, nous sommes d\u00e9termin\u00e9s \u00e0 vous offrir un service exceptionnel et des produits de pointe adapt\u00e9s \u00e0 vos besoins. N\u2019h\u00e9sitez pas \u00e0 communiquer avec nous si vous avez des questions, des commentaires ou des suggestions.[\/vc_column_text][\/vc_column][\/vc_row][vc_row][vc_column width=\u00a0\u00bb1\/2&Prime; offset=\u00a0\u00bbvc_col-lg-4&Prime;][vc_row_inner][vc_column_inner width=\u00a0\u00bb1\/6&Prime; offset=\u00a0\u00bbvc_col-xs-3&Prime;][vc_single_image image=\u00a0\u00bb1776&Prime; img_size=\u00a0\u00bbfull\u00a0\u00bb][\/vc_column_inner][vc_column_inner width=\u00a0\u00bb5\/6&Prime;][vc_column_text]TROVAC 3, rue Marcel-Ayotte Blainville (Qu\u00e9bec) J7C 5L7 [&hellip;]<\/p>\n","protected":false},"author":1,"featured_media":0,"parent":0,"menu_order":0,"comment_status":"closed","ping_status":"closed","template":"","meta":{"footnotes":""},"class_list":["post-4355","page","type-page","status-publish","hentry"],"yoast_head":"<!-- This site is optimized with the Yoast SEO plugin v26.9 - https:\/\/yoast.com\/product\/yoast-seo-wordpress\/ -->\n<title>Pour nous joindre<\/title>\n<meta name=\"description\" content=\"Syst\u00e8mes centraux d\u2019aspiration BEAM est d\u00e9tenue \u00e0 cent pour cent par Nuera Air et son si\u00e8ge social se trouve \u00e0 Laval au Qu\u00e9bec (Canada).\" \/>\n<meta name=\"robots\" content=\"index, follow, max-snippet:-1, max-image-preview:large, max-video-preview:-1\" \/>\n<link rel=\"canonical\" href=\"https:\/\/beamvac.com\/fr\/pour-nous-joindre\/\" \/>\n<meta property=\"og:locale\" content=\"fr_FR\" \/>\n<meta property=\"og:type\" content=\"article\" \/>\n<meta property=\"og:title\" content=\"Pour nous joindre\" \/>\n<meta property=\"og:description\" content=\"Syst\u00e8mes centraux d\u2019aspiration BEAM est d\u00e9tenue \u00e0 cent pour cent par Nuera Air et son si\u00e8ge social se trouve \u00e0 Laval au Qu\u00e9bec (Canada).\" \/>\n<meta property=\"og:url\" content=\"https:\/\/beamvac.com\/fr\/pour-nous-joindre\/\" \/>\n<meta property=\"og:site_name\" content=\"BEAM\" \/>\n<meta property=\"article:modified_time\" content=\"2025-07-15T19:40:59+00:00\" \/>\n<meta name=\"twitter:card\" content=\"summary_large_image\" \/>\n<meta name=\"twitter:label1\" content=\"Dur\u00e9e de lecture estim\u00e9e\" \/>\n\t<meta name=\"twitter:data1\" content=\"1 minute\" \/>\n<script type=\"application\/ld+json\" class=\"yoast-schema-graph\">{\"@context\":\"https:\/\/schema.org\",\"@graph\":[{\"@type\":\"WebPage\",\"@id\":\"https:\/\/beamvac.com\/fr\/pour-nous-joindre\/\",\"url\":\"https:\/\/beamvac.com\/fr\/pour-nous-joindre\/\",\"name\":\"Pour nous joindre\",\"isPartOf\":{\"@id\":\"https:\/\/beamvac.com\/#website\"},\"datePublished\":\"2019-02-11T09:32:59+00:00\",\"dateModified\":\"2025-07-15T19:40:59+00:00\",\"description\":\"Syst\u00e8mes centraux d\u2019aspiration BEAM est d\u00e9tenue \u00e0 cent pour cent par Nuera Air et son si\u00e8ge social se trouve \u00e0 Laval au Qu\u00e9bec (Canada).\",\"breadcrumb\":{\"@id\":\"https:\/\/beamvac.com\/fr\/pour-nous-joindre\/#breadcrumb\"},\"inLanguage\":\"fr-FR\",\"potentialAction\":[{\"@type\":\"ReadAction\",\"target\":[\"https:\/\/beamvac.com\/fr\/pour-nous-joindre\/\"]}]},{\"@type\":\"BreadcrumbList\",\"@id\":\"https:\/\/beamvac.com\/fr\/pour-nous-joindre\/#breadcrumb\",\"itemListElement\":[{\"@type\":\"ListItem\",\"position\":1,\"name\":\"Home\",\"item\":\"https:\/\/beamvac.com\/fr\/\"},{\"@type\":\"ListItem\",\"position\":2,\"name\":\"Pour nous joindre\"}]},{\"@type\":\"WebSite\",\"@id\":\"https:\/\/beamvac.com\/#website\",\"url\":\"https:\/\/beamvac.com\/\",\"name\":\"BEAM\",\"description\":\"Premium Central Vacuum Systems\",\"potentialAction\":[{\"@type\":\"SearchAction\",\"target\":{\"@type\":\"EntryPoint\",\"urlTemplate\":\"https:\/\/beamvac.com\/?s={search_term_string}\"},\"query-input\":{\"@type\":\"PropertyValueSpecification\",\"valueRequired\":true,\"valueName\":\"search_term_string\"}}],\"inLanguage\":\"fr-FR\"}]}<\/script>\n<!-- \/ Yoast SEO plugin. -->","yoast_head_json":{"title":"Pour nous joindre","description":"Syst\u00e8mes centraux d\u2019aspiration BEAM est d\u00e9tenue \u00e0 cent pour cent par Nuera Air et son si\u00e8ge social se trouve \u00e0 Laval au Qu\u00e9bec (Canada).","robots":{"index":"index","follow":"follow","max-snippet":"max-snippet:-1","max-image-preview":"max-image-preview:large","max-video-preview":"max-video-preview:-1"},"canonical":"https:\/\/beamvac.com\/fr\/pour-nous-joindre\/","og_locale":"fr_FR","og_type":"article","og_title":"Pour nous joindre","og_description":"Syst\u00e8mes centraux d\u2019aspiration BEAM est d\u00e9tenue \u00e0 cent pour cent par Nuera Air et son si\u00e8ge social se trouve \u00e0 Laval au Qu\u00e9bec (Canada).","og_url":"https:\/\/beamvac.com\/fr\/pour-nous-joindre\/","og_site_name":"BEAM","article_modified_time":"2025-07-15T19:40:59+00:00","twitter_card":"summary_large_image","twitter_misc":{"Dur\u00e9e de lecture estim\u00e9e":"1 minute"},"schema":{"@context":"https:\/\/schema.org","@graph":[{"@type":"WebPage","@id":"https:\/\/beamvac.com\/fr\/pour-nous-joindre\/","url":"https:\/\/beamvac.com\/fr\/pour-nous-joindre\/","name":"Pour nous joindre","isPartOf":{"@id":"https:\/\/beamvac.com\/#website"},"datePublished":"2019-02-11T09:32:59+00:00","dateModified":"2025-07-15T19:40:59+00:00","description":"Syst\u00e8mes centraux d\u2019aspiration BEAM est d\u00e9tenue \u00e0 cent pour cent par Nuera Air et son si\u00e8ge social se trouve \u00e0 Laval au Qu\u00e9bec (Canada).","breadcrumb":{"@id":"https:\/\/beamvac.com\/fr\/pour-nous-joindre\/#breadcrumb"},"inLanguage":"fr-FR","potentialAction":[{"@type":"ReadAction","target":["https:\/\/beamvac.com\/fr\/pour-nous-joindre\/"]}]},{"@type":"BreadcrumbList","@id":"https:\/\/beamvac.com\/fr\/pour-nous-joindre\/#breadcrumb","itemListElement":[{"@type":"ListItem","position":1,"name":"Home","item":"https:\/\/beamvac.com\/fr\/"},{"@type":"ListItem","position":2,"name":"Pour nous joindre"}]},{"@type":"WebSite","@id":"https:\/\/beamvac.com\/#website","url":"https:\/\/beamvac.com\/","name":"BEAM","description":"Premium Central Vacuum Systems","potentialAction":[{"@type":"SearchAction","target":{"@type":"EntryPoint","urlTemplate":"https:\/\/beamvac.com\/?s={search_term_string}"},"query-input":{"@type":"PropertyValueSpecification","valueRequired":true,"valueName":"search_term_string"}}],"inLanguage":"fr-FR"}]}},"_links":{"self":[{"href":"https:\/\/beamvac.com\/fr\/wp-json\/wp\/v2\/pages\/4355","targetHints":{"allow":["GET"]}}],"collection":[{"href":"https:\/\/beamvac.com\/fr\/wp-json\/wp\/v2\/pages"}],"about":[{"href":"https:\/\/beamvac.com\/fr\/wp-json\/wp\/v2\/types\/page"}],"author":[{"embeddable":true,"href":"https:\/\/beamvac.com\/fr\/wp-json\/wp\/v2\/users\/1"}],"replies":[{"embeddable":true,"href":"https:\/\/beamvac.com\/fr\/wp-json\/wp\/v2\/comments?post=4355"}],"version-history":[{"count":23,"href":"https:\/\/beamvac.com\/fr\/wp-json\/wp\/v2\/pages\/4355\/revisions"}],"predecessor-version":[{"id":10105,"href":"https:\/\/beamvac.com\/fr\/wp-json\/wp\/v2\/pages\/4355\/revisions\/10105"}],"wp:attachment":[{"href":"https:\/\/beamvac.com\/fr\/wp-json\/wp\/v2\/media?parent=4355"}],"curies":[{"name":"wp","href":"https:\/\/api.w.org\/{rel}","templated":true}]}}