{"id":4336,"date":"2019-02-11T09:13:05","date_gmt":"2019-02-11T09:13:05","guid":{"rendered":"https:\/\/beamvac.com\/?page_id=4336"},"modified":"2025-07-29T12:04:30","modified_gmt":"2025-07-29T16:04:30","slug":"garantie","status":"publish","type":"page","link":"https:\/\/beamvac.com\/fr\/garantie\/","title":{"rendered":"Garantie"},"content":{"rendered":"<div class=\"wpb-content-wrapper\"><p>[vc_row][vc_column]<\/p>\n<p>[vc_custom_heading text=\u00a0\u00bbBEAM SERVICE APR\u00c8S-VENTE ET R\u00c9PARATION\u00a0\u00bb font_container=\u00a0\u00bbtag:h1|text_align:left\u00a0\u00bb use_theme_fonts=\u00a0\u00bbyes\u00a0\u00bb]<\/p>\n<p>[vc_column_text]Chez Beam, nous savons qu\u2019un bon service apr\u00e8s-vente est essentiel pour vous permettre de profiter pleinement de votre aspirateur central et de tous les avantages qu\u2019un syst\u00e8me d\u2019aspiration centralis\u00e9e peut offrir.<\/p>\n<p>Depuis juin 2024, Les Industries Trovac Lt\u00e9e ont acquis la marque [Beam], renfor\u00e7ant ainsi notre position sur le march\u00e9 des aspirateurs centraux. Cette acquisition nous permet d\u2019\u00e9largir notre gamme de produits et de continuer \u00e0 offrir des solutions de haute qualit\u00e9.<\/p>\n<p>C\u2019est pourquoi nous nous engageons \u00e0 vous accompagner dans l\u2019entretien et la r\u00e9paration de votre appareil, afin qu\u2019il reste performant et fiable au fil des ann\u00e9es.<\/p>\n<p>Pour mieux r\u00e9pondre \u00e0 vos besoins et trouver rapidement une solution adapt\u00e9e, nous vous invitons \u00e0 compl\u00e9ter le formulaire ci-dessous. Notre \u00e9quipe prendra contact avec vous dans les plus brefs d\u00e9lais pour vous assister et vous proposer les meilleures options pour votre aspirateur Beam.<br \/>\n[\/vc_column_text]<\/p>\n<p>[vc_btn title=\u00a0\u00bbNOUS JOINDRE\u00a0\u00bb style=\u00a0\u00bboutline-custom\u00a0\u00bb outline_custom_color=\u00a0\u00bb#7fa1d4&Prime; outline_custom_hover_background=\u00a0\u00bb#7fa1d4&Prime; outline_custom_hover_text=\u00a0\u00bb#ffffff\u00a0\u00bb shape=\u00a0\u00bbsquare\u00a0\u00bb align=\u00a0\u00bbleft\u00a0\u00bb el_class=\u00a0\u00bbproduct-learn-more\u00a0\u00bb link=\u00a0\u00bburl:https%3A%2F%2Fbeamvac.com%2Ffr%2Fpour-nous-joindre%2F|title:Nous%20joindre\u00a0\u00bb] <\/p>\n<p>[vc_custom_heading text=\u00a0\u00bbLa garantie Beam\u00a0\u00bb font_container=\u00a0\u00bbtag:h2|text_align:left\u00a0\u00bb use_theme_fonts=\u00a0\u00bbyes\u00a0\u00bb]<br \/>\n[vc_column_text]<\/p>\n<p>Tous les appareils Beam fabriqu\u00e9s \u00e0 partir de septembre 2024 par Les Industries Trovac b\u00e9n\u00e9ficient de la garantie du manufacturier, telle que pr\u00e9cis\u00e9e dans le <a href=\"\/wp-content\/uploads\/2025\/06\/IMPMODBEAM_Instruc_Beam-2025.pdf\">manuel de l&rsquo;utilisateur<\/a>.\u00a0<\/p>\n<p>Garantie domestique Beam\u00a0<br \/>\n[\/vc_column_text]<\/p>\n<p>[vc_column_text el_class=\u00a0\u00bbpy-2 atwm-lang-ca\u00a0\u00bb]<\/p>\n<div class=\"wpb_text_column wpb_content_element \">\n<div class=\"wpb_wrapper\">\n<div class=\"atwm-responsive-table\">\n<table class=\"table table-bordered\">\n<thead>\n<tr>\n<th>Mod\u00e8le<\/th>\n<th>Pi\u00e8ces<\/th>\n<th>Main d\u2019oeuvre<\/th>\n<\/tr>\n<\/thead>\n<tbody>\n<tr>\n<td>205, 275<\/td>\n<td>5 ans<\/td>\n<td rowspan=\"3\">1 an<\/td>\n<\/tr>\n<tr>\n<td>345, 360<\/td>\n<td>10 ans<\/td>\n<\/tr>\n<tr>\n<td>475, 495, 3600, 4500<\/td>\n<td>10 ans ou 750 heures<\/td>\n<\/tr>\n<\/tbody>\n<\/table>\n<\/div><\/div><\/div>\n<p>[\/vc_column_text]<\/p>\n<p>[vc_column_text el_class=\u00a0\u00bbpy-2 atwm-lang-eu \u00ab\u00a0]<\/p>\n<div class=\"wpb_text_column wpb_content_element \">\n<div class=\"wpb_wrapper\">\n<div class=\"atwm-responsive-table\">\n<table class=\"table table-bordered\">\n<thead>\n<tr>\n<th>Mod\u00e8le<\/th>\n<th>Pi\u00e8ces<\/th>\n<\/tr>\n<\/thead>\n<tbody>\n<tr>\n<td>275, 295, 345, 360<\/td>\n<td>5 ans<\/td>\n<\/tr>\n<tr>\n<td>475, 495, 3600, 4500<\/td>\n<td>7 ans ou 750 heures<\/td>\n<\/tr>\n<\/tbody>\n<\/table>\n<\/div><\/div><\/div>\n<p>[\/vc_column_text]<\/p>\n<p>[vc_custom_heading text=\u00a0\u00bbParce que votre confort et la qualit\u00e9 de l\u2019air de votre maison m\u00e9ritent le meilleur, faites confiance au service Beam.\u00a0\u00bb font_container=\u00a0\u00bbtag:h2|text_align:left\u00a0\u00bb use_theme_fonts=\u00a0\u00bbyes\u00a0\u00bb]<\/p>\n<p>[vc_column_text]Afin de maintenir vos produits \u00e0 jour, nous vous invitons \u00e0 visiter notre section \u00ab\u00a0O\u00d9 ACHETER\u00a0\u00bb pour b\u00e9n\u00e9ficier de services de r\u00e9paration.[\/vc_column_text]<\/p>\n<p>[vc_btn title=\u00a0\u00bbTROUVER UN MARCHAND\u00a0\u00bb style=\u00a0\u00bboutline-custom\u00a0\u00bb outline_custom_color=\u00a0\u00bb#7fa1d4&Prime; outline_custom_hover_background=\u00a0\u00bb#7fa1d4&Prime; outline_custom_hover_text=\u00a0\u00bb#ffffff\u00a0\u00bb shape=\u00a0\u00bbsquare\u00a0\u00bb align=\u00a0\u00bbleft\u00a0\u00bb el_class=\u00a0\u00bbproduct-learn-more\u00a0\u00bb link=\u00a0\u00bburl:https%3A%2F%2Fbeamvac.com%2Ffr%2Fou-acheter%2F|title:Ou%20acheter\u00a0\u00bb]<\/p>\n<p>[\/vc_column][\/vc_row]<\/p>\n<\/div>","protected":false},"excerpt":{"rendered":"<p>[vc_row][vc_column] [vc_custom_heading text=\u00a0\u00bbBEAM SERVICE APR\u00c8S-VENTE ET R\u00c9PARATION\u00a0\u00bb font_container=\u00a0\u00bbtag:h1|text_align:left\u00a0\u00bb use_theme_fonts=\u00a0\u00bbyes\u00a0\u00bb] [vc_column_text]Chez Beam, nous savons qu\u2019un bon service apr\u00e8s-vente est essentiel pour vous permettre de profiter pleinement de votre aspirateur central et de tous les avantages qu\u2019un syst\u00e8me d\u2019aspiration centralis\u00e9e peut offrir. Depuis juin 2024, Les Industries Trovac Lt\u00e9e ont acquis la marque [Beam], renfor\u00e7ant ainsi notre [&hellip;]<\/p>\n","protected":false},"author":1,"featured_media":0,"parent":0,"menu_order":0,"comment_status":"closed","ping_status":"closed","template":"","meta":{"footnotes":""},"class_list":["post-4336","page","type-page","status-publish","hentry"],"yoast_head":"<!-- This site is optimized with the Yoast SEO plugin v26.9 - https:\/\/yoast.com\/product\/yoast-seo-wordpress\/ -->\n<title>D\u00e9couvrez le meilleur programme de garanties de l\u2019industrie \u2013 le programme de garanties BEAM<\/title>\n<meta name=\"description\" content=\"Garanties allant jusqu\u2019\u00e0 15 ans sur les moteurs, les composants \u00e9lectriques et les cuves \u00e0 poussi\u00e8re. Adressez-vous \u00e0 un d\u00e9taillant BEAM pour obtenir les d\u00e9tails des garanties.\" \/>\n<meta name=\"robots\" content=\"index, follow, max-snippet:-1, max-image-preview:large, max-video-preview:-1\" \/>\n<link rel=\"canonical\" href=\"https:\/\/beamvac.com\/fr\/garantie\/\" \/>\n<meta property=\"og:locale\" content=\"fr_FR\" \/>\n<meta property=\"og:type\" content=\"article\" \/>\n<meta property=\"og:title\" content=\"D\u00e9couvrez le meilleur programme de garanties de l\u2019industrie \u2013 le programme de garanties BEAM\" \/>\n<meta property=\"og:description\" content=\"Garanties allant jusqu\u2019\u00e0 15 ans sur les moteurs, les composants \u00e9lectriques et les cuves \u00e0 poussi\u00e8re. Adressez-vous \u00e0 un d\u00e9taillant BEAM pour obtenir les d\u00e9tails des garanties.\" \/>\n<meta property=\"og:url\" content=\"https:\/\/beamvac.com\/fr\/garantie\/\" \/>\n<meta property=\"og:site_name\" content=\"BEAM\" \/>\n<meta property=\"article:modified_time\" content=\"2025-07-29T16:04:30+00:00\" \/>\n<meta name=\"twitter:card\" content=\"summary_large_image\" \/>\n<meta name=\"twitter:label1\" content=\"Dur\u00e9e de lecture estim\u00e9e\" \/>\n\t<meta name=\"twitter:data1\" content=\"2 minutes\" \/>\n<script type=\"application\/ld+json\" class=\"yoast-schema-graph\">{\"@context\":\"https:\/\/schema.org\",\"@graph\":[{\"@type\":\"WebPage\",\"@id\":\"https:\/\/beamvac.com\/fr\/garantie\/\",\"url\":\"https:\/\/beamvac.com\/fr\/garantie\/\",\"name\":\"D\u00e9couvrez le meilleur programme de garanties de l\u2019industrie \u2013 le programme de garanties BEAM\",\"isPartOf\":{\"@id\":\"https:\/\/beamvac.com\/#website\"},\"datePublished\":\"2019-02-11T09:13:05+00:00\",\"dateModified\":\"2025-07-29T16:04:30+00:00\",\"description\":\"Garanties allant jusqu\u2019\u00e0 15 ans sur les moteurs, les composants \u00e9lectriques et les cuves \u00e0 poussi\u00e8re. Adressez-vous \u00e0 un d\u00e9taillant BEAM pour obtenir les d\u00e9tails des garanties.\",\"breadcrumb\":{\"@id\":\"https:\/\/beamvac.com\/fr\/garantie\/#breadcrumb\"},\"inLanguage\":\"fr-FR\",\"potentialAction\":[{\"@type\":\"ReadAction\",\"target\":[\"https:\/\/beamvac.com\/fr\/garantie\/\"]}]},{\"@type\":\"BreadcrumbList\",\"@id\":\"https:\/\/beamvac.com\/fr\/garantie\/#breadcrumb\",\"itemListElement\":[{\"@type\":\"ListItem\",\"position\":1,\"name\":\"Home\",\"item\":\"https:\/\/beamvac.com\/fr\/\"},{\"@type\":\"ListItem\",\"position\":2,\"name\":\"Garantie\"}]},{\"@type\":\"WebSite\",\"@id\":\"https:\/\/beamvac.com\/#website\",\"url\":\"https:\/\/beamvac.com\/\",\"name\":\"BEAM\",\"description\":\"Premium Central Vacuum Systems\",\"potentialAction\":[{\"@type\":\"SearchAction\",\"target\":{\"@type\":\"EntryPoint\",\"urlTemplate\":\"https:\/\/beamvac.com\/?s={search_term_string}\"},\"query-input\":{\"@type\":\"PropertyValueSpecification\",\"valueRequired\":true,\"valueName\":\"search_term_string\"}}],\"inLanguage\":\"fr-FR\"}]}<\/script>\n<!-- \/ Yoast SEO plugin. -->","yoast_head_json":{"title":"D\u00e9couvrez le meilleur programme de garanties de l\u2019industrie \u2013 le programme de garanties BEAM","description":"Garanties allant jusqu\u2019\u00e0 15 ans sur les moteurs, les composants \u00e9lectriques et les cuves \u00e0 poussi\u00e8re. Adressez-vous \u00e0 un d\u00e9taillant BEAM pour obtenir les d\u00e9tails des garanties.","robots":{"index":"index","follow":"follow","max-snippet":"max-snippet:-1","max-image-preview":"max-image-preview:large","max-video-preview":"max-video-preview:-1"},"canonical":"https:\/\/beamvac.com\/fr\/garantie\/","og_locale":"fr_FR","og_type":"article","og_title":"D\u00e9couvrez le meilleur programme de garanties de l\u2019industrie \u2013 le programme de garanties BEAM","og_description":"Garanties allant jusqu\u2019\u00e0 15 ans sur les moteurs, les composants \u00e9lectriques et les cuves \u00e0 poussi\u00e8re. Adressez-vous \u00e0 un d\u00e9taillant BEAM pour obtenir les d\u00e9tails des garanties.","og_url":"https:\/\/beamvac.com\/fr\/garantie\/","og_site_name":"BEAM","article_modified_time":"2025-07-29T16:04:30+00:00","twitter_card":"summary_large_image","twitter_misc":{"Dur\u00e9e de lecture estim\u00e9e":"2 minutes"},"schema":{"@context":"https:\/\/schema.org","@graph":[{"@type":"WebPage","@id":"https:\/\/beamvac.com\/fr\/garantie\/","url":"https:\/\/beamvac.com\/fr\/garantie\/","name":"D\u00e9couvrez le meilleur programme de garanties de l\u2019industrie \u2013 le programme de garanties BEAM","isPartOf":{"@id":"https:\/\/beamvac.com\/#website"},"datePublished":"2019-02-11T09:13:05+00:00","dateModified":"2025-07-29T16:04:30+00:00","description":"Garanties allant jusqu\u2019\u00e0 15 ans sur les moteurs, les composants \u00e9lectriques et les cuves \u00e0 poussi\u00e8re. Adressez-vous \u00e0 un d\u00e9taillant BEAM pour obtenir les d\u00e9tails des garanties.","breadcrumb":{"@id":"https:\/\/beamvac.com\/fr\/garantie\/#breadcrumb"},"inLanguage":"fr-FR","potentialAction":[{"@type":"ReadAction","target":["https:\/\/beamvac.com\/fr\/garantie\/"]}]},{"@type":"BreadcrumbList","@id":"https:\/\/beamvac.com\/fr\/garantie\/#breadcrumb","itemListElement":[{"@type":"ListItem","position":1,"name":"Home","item":"https:\/\/beamvac.com\/fr\/"},{"@type":"ListItem","position":2,"name":"Garantie"}]},{"@type":"WebSite","@id":"https:\/\/beamvac.com\/#website","url":"https:\/\/beamvac.com\/","name":"BEAM","description":"Premium Central Vacuum Systems","potentialAction":[{"@type":"SearchAction","target":{"@type":"EntryPoint","urlTemplate":"https:\/\/beamvac.com\/?s={search_term_string}"},"query-input":{"@type":"PropertyValueSpecification","valueRequired":true,"valueName":"search_term_string"}}],"inLanguage":"fr-FR"}]}},"_links":{"self":[{"href":"https:\/\/beamvac.com\/fr\/wp-json\/wp\/v2\/pages\/4336","targetHints":{"allow":["GET"]}}],"collection":[{"href":"https:\/\/beamvac.com\/fr\/wp-json\/wp\/v2\/pages"}],"about":[{"href":"https:\/\/beamvac.com\/fr\/wp-json\/wp\/v2\/types\/page"}],"author":[{"embeddable":true,"href":"https:\/\/beamvac.com\/fr\/wp-json\/wp\/v2\/users\/1"}],"replies":[{"embeddable":true,"href":"https:\/\/beamvac.com\/fr\/wp-json\/wp\/v2\/comments?post=4336"}],"version-history":[{"count":19,"href":"https:\/\/beamvac.com\/fr\/wp-json\/wp\/v2\/pages\/4336\/revisions"}],"predecessor-version":[{"id":10145,"href":"https:\/\/beamvac.com\/fr\/wp-json\/wp\/v2\/pages\/4336\/revisions\/10145"}],"wp:attachment":[{"href":"https:\/\/beamvac.com\/fr\/wp-json\/wp\/v2\/media?parent=4336"}],"curies":[{"name":"wp","href":"https:\/\/api.w.org\/{rel}","templated":true}]}}