{"id":4332,"date":"2019-02-11T09:08:51","date_gmt":"2019-02-11T09:08:51","guid":{"rendered":"https:\/\/beamvac.com\/?page_id=4332"},"modified":"2025-01-08T09:49:00","modified_gmt":"2025-01-08T14:49:00","slug":"comment-ca-fonctionne","status":"publish","type":"page","link":"https:\/\/beamvac.com\/fr\/comment-ca-fonctionne\/","title":{"rendered":"Comment \u00e7a fonctionne"},"content":{"rendered":"<div class=\"wpb-content-wrapper\"><p>[vc_row][vc_column width=\u00a0\u00bb2\/3&Prime;][vc_custom_heading text=\u00a0\u00bbComment fonctionne un aspirateur central?\u00a0\u00bb font_container=\u00a0\u00bbtag:h1|text_align:left\u00a0\u00bb use_theme_fonts=\u00a0\u00bbyes\u00a0\u00bb][vc_column_text]Les syst\u00e8mes centraux d\u2019aspiration BEAM utilisent une tuyauterie install\u00e9e dans les murs de votre maison qui est express\u00e9ment con\u00e7ue pour transporter 100 % des salet\u00e9s, de la poussi\u00e8re et des particules allerg\u00e8nes aspir\u00e9es loin des pi\u00e8ces o\u00f9 vous vivez vers l\u2019unit\u00e9 motrice habituellement install\u00e9e dans le garage, la salle de lavage ou le sous-sol.<\/p>\n<p>Pour mettre le syst\u00e8me en marche, il suffit d\u2019ins\u00e9rer le l\u00e9ger boyau dans une prise d\u2019aspiration murale. Dans la plupart des maisons, il y aura une prise d\u2019aspiration murale par \u00e9tage, soit en moyenne trois prises par maison. Le boyau flexible l\u00e9ger et le syst\u00e8me de prises d\u2019aspiration murales vous permettent de vous d\u00e9placer facilement d\u2019une pi\u00e8ce \u00e0 l\u2019autre sans avoir \u00e0 pousser un aspirateur vertical lourd ou \u00e0 tirer derri\u00e8re vous un aspirateur-chariot qui frappe habituellement les murs ou les meubles de valeur.<\/p>\n<p>Les syst\u00e8mes centraux d\u2019aspiration BEAM sont beaucoup plus silencieux que la plupart des aspirateurs portatifs puisque l\u2019unit\u00e9 motrice d\u2019un aspirateur central se trouve \u00e0 l\u2019ext\u00e9rieur des pi\u00e8ces o\u00f9 vous vivez, alors que le moteur d\u2019un aspirateur portatif se trouve dans la pi\u00e8ce que vous nettoyez.[\/vc_column_text][\/vc_column][vc_column width=\u00a0\u00bb1\/3&Prime;][vc_empty_space height=\u00a0\u00bb3rem\u00a0\u00bb][vc_single_image image=\u00a0\u00bb9306&Prime; img_size=\u00a0\u00bbfull\u00a0\u00bb][\/vc_column][\/vc_row][vc_row][vc_column width=\u00a0\u00bb1\/2&Prime;][vc_single_image image=\u00a0\u00bb1626&Prime; img_size=\u00a0\u00bbfull\u00a0\u00bb][\/vc_column][vc_column width=\u00a0\u00bb1\/2&Prime;][vc_column_text]1. La tuyauterie \u2013 install\u00e9e dans les murs int\u00e9rieurs, le grenier, le sous-sol et les vides sanitaires \u2013 relie les prises d\u2019aspiration murale \u00e0 l\u2019unit\u00e9 motrice.<br \/>\n2. Chaque prise d\u2019aspiration, strat\u00e9giquement situ\u00e9e, vous permet de nettoyer environ 65 \u00e0 75 m2 (700 \u00e0 800 m2).<br \/>\n3. L\u2019unit\u00e9 motrice est install\u00e9e loin des pi\u00e8ces o\u00f9 vous vivez \u2013 habituellement dans un sous-sol, un garage ou une salle de lavage bien a\u00e9r\u00e9e.<br \/>\n4. Des accessoires novateurs, comme la VacPan, peuvent \u00eatre int\u00e9gr\u00e9s au syst\u00e8me pour faciliter davantage le nettoyage.<br \/>\n5. Gr\u00e2ce \u00e0 une vari\u00e9t\u00e9 d\u2019accessoires de nettoyage \u2013 comme un outil de coin, une brosse \u00e0 \u00e9pousseter et un outil \u00e0 capitonnage \u2013 vous pouvez passer l\u2019aspirateur sur tous les types de surface.<br \/>\n6. Un syst\u00e8me d\u2019\u00e9vacuation d\u2019air \u00e0 l\u2019ext\u00e9rieur ou un syst\u00e8me de filtration HEPA ne vous laissera rien d\u2019autre qu\u2019un air int\u00e9rieur propre.[\/vc_column_text][\/vc_column][\/vc_row]<\/p>\n<\/div>","protected":false},"excerpt":{"rendered":"<p>[vc_row][vc_column width=\u00a0\u00bb2\/3&Prime;][vc_custom_heading text=\u00a0\u00bbComment fonctionne un aspirateur central?\u00a0\u00bb font_container=\u00a0\u00bbtag:h1|text_align:left\u00a0\u00bb use_theme_fonts=\u00a0\u00bbyes\u00a0\u00bb][vc_column_text]Les syst\u00e8mes centraux d\u2019aspiration BEAM utilisent une tuyauterie install\u00e9e dans les murs de votre maison qui est express\u00e9ment con\u00e7ue pour transporter 100 % des salet\u00e9s, de la poussi\u00e8re et des particules allerg\u00e8nes aspir\u00e9es loin des pi\u00e8ces o\u00f9 vous vivez vers l\u2019unit\u00e9 motrice habituellement install\u00e9e dans le garage, [&hellip;]<\/p>\n","protected":false},"author":1,"featured_media":0,"parent":0,"menu_order":0,"comment_status":"closed","ping_status":"closed","template":"","meta":{"footnotes":""},"class_list":["post-4332","page","type-page","status-publish","hentry"],"yoast_head":"<!-- This site is optimized with the Yoast SEO plugin v26.9 - https:\/\/yoast.com\/product\/yoast-seo-wordpress\/ -->\n<title>Comment fonctionne un aspirateur central BEAM?<\/title>\n<meta name=\"description\" content=\"D\u00e9couvrez le fonctionnement interne des aspirateurs centraux BEAM, sp\u00e9cialement con\u00e7us pour transporter 100% de la salet\u00e9, de la poussi\u00e8re et des allerg\u00e8nes contact\u00e9s hors des espaces de vie.\" \/>\n<meta name=\"robots\" content=\"index, follow, max-snippet:-1, max-image-preview:large, max-video-preview:-1\" \/>\n<link rel=\"canonical\" href=\"https:\/\/beamvac.com\/fr\/comment-ca-fonctionne\/\" \/>\n<meta property=\"og:locale\" content=\"fr_FR\" \/>\n<meta property=\"og:type\" content=\"article\" \/>\n<meta property=\"og:title\" content=\"Comment fonctionne un aspirateur central BEAM?\" \/>\n<meta property=\"og:description\" content=\"D\u00e9couvrez le fonctionnement interne des aspirateurs centraux BEAM, sp\u00e9cialement con\u00e7us pour transporter 100% de la salet\u00e9, de la poussi\u00e8re et des allerg\u00e8nes contact\u00e9s hors des espaces de vie.\" \/>\n<meta property=\"og:url\" content=\"https:\/\/beamvac.com\/fr\/comment-ca-fonctionne\/\" \/>\n<meta property=\"og:site_name\" content=\"BEAM\" \/>\n<meta property=\"article:modified_time\" content=\"2025-01-08T14:49:00+00:00\" \/>\n<meta name=\"twitter:card\" content=\"summary_large_image\" \/>\n<meta name=\"twitter:label1\" content=\"Dur\u00e9e de lecture estim\u00e9e\" \/>\n\t<meta name=\"twitter:data1\" content=\"2 minutes\" \/>\n<script type=\"application\/ld+json\" class=\"yoast-schema-graph\">{\"@context\":\"https:\/\/schema.org\",\"@graph\":[{\"@type\":\"WebPage\",\"@id\":\"https:\/\/beamvac.com\/fr\/comment-ca-fonctionne\/\",\"url\":\"https:\/\/beamvac.com\/fr\/comment-ca-fonctionne\/\",\"name\":\"Comment fonctionne un aspirateur central BEAM?\",\"isPartOf\":{\"@id\":\"https:\/\/beamvac.com\/#website\"},\"datePublished\":\"2019-02-11T09:08:51+00:00\",\"dateModified\":\"2025-01-08T14:49:00+00:00\",\"description\":\"D\u00e9couvrez le fonctionnement interne des aspirateurs centraux BEAM, sp\u00e9cialement con\u00e7us pour transporter 100% de la salet\u00e9, de la poussi\u00e8re et des allerg\u00e8nes contact\u00e9s hors des espaces de vie.\",\"breadcrumb\":{\"@id\":\"https:\/\/beamvac.com\/fr\/comment-ca-fonctionne\/#breadcrumb\"},\"inLanguage\":\"fr-FR\",\"potentialAction\":[{\"@type\":\"ReadAction\",\"target\":[\"https:\/\/beamvac.com\/fr\/comment-ca-fonctionne\/\"]}]},{\"@type\":\"BreadcrumbList\",\"@id\":\"https:\/\/beamvac.com\/fr\/comment-ca-fonctionne\/#breadcrumb\",\"itemListElement\":[{\"@type\":\"ListItem\",\"position\":1,\"name\":\"Home\",\"item\":\"https:\/\/beamvac.com\/fr\/\"},{\"@type\":\"ListItem\",\"position\":2,\"name\":\"Comment \u00e7a fonctionne\"}]},{\"@type\":\"WebSite\",\"@id\":\"https:\/\/beamvac.com\/#website\",\"url\":\"https:\/\/beamvac.com\/\",\"name\":\"BEAM\",\"description\":\"Premium Central Vacuum Systems\",\"potentialAction\":[{\"@type\":\"SearchAction\",\"target\":{\"@type\":\"EntryPoint\",\"urlTemplate\":\"https:\/\/beamvac.com\/?s={search_term_string}\"},\"query-input\":{\"@type\":\"PropertyValueSpecification\",\"valueRequired\":true,\"valueName\":\"search_term_string\"}}],\"inLanguage\":\"fr-FR\"}]}<\/script>\n<!-- \/ Yoast SEO plugin. -->","yoast_head_json":{"title":"Comment fonctionne un aspirateur central BEAM?","description":"D\u00e9couvrez le fonctionnement interne des aspirateurs centraux BEAM, sp\u00e9cialement con\u00e7us pour transporter 100% de la salet\u00e9, de la poussi\u00e8re et des allerg\u00e8nes contact\u00e9s hors des espaces de vie.","robots":{"index":"index","follow":"follow","max-snippet":"max-snippet:-1","max-image-preview":"max-image-preview:large","max-video-preview":"max-video-preview:-1"},"canonical":"https:\/\/beamvac.com\/fr\/comment-ca-fonctionne\/","og_locale":"fr_FR","og_type":"article","og_title":"Comment fonctionne un aspirateur central BEAM?","og_description":"D\u00e9couvrez le fonctionnement interne des aspirateurs centraux BEAM, sp\u00e9cialement con\u00e7us pour transporter 100% de la salet\u00e9, de la poussi\u00e8re et des allerg\u00e8nes contact\u00e9s hors des espaces de vie.","og_url":"https:\/\/beamvac.com\/fr\/comment-ca-fonctionne\/","og_site_name":"BEAM","article_modified_time":"2025-01-08T14:49:00+00:00","twitter_card":"summary_large_image","twitter_misc":{"Dur\u00e9e de lecture estim\u00e9e":"2 minutes"},"schema":{"@context":"https:\/\/schema.org","@graph":[{"@type":"WebPage","@id":"https:\/\/beamvac.com\/fr\/comment-ca-fonctionne\/","url":"https:\/\/beamvac.com\/fr\/comment-ca-fonctionne\/","name":"Comment fonctionne un aspirateur central BEAM?","isPartOf":{"@id":"https:\/\/beamvac.com\/#website"},"datePublished":"2019-02-11T09:08:51+00:00","dateModified":"2025-01-08T14:49:00+00:00","description":"D\u00e9couvrez le fonctionnement interne des aspirateurs centraux BEAM, sp\u00e9cialement con\u00e7us pour transporter 100% de la salet\u00e9, de la poussi\u00e8re et des allerg\u00e8nes contact\u00e9s hors des espaces de vie.","breadcrumb":{"@id":"https:\/\/beamvac.com\/fr\/comment-ca-fonctionne\/#breadcrumb"},"inLanguage":"fr-FR","potentialAction":[{"@type":"ReadAction","target":["https:\/\/beamvac.com\/fr\/comment-ca-fonctionne\/"]}]},{"@type":"BreadcrumbList","@id":"https:\/\/beamvac.com\/fr\/comment-ca-fonctionne\/#breadcrumb","itemListElement":[{"@type":"ListItem","position":1,"name":"Home","item":"https:\/\/beamvac.com\/fr\/"},{"@type":"ListItem","position":2,"name":"Comment \u00e7a fonctionne"}]},{"@type":"WebSite","@id":"https:\/\/beamvac.com\/#website","url":"https:\/\/beamvac.com\/","name":"BEAM","description":"Premium Central Vacuum Systems","potentialAction":[{"@type":"SearchAction","target":{"@type":"EntryPoint","urlTemplate":"https:\/\/beamvac.com\/?s={search_term_string}"},"query-input":{"@type":"PropertyValueSpecification","valueRequired":true,"valueName":"search_term_string"}}],"inLanguage":"fr-FR"}]}},"_links":{"self":[{"href":"https:\/\/beamvac.com\/fr\/wp-json\/wp\/v2\/pages\/4332","targetHints":{"allow":["GET"]}}],"collection":[{"href":"https:\/\/beamvac.com\/fr\/wp-json\/wp\/v2\/pages"}],"about":[{"href":"https:\/\/beamvac.com\/fr\/wp-json\/wp\/v2\/types\/page"}],"author":[{"embeddable":true,"href":"https:\/\/beamvac.com\/fr\/wp-json\/wp\/v2\/users\/1"}],"replies":[{"embeddable":true,"href":"https:\/\/beamvac.com\/fr\/wp-json\/wp\/v2\/comments?post=4332"}],"version-history":[{"count":9,"href":"https:\/\/beamvac.com\/fr\/wp-json\/wp\/v2\/pages\/4332\/revisions"}],"predecessor-version":[{"id":9308,"href":"https:\/\/beamvac.com\/fr\/wp-json\/wp\/v2\/pages\/4332\/revisions\/9308"}],"wp:attachment":[{"href":"https:\/\/beamvac.com\/fr\/wp-json\/wp\/v2\/media?parent=4332"}],"curies":[{"name":"wp","href":"https:\/\/api.w.org\/{rel}","templated":true}]}}