{"id":4318,"date":"2019-02-11T08:34:13","date_gmt":"2019-02-11T08:34:13","guid":{"rendered":"https:\/\/beamvac.com\/?page_id=4318"},"modified":"2025-01-08T09:42:49","modified_gmt":"2025-01-08T14:42:49","slug":"avantages-de-beam","status":"publish","type":"page","link":"https:\/\/beamvac.com\/fr\/a-propos-de-beam\/avantages-de-beam\/","title":{"rendered":"Avantages de BEAM"},"content":{"rendered":"<div class=\"wpb-content-wrapper\"><p>[vc_row el_class=\u00a0\u00bbcontainer-medium\u00a0\u00bb][vc_column width=\u00a0\u00bb1\/2&Prime; el_class=\u00a0\u00bbatwm-why-beam-box\u00a0\u00bb][vc_single_image image=\u00a0\u00bb1693&Prime; img_size=\u00a0\u00bbfull\u00a0\u00bb][vc_custom_heading text=\u00a0\u00bbPOUR UNE MAISON PROPRE ET FRA\u00ceCHE\u00a0\u00bb use_theme_fonts=\u00a0\u00bbyes\u00a0\u00bb][vc_column_text]Une maison saine est une maison heureuse. Avec leur puissance d\u2019aspiration, la l\u00e9g\u00e8ret\u00e9 de leur boyau, leur polyvalence pratique et leur durabilit\u00e9, les syst\u00e8mes d\u2019aspiration BEAM sont con\u00e7us pour vous aider \u00e0 faire dispara\u00eetre salet\u00e9s, poussi\u00e8re, allerg\u00e8nes et autres d\u00e9bris de votre espace de vie.<\/p>\n<p><a href=\"https:\/\/beamvac.com\/fr\/a-propos-de-beam\/filtre-autonettoyant-beam\/\">En savoir plus sur le filtre autonettoyant de BEAM.<\/a>[\/vc_column_text][\/vc_column][vc_column width=\u00a0\u00bb1\/2&Prime; el_class=\u00a0\u00bbatwm-why-beam-box\u00a0\u00bb][vc_single_image image=\u00a0\u00bb9300&Prime; img_size=\u00a0\u00bbfull\u00a0\u00bb][vc_custom_heading text=\u00a0\u00bbNETTOYAGE ERGONOMIQUE\u00a0\u00bb use_theme_fonts=\u00a0\u00bbyes\u00a0\u00bb][vc_column_text]Avec un BEAM, passer l\u2019aspirateur devient une t\u00e2che m\u00e9nag\u00e8re l\u00e9g\u00e8re et non pas un exercice d\u2019halt\u00e9rophilie ou une course \u00e0 obstacles. Passez facilement d\u2019une t\u00e2che \u00e0 une autre, d\u2019un \u00e9tage \u00e0 un autre, du plancher au plafond et aux marches d\u2019escaliers gr\u00e2ce au boyau l\u00e9ger et aux accessoires ergonomiques BEAM.<\/p>\n<p>Un aspirateur portatif p\u00e8se en moyenne 6 kg (15 lb) alors qu\u2019un ensemble boyau et poign\u00e9e BEAM ne p\u00e8se que 3,2 kg (7 lb). Lequel pr\u00e9f\u00e9reriez-vous pour nettoyer vos escaliers?[\/vc_column_text][\/vc_column][\/vc_row][vc_row el_class=\u00a0\u00bbcontainer-medium\u00a0\u00bb][vc_column width=\u00a0\u00bb1\/2&Prime; el_class=\u00a0\u00bbatwm-why-beam-box\u00a0\u00bb][vc_single_image image=\u00a0\u00bb1701&Prime; img_size=\u00a0\u00bbfull\u00a0\u00bb][vc_custom_heading text=\u00a0\u00bbPOUR NETTOYER DE MANI\u00c8RE SILENCIEUSE\u00a0\u00bb use_theme_fonts=\u00a0\u00bbyes\u00a0\u00bb][vc_column_text]Les syst\u00e8mes centraux d\u2019aspiration BEAM sont moins bruyants que la plupart des bruits domestiques. Vous pourrez donc passer l\u2019aspirateur quand vous le voudrez sans nuire \u00e0 la paix et \u00e0 la tranquillit\u00e9 qui r\u00e8gnent dans votre maison.<\/p>\n<p>Puisque l\u2019unit\u00e9 motrice est situ\u00e9e loin de l\u2019espace de vie, le doux murmure du d\u00e9bit d\u2019air est tout ce que vous entendrez. Vous pourrez donc passer l\u2019aspirateur quand vous le voudrez sans nuire aux activit\u00e9s ou au sommeil de qui que ce soit.<\/p>\n<p><a href=\"https:\/\/beamvac.com\/fr\/a-propos-de-beam\/silencieux\/\">Cliquez<\/a> ici pour savoir davantage<br \/>\n\u00e0 quel point un BEAM est silencieux.[\/vc_column_text][\/vc_column][vc_column width=\u00a0\u00bb1\/2&Prime; el_class=\u00a0\u00bbatwm-why-beam-box\u00a0\u00bb][vc_single_image image=\u00a0\u00bb1703&Prime; img_size=\u00a0\u00bbfull\u00a0\u00bb][vc_custom_heading text=\u00a0\u00bbPOUR UNE COMMODIT\u00c9 INT\u00c9GR\u00c9E \u00c0 PORT\u00c9E DE MAIN\u00a0\u00bb use_theme_fonts=\u00a0\u00bbyes\u00a0\u00bb][vc_column_text]Un syst\u00e8me d\u2019aspiration central BEAM\u00a0est facile \u00e0 man\u0153uvrer autour des meubles, dans les passages et les escaliers, et permet de passer d\u2019une pi\u00e8ce \u00e0 l\u2019autre sans avoir \u00e0 soulever un aspirateur vertical lourd ou \u00e0 tra\u00eener un aspirateur-chariot derri\u00e8re vous. Avec les accessoires de nettoyage pratiques rang\u00e9s sur le boyau, vous aurez toujours le bon outil \u00e0 port\u00e9e de main pour la t\u00e2che \u00e0 accomplir.[\/vc_column_text][\/vc_column][\/vc_row][vc_row el_class=\u00a0\u00bbcontainer-medium\u00a0\u00bb][vc_column width=\u00a0\u00bb1\/2&Prime; el_class=\u00a0\u00bbatwm-why-beam-box\u00a0\u00bb css=\u00a0\u00bb.vc_custom_1550054512390{margin-top: 0px !important;}\u00a0\u00bb][vc_custom_heading text=\u00a0\u00bbASPIRATEUR CENTRAL OU PORTATIF? CENTRAL SANS AUCUN DOUTE!\u00a0\u00bb use_theme_fonts=\u00a0\u00bbyes\u00a0\u00bb][vc_column_text]Comparez \u00e0 quel point un syst\u00e8me central d\u2019aspiration BEAM est sup\u00e9rieur \u00e0 un aspirateur portatif.<\/p>\n<p>Un syst\u00e8me central d\u2019aspiration BEAM retire de la maison les salet\u00e9s et la poussi\u00e8re alors que les aspirateurs conventionnels peuvent filtrer les salet\u00e9s et la poussi\u00e8re, mais retournent le m\u00eame air charg\u00e9 de celles-ci dans la maison par le dispositif d\u2019\u00e9chappement.<\/p>\n<p>Les aspirateurs centraux BEAM sont con\u00e7us avec des moteurs plus gros pour offrir une plus grande puissance d\u2019aspiration, ce qui permet de faire un nettoyage plus minutieux.<\/p>\n<p>Moins de tracas. Les aspirateurs centraux BEAM sont dot\u00e9s d\u2019un filtre autonettoyant et d\u2019une cuve \u00e0 poussi\u00e8re de grande capacit\u00e9, ce qui r\u00e9duit son besoin d\u2019\u00eatre vid\u00e9e souvent. Les aspirateurs portatifs ont des filtres qui doivent \u00eatre remplac\u00e9s et des sacs qui doivent \u00eatre vid\u00e9s r\u00e9guli\u00e8rement.[\/vc_column_text][\/vc_column][vc_column width=\u00a0\u00bb1\/2&Prime; el_class=\u00a0\u00bbatwm-why-beam-box\u00a0\u00bb][vc_single_image image=\u00a0\u00bb9303&Prime; img_size=\u00a0\u00bbfull\u00a0\u00bb][\/vc_column][\/vc_row]<\/p>\n<\/div>","protected":false},"excerpt":{"rendered":"<p>[vc_row el_class=\u00a0\u00bbcontainer-medium\u00a0\u00bb][vc_column width=\u00a0\u00bb1\/2&Prime; el_class=\u00a0\u00bbatwm-why-beam-box\u00a0\u00bb][vc_single_image image=\u00a0\u00bb1693&Prime; img_size=\u00a0\u00bbfull\u00a0\u00bb][vc_custom_heading text=\u00a0\u00bbPOUR UNE MAISON PROPRE ET FRA\u00ceCHE\u00a0\u00bb use_theme_fonts=\u00a0\u00bbyes\u00a0\u00bb][vc_column_text]Une maison saine est une maison heureuse. Avec leur puissance d\u2019aspiration, la l\u00e9g\u00e8ret\u00e9 de leur boyau, leur polyvalence pratique et leur durabilit\u00e9, les syst\u00e8mes d\u2019aspiration BEAM sont con\u00e7us pour vous aider \u00e0 faire dispara\u00eetre salet\u00e9s, poussi\u00e8re, allerg\u00e8nes et autres d\u00e9bris de votre espace [&hellip;]<\/p>\n","protected":false},"author":1,"featured_media":0,"parent":4309,"menu_order":0,"comment_status":"closed","ping_status":"closed","template":"","meta":{"footnotes":""},"class_list":["post-4318","page","type-page","status-publish","hentry"],"yoast_head":"<!-- This site is optimized with the Yoast SEO plugin v26.9 - https:\/\/yoast.com\/product\/yoast-seo-wordpress\/ -->\n<title>Les principaux avantages d\u2019un syst\u00e8me central d\u2019aspiration BEAM<\/title>\n<meta name=\"description\" content=\"Gr\u00e2ce \u00e0 ses syst\u00e8mes qui int\u00e8grent commodit\u00e9 et efficacit\u00e9 silencieuse, BEAM vous permet d\u2019avoir une maison propre et fra\u00eeche. Compar\u00e9s aux aspirateurs portatifs, les aspirateurs centraux offrent de nombreux avantages.\" \/>\n<meta name=\"robots\" content=\"index, follow, max-snippet:-1, max-image-preview:large, max-video-preview:-1\" \/>\n<link rel=\"canonical\" href=\"https:\/\/beamvac.com\/fr\/a-propos-de-beam\/avantages-de-beam\/\" \/>\n<meta property=\"og:locale\" content=\"fr_FR\" \/>\n<meta property=\"og:type\" content=\"article\" \/>\n<meta property=\"og:title\" content=\"Les principaux avantages d\u2019un syst\u00e8me central d\u2019aspiration BEAM\" \/>\n<meta property=\"og:description\" content=\"Gr\u00e2ce \u00e0 ses syst\u00e8mes qui int\u00e8grent commodit\u00e9 et efficacit\u00e9 silencieuse, BEAM vous permet d\u2019avoir une maison propre et fra\u00eeche. Compar\u00e9s aux aspirateurs portatifs, les aspirateurs centraux offrent de nombreux avantages.\" \/>\n<meta property=\"og:url\" content=\"https:\/\/beamvac.com\/fr\/a-propos-de-beam\/avantages-de-beam\/\" \/>\n<meta property=\"og:site_name\" content=\"BEAM\" \/>\n<meta property=\"article:modified_time\" content=\"2025-01-08T14:42:49+00:00\" \/>\n<meta name=\"twitter:card\" content=\"summary_large_image\" \/>\n<meta name=\"twitter:label1\" content=\"Dur\u00e9e de lecture estim\u00e9e\" \/>\n\t<meta name=\"twitter:data1\" content=\"3 minutes\" \/>\n<script type=\"application\/ld+json\" class=\"yoast-schema-graph\">{\"@context\":\"https:\/\/schema.org\",\"@graph\":[{\"@type\":\"WebPage\",\"@id\":\"https:\/\/beamvac.com\/fr\/a-propos-de-beam\/avantages-de-beam\/\",\"url\":\"https:\/\/beamvac.com\/fr\/a-propos-de-beam\/avantages-de-beam\/\",\"name\":\"Les principaux avantages d\u2019un syst\u00e8me central d\u2019aspiration BEAM\",\"isPartOf\":{\"@id\":\"https:\/\/beamvac.com\/#website\"},\"datePublished\":\"2019-02-11T08:34:13+00:00\",\"dateModified\":\"2025-01-08T14:42:49+00:00\",\"description\":\"Gr\u00e2ce \u00e0 ses syst\u00e8mes qui int\u00e8grent commodit\u00e9 et efficacit\u00e9 silencieuse, BEAM vous permet d\u2019avoir une maison propre et fra\u00eeche. Compar\u00e9s aux aspirateurs portatifs, les aspirateurs centraux offrent de nombreux avantages.\",\"breadcrumb\":{\"@id\":\"https:\/\/beamvac.com\/fr\/a-propos-de-beam\/avantages-de-beam\/#breadcrumb\"},\"inLanguage\":\"fr-FR\",\"potentialAction\":[{\"@type\":\"ReadAction\",\"target\":[\"https:\/\/beamvac.com\/fr\/a-propos-de-beam\/avantages-de-beam\/\"]}]},{\"@type\":\"BreadcrumbList\",\"@id\":\"https:\/\/beamvac.com\/fr\/a-propos-de-beam\/avantages-de-beam\/#breadcrumb\",\"itemListElement\":[{\"@type\":\"ListItem\",\"position\":1,\"name\":\"Home\",\"item\":\"https:\/\/beamvac.com\/fr\/\"},{\"@type\":\"ListItem\",\"position\":2,\"name\":\"\u00c0 propos de BEAM\",\"item\":\"https:\/\/beamvac.com\/fr\/a-propos-de-beam\/\"},{\"@type\":\"ListItem\",\"position\":3,\"name\":\"Avantages de BEAM\"}]},{\"@type\":\"WebSite\",\"@id\":\"https:\/\/beamvac.com\/#website\",\"url\":\"https:\/\/beamvac.com\/\",\"name\":\"BEAM\",\"description\":\"Premium Central Vacuum Systems\",\"potentialAction\":[{\"@type\":\"SearchAction\",\"target\":{\"@type\":\"EntryPoint\",\"urlTemplate\":\"https:\/\/beamvac.com\/?s={search_term_string}\"},\"query-input\":{\"@type\":\"PropertyValueSpecification\",\"valueRequired\":true,\"valueName\":\"search_term_string\"}}],\"inLanguage\":\"fr-FR\"}]}<\/script>\n<!-- \/ Yoast SEO plugin. -->","yoast_head_json":{"title":"Les principaux avantages d\u2019un syst\u00e8me central d\u2019aspiration BEAM","description":"Gr\u00e2ce \u00e0 ses syst\u00e8mes qui int\u00e8grent commodit\u00e9 et efficacit\u00e9 silencieuse, BEAM vous permet d\u2019avoir une maison propre et fra\u00eeche. Compar\u00e9s aux aspirateurs portatifs, les aspirateurs centraux offrent de nombreux avantages.","robots":{"index":"index","follow":"follow","max-snippet":"max-snippet:-1","max-image-preview":"max-image-preview:large","max-video-preview":"max-video-preview:-1"},"canonical":"https:\/\/beamvac.com\/fr\/a-propos-de-beam\/avantages-de-beam\/","og_locale":"fr_FR","og_type":"article","og_title":"Les principaux avantages d\u2019un syst\u00e8me central d\u2019aspiration BEAM","og_description":"Gr\u00e2ce \u00e0 ses syst\u00e8mes qui int\u00e8grent commodit\u00e9 et efficacit\u00e9 silencieuse, BEAM vous permet d\u2019avoir une maison propre et fra\u00eeche. Compar\u00e9s aux aspirateurs portatifs, les aspirateurs centraux offrent de nombreux avantages.","og_url":"https:\/\/beamvac.com\/fr\/a-propos-de-beam\/avantages-de-beam\/","og_site_name":"BEAM","article_modified_time":"2025-01-08T14:42:49+00:00","twitter_card":"summary_large_image","twitter_misc":{"Dur\u00e9e de lecture estim\u00e9e":"3 minutes"},"schema":{"@context":"https:\/\/schema.org","@graph":[{"@type":"WebPage","@id":"https:\/\/beamvac.com\/fr\/a-propos-de-beam\/avantages-de-beam\/","url":"https:\/\/beamvac.com\/fr\/a-propos-de-beam\/avantages-de-beam\/","name":"Les principaux avantages d\u2019un syst\u00e8me central d\u2019aspiration BEAM","isPartOf":{"@id":"https:\/\/beamvac.com\/#website"},"datePublished":"2019-02-11T08:34:13+00:00","dateModified":"2025-01-08T14:42:49+00:00","description":"Gr\u00e2ce \u00e0 ses syst\u00e8mes qui int\u00e8grent commodit\u00e9 et efficacit\u00e9 silencieuse, BEAM vous permet d\u2019avoir une maison propre et fra\u00eeche. Compar\u00e9s aux aspirateurs portatifs, les aspirateurs centraux offrent de nombreux avantages.","breadcrumb":{"@id":"https:\/\/beamvac.com\/fr\/a-propos-de-beam\/avantages-de-beam\/#breadcrumb"},"inLanguage":"fr-FR","potentialAction":[{"@type":"ReadAction","target":["https:\/\/beamvac.com\/fr\/a-propos-de-beam\/avantages-de-beam\/"]}]},{"@type":"BreadcrumbList","@id":"https:\/\/beamvac.com\/fr\/a-propos-de-beam\/avantages-de-beam\/#breadcrumb","itemListElement":[{"@type":"ListItem","position":1,"name":"Home","item":"https:\/\/beamvac.com\/fr\/"},{"@type":"ListItem","position":2,"name":"\u00c0 propos de BEAM","item":"https:\/\/beamvac.com\/fr\/a-propos-de-beam\/"},{"@type":"ListItem","position":3,"name":"Avantages de BEAM"}]},{"@type":"WebSite","@id":"https:\/\/beamvac.com\/#website","url":"https:\/\/beamvac.com\/","name":"BEAM","description":"Premium Central Vacuum Systems","potentialAction":[{"@type":"SearchAction","target":{"@type":"EntryPoint","urlTemplate":"https:\/\/beamvac.com\/?s={search_term_string}"},"query-input":{"@type":"PropertyValueSpecification","valueRequired":true,"valueName":"search_term_string"}}],"inLanguage":"fr-FR"}]}},"_links":{"self":[{"href":"https:\/\/beamvac.com\/fr\/wp-json\/wp\/v2\/pages\/4318","targetHints":{"allow":["GET"]}}],"collection":[{"href":"https:\/\/beamvac.com\/fr\/wp-json\/wp\/v2\/pages"}],"about":[{"href":"https:\/\/beamvac.com\/fr\/wp-json\/wp\/v2\/types\/page"}],"author":[{"embeddable":true,"href":"https:\/\/beamvac.com\/fr\/wp-json\/wp\/v2\/users\/1"}],"replies":[{"embeddable":true,"href":"https:\/\/beamvac.com\/fr\/wp-json\/wp\/v2\/comments?post=4318"}],"version-history":[{"count":14,"href":"https:\/\/beamvac.com\/fr\/wp-json\/wp\/v2\/pages\/4318\/revisions"}],"predecessor-version":[{"id":9305,"href":"https:\/\/beamvac.com\/fr\/wp-json\/wp\/v2\/pages\/4318\/revisions\/9305"}],"up":[{"embeddable":true,"href":"https:\/\/beamvac.com\/fr\/wp-json\/wp\/v2\/pages\/4309"}],"wp:attachment":[{"href":"https:\/\/beamvac.com\/fr\/wp-json\/wp\/v2\/media?parent=4318"}],"curies":[{"name":"wp","href":"https:\/\/api.w.org\/{rel}","templated":true}]}}