{"id":4313,"date":"2019-02-11T08:10:31","date_gmt":"2019-02-11T08:10:31","guid":{"rendered":"https:\/\/beamvac.com\/?page_id=4313"},"modified":"2019-05-07T13:42:51","modified_gmt":"2019-05-07T17:42:51","slug":"comment-ca-sinstalle","status":"publish","type":"page","link":"https:\/\/beamvac.com\/fr\/comment-ca-sinstalle\/","title":{"rendered":"Comment \u00e7a s\u2019installe"},"content":{"rendered":"<div class=\"wpb-content-wrapper\"><p>[vc_row][vc_column][vc_custom_heading text=\u00a0\u00bbCOMMENT \u00c7A S\u2019INSTALLE\u00a0\u00bb font_container=\u00a0\u00bbtag:h1|text_align:left\u00a0\u00bb use_theme_fonts=\u00a0\u00bbyes\u00a0\u00bb][vc_column_text el_class=\u00a0\u00bbatwm-scroll-url\u00a0\u00bb]Installation faite par un professionnel ou par un bricoleur? Maison neuve ou maison existante?<\/p>\n<p>Un syst\u00e8me central d\u2019aspiration BEAM peut \u00eatre install\u00e9 dans votre maison, qu\u2019elle soit neuve ou non, en seulement quelques heures \u2013 sans d\u00e9g\u00e2ts, sans modifications majeures aux murs. L\u2019\u00e9vacuation de l\u2019air \u00e0 l\u2019ext\u00e9rieur n\u2019est pas requise. Voyez votre d\u00e9taillant local pour de plus amples d\u00e9tails sur l\u2019installation.<\/p>\n<p><a href=\"#atwm-new-home-installations\">Installation dans une maison neuve<\/a><br \/>\n<a href=\"#atwm-existing-home-installation\">Installation dans une maison existante<\/a><br \/>\n<a href=\"#atwm-do-it-yourself\">Faites-le vous-m\u00eame<\/a>[\/vc_column_text][\/vc_column][\/vc_row][vc_row full_width=\u00a0\u00bbstretch_row_content\u00a0\u00bb el_class=\u00a0\u00bbatwm-how-it-works-blue-section\u00a0\u00bb css=\u00a0\u00bb.vc_custom_1546638650108{background-image: url(https:\/\/beamvac.com\/wp-content\/uploads\/2018\/12\/how-to-beam-new-home-installation.jpg?id=1658) !important;}\u00a0\u00bb el_id=\u00a0\u00bbatwm-new-home-installations\u00a0\u00bb][vc_column][vc_custom_heading text=\u00a0\u00bbINSTALLATION DANS UNE MAISON NEUVE\u00a0\u00bb font_container=\u00a0\u00bbtag:h2|text_align:center\u00a0\u00bb use_theme_fonts=\u00a0\u00bbyes\u00a0\u00bb][\/vc_column][\/vc_row][vc_row el_class=\u00a0\u00bbatwm-how-it-works-content\u00a0\u00bb][vc_column width=\u00a0\u00bb1\/2&Prime;][vc_column_text]Si vous construisez une nouvelle maison ou si vous planifiez le faire, demandez \u00e0 votre constructeur d\u2019y inclure un syst\u00e8me central d\u2019aspiration BEAM. Vous devrez discuter de l\u2019emplacement de l\u2019unit\u00e9 motrice\/cuve \u00e0 poussi\u00e8re ainsi que des prises d\u2019aspiration (o\u00f9 est ins\u00e9r\u00e9 le boyau) et d\u2019un endroit de rangement pour un boyau et des accessoires sur chaque \u00e9tage \u2013 il suffit d\u2019agrandir un placard ou d\u2019ajouter une armoire.<\/p>\n<p>Si votre constructeur conna\u00eet bien les produits BEAM, il vous sugg\u00e9rera peut-\u00eatre l\u2019installation d\u2019un porte-poussi\u00e8re automatique (prise de balayage) VacPan\u00ae dans la cuisine, pr\u00e8s des portes ext\u00e9rieures, dans la salle familiale ou dans la salle de lavage, ou tout autre endroit o\u00f9 vous pr\u00e9voyez avoir des planchers \u00e0 surface dure.[\/vc_column_text][\/vc_column][vc_column width=\u00a0\u00bb1\/2&Prime;][vc_column_text]L\u2019installation de votre syst\u00e8me BEAM sera faite apr\u00e8s les travaux de plomberie et d\u2019\u00e9lectricit\u00e9 et avant que les panneaux muraux soient install\u00e9s. Si votre constructeur ne fait pas d\u2019installation de syst\u00e8mes BEAM, consultez la section <a href=\"https:\/\/beamvac.com\/fr\/ou-acheter\/\">Localisateur de d\u00e9taillants\/distributeurs BEAM<\/a> de ce site pour trouver le d\u00e9taillant le plus pr\u00e8s. Votre d\u00e9taillant peut faire l\u2019installation rapidement et avec comp\u00e9tence. Voyez votre d\u00e9taillant local pour de plus amples d\u00e9tails sur l\u2019installation.<\/p>\n<p>Vous pouvez \u00e9galement d\u00e9cider d\u2019installer vous-m\u00eame votre syst\u00e8me central d\u2019aspiration BEAM. Dans ce cas, consultez la page <a href=\"https:\/\/beamvac.com\/fr\/comment-ca-sinstalle\/#atwm-do-it-yourself\">\u00ab Faites-le vous-m\u00eame \u00bb de la section \u00ab Installation \u00bb<\/a> pour obtenir les instructions \u00e9tape par \u00e9tape.[\/vc_column_text][\/vc_column][\/vc_row][vc_row full_width=\u00a0\u00bbstretch_row_content\u00a0\u00bb el_class=\u00a0\u00bbatwm-how-it-works-blue-section\u00a0\u00bb css=\u00a0\u00bb.vc_custom_1546638681775{background-image: url(https:\/\/beamvac.com\/wp-content\/uploads\/2018\/12\/how-to-beam-existing-home-installation.jpg?id=1664) !important;}\u00a0\u00bb el_id=\u00a0\u00bbatwm-existing-home-installation\u00a0\u00bb][vc_column][vc_custom_heading text=\u00a0\u00bbINSTALLATION DANS UNE MAISON EXISTANTE\u00a0\u00bb font_container=\u00a0\u00bbtag:h2|text_align:center\u00a0\u00bb use_theme_fonts=\u00a0\u00bbyes\u00a0\u00bb][\/vc_column][\/vc_row][vc_row el_class=\u00a0\u00bbatwm-how-it-works-content\u00a0\u00bb][vc_column width=\u00a0\u00bb1\/2&Prime;][vc_column_text]Un syst\u00e8me central d\u2019aspiration BEAM peut \u00eatre install\u00e9 dans environ 95 % des maisons existantes \u2013 peu importe l\u2019\u00e2ge de la maison. Pour une installation r\u00e9ussie, le r\u00e9seau de tuyauterie devrait comporter le moins de prises d\u2019aspiration et de coudes (changement de direction dans la tuyauterie) possible afin de garder le temps et les co\u00fbts de main-d\u2019\u0153uvre au plus bas niveau possible tout en obtenant la flexibilit\u00e9 de nettoyage que seul un syst\u00e8me central d\u2019aspiration peut offrir.[\/vc_column_text][\/vc_column][vc_column width=\u00a0\u00bb1\/2&Prime;][vc_column_text]Si vous faites des r\u00e9novations maintenant, ou si vous en planifiez, un appel rapide \u00e0 votre <a href=\"https:\/\/beamvac.com\/fr\/ou-acheter\/\">d\u00e9taillant\/distributeur BEAM<\/a>\u00a0local vous permettra d\u2019ajouter un <a href=\"https:\/\/beamvac.com\/fr\/product-category\/aspirateurs-centraux-fr\/\">syst\u00e8me central d\u2019aspiration BEAM<\/a>\u00a0\u00e0 vos plans \u00e0 moindre co\u00fbt. Votre d\u00e9taillant\/distributeur BEAM peut vous offrir un service d\u2019installation professionnelle r\u00e9alis\u00e9e par des installateurs bien form\u00e9s et exp\u00e9riment\u00e9s \u2013 un avantage important puisqu\u2019il s\u2019agit d\u2019un syst\u00e8me que vous utiliserez peut-\u00eatre pour les 25 prochaines ann\u00e9es.[\/vc_column_text][\/vc_column][\/vc_row][vc_row full_width=\u00a0\u00bbstretch_row_content\u00a0\u00bb el_class=\u00a0\u00bbatwm-how-it-works-blue-section\u00a0\u00bb css=\u00a0\u00bb.vc_custom_1546639504147{background-image: url(https:\/\/beamvac.com\/wp-content\/uploads\/2018\/12\/how-to-beam-do-it-yourself.jpg?id=1666) !important;}\u00a0\u00bb el_id=\u00a0\u00bbatwm-do-it-yourself\u00a0\u00bb][vc_column][vc_custom_heading text=\u00a0\u00bbFAITES-LE VOUS-M\u00caME\u00a0\u00bb font_container=\u00a0\u00bbtag:h2|text_align:center\u00a0\u00bb use_theme_fonts=\u00a0\u00bbyes\u00a0\u00bb][\/vc_column][\/vc_row][vc_row el_class=\u00a0\u00bbatwm-how-it-works-content\u00a0\u00bb][vc_column][vc_custom_heading text=\u00a0\u00bbComment installer un syst\u00e8me central d\u2019aspiration BEAM \u2013 Installation en sept \u00e9tapes\u00a0\u00bb use_theme_fonts=\u00a0\u00bbyes\u00a0\u00bb el_class=\u00a0\u00bbmt-0&Prime;][\/vc_column][\/vc_row][vc_row el_class=\u00a0\u00bbatwm-how-it-works-content\u00a0\u00bb][vc_column width=\u00a0\u00bb1\/2&Prime;][vc_column_text el_class=\u00a0\u00bbmb-0&Prime;]<strong>\u00c9tape un:<\/strong><br \/>\nChoisissez votre syst\u00e8me.<\/p>\n<p>Choisissez le syst\u00e8me central d\u2019aspiration BEAM, l\u2019ensemble de nettoyage et les accessoires qui conviennent le mieux pour votre maison et qui r\u00e9pondent le mieux \u00e0 vos besoins de nettoyage. Pour avoir un syst\u00e8me encore plus convivial, ajoutez un porte-poussi\u00e8re automatique (prise de balayage) VacPan dans la cuisine, l\u2019entr\u00e9e ou la salle de bains.<\/p>\n<p><strong>\u00c9tape deux:<\/strong><br \/>\nD\u00e9terminez le nombre de prises d\u2019aspiration dont vous aurez besoin.<\/p>\n<p><strong>\u00c9tape trois:<\/strong><br \/>\nD\u00e9terminez l\u2019emplacement des prises d\u2019aspiration.<\/p>\n<p>Une prise d\u2019aspiration permet de nettoyer une superficie d\u2019environ 65 \u00e0 75 m\u00e8tres carr\u00e9s. Pour obtenir une puissance d\u2019aspiration plus \u00e9lev\u00e9e, il est pr\u00e9f\u00e9rable d\u2019avoir le moins de prises d\u2019admission possible. Assurez-vous qu\u2019\u00e0 partir de la prise d\u2019aspiration, le boyau pourra atteindre tous les coins (en contournant \u00e9galement les meubles) des pi\u00e8ces o\u00f9 vous voudrez passer l\u2019aspirateur. N\u2019installez pas de prise d\u2019aspiration dans un mur o\u00f9 il y a une porte escamotable ou dans un mur qui se trouve \u00e0 l\u2019arri\u00e8re d\u2019une porte. Les prises d\u2019aspiration peuvent \u00e9galement \u00eatre install\u00e9es dans le plancher, si vous le d\u00e9sirez.<\/p>\n<p><strong>\u00c9tape quatre:<\/strong><br \/>\nPlanifiez l\u2019installation de la tuyauterie.<\/p>\n<p>Planifiez l\u2019installation de la tuyauterie \u00e0 partir de l\u2019unit\u00e9 motrice BEAM jusqu\u2019aux prises d\u2019admission. Si c\u2019est possible, il est pr\u00e9f\u00e9rable de faire passer la tuyauterie sous le plancher. Dans les maisons sans sous-sol, la tuyauterie peut passer \u00e0 travers le grenier ou les vides sanitaires. Dans une maison existante \u00e0 deux ou trois \u00e9tages, la tuyauterie doit \u00eatre amen\u00e9e aux \u00e9tages sup\u00e9rieurs en suivant les conduits d\u2019air froid, en passant derri\u00e8re les placards, en dessous des escaliers ou en suivant un tuyau d\u2019\u00e9gout. Dans les maisons neuves, la tuyauterie peut \u00eatre install\u00e9e en suivant les montants de murs avant que les cloisons s\u00e8ches soient fix\u00e9es. Assurez-vous de pr\u00e9voir o\u00f9 sera install\u00e9e l\u2019unit\u00e9 motrice BEAM \u2013 habituellement dans le garage ou le sous-sol.<\/p>\n<p>Trucs pratiques:<\/p>\n<ul>\n<li>Utilisez un coupe-tuyau pour des coupes plus nettes.<\/li>\n<li>Utilisez une m\u00e8che \u00e0 bois de 57 mm (2-1\/4&Prime;) de type emporte-pi\u00e8ce Forstner.<\/li>\n<li>Louez une perceuse \u00e0 angle droit si vous n\u2019en avez pas d\u00e9j\u00e0 une.<\/li>\n<\/ul>\n<p>Outils requis:[\/vc_column_text][vc_row_inner][vc_column_inner offset=\u00a0\u00bbvc_col-md-6&Prime;][vc_column_text]<\/p>\n<ul>\n<li>Scie \u00e0 cloison s\u00e8che (optionnelle)<\/li>\n<li>Ruban isolant\/ruban \u00e0 conduits\/attaches pour c\u00e2bles<\/li>\n<li>Perceuse \u00e9lectrique \u2013 13 mm (1\/2\u2019\u2019) avec t\u00eate \u00e0 angle droit si possible<\/li>\n<li>Lampe de poche<\/li>\n<li>M\u00e8che \u00e0 bois emporte-pi\u00e8ce Forstner de 57 mm (2-1\/4\u2019\u2019)<\/li>\n<li>Marteau<\/li>\n<li>Scie-cloche ou d\u00e9coupeur de trou de 57 cm (2-1\/4\u2019\u2019)<\/li>\n<li>Foret de ma\u00e7onnerie de 57 mm (2-1\/4\u2019\u2019) (optionnel)<\/li>\n<li>Cintres en m\u00e9tal<\/li>\n<\/ul>\n<p>[\/vc_column_text][\/vc_column_inner][vc_column_inner offset=\u00a0\u00bbvc_col-md-6&Prime;][vc_column_text]<\/p>\n<ul>\n<li>Crayon<\/li>\n<li>Coupe-tuyau\/tube ou scie \u00e0 m\u00e9taux et bo\u00eete \u00e0 onglets<\/li>\n<li>Lunettes de s\u00e9curit\u00e9<\/li>\n<li>Tournevis (Phillips et \u00e0 lame plate)<\/li>\n<li>Ruban \u00e0 mesurer en m\u00e9tal<\/li>\n<li>D\u00e9tecteur de montants<\/li>\n<li>Couteau-rasoir\/couteau universel<\/li>\n<li>Pince \u00e0 d\u00e9nuder\/coupe-fil<\/li>\n<li>Ciseau \u00e0 bois<\/li>\n<li>Corde ou ficelle de 9,1 m (30&prime;)<\/li>\n<\/ul>\n<p>[\/vc_column_text][\/vc_column_inner][\/vc_row_inner][vc_separator el_class=\u00a0\u00bbd-none\u00a0\u00bb][vc_column_text]<strong>\u00c9tape cinq:<\/strong><br \/>\nInstallez les prises d\u2019aspiration.<\/p>\n<p>Pour installer une prise d\u2019aspiration dans une maison existante, il faut commencer par trouver le centre de la lisse d\u2019assise du mur. Ensuite, \u00e0 partir du sous-sol, utilisez la scie-cloche pour percer un trou vers le haut dans la cavit\u00e9 murale. (N\u2019oubliez pas de porter des lunettes de s\u00e9curit\u00e9 tout au long du processus d\u2019installation.)[\/vc_column_text][\/vc_column][vc_column width=\u00a0\u00bb1\/2&Prime;][vc_column_text]Il y a un moyen simple de trouver le centre d\u2019un mur. Utilisez un bout de cintre coup\u00e9, percez un trou pilote \u00e0 travers le tapis ou le plancher \u00e0 surface dure. Percez aussi pr\u00e8s que possible du mur \u2013 en pointant la m\u00e8che de la perceuse \u00e0 un angle \u00e0 45 degr\u00e9s.<\/p>\n<p>Au sous-sol, trouvez l\u2019endroit o\u00f9 la tige du cintre a travers\u00e9. Mesurez \u00e0 partir de la tige du cintre pour trouver le centre de la lisse d\u2019assise du mur. \u00c0 l\u2019aide de la scie-cloche, percez un trou dans la cavit\u00e9 murale.<\/p>\n<p>Avant de percer un trou dans le mur, assurez-vous que la cavit\u00e9 murale est exempte de toute obstruction \u00e0 la hauteur o\u00f9 vous souhaitez installer la prise d\u2019aspiration, en utilisant la lampe de poche ou un manche de balai. Ensuite, faites une marque de centrage au-dessus du trou pilote fait par la tige du cintre. Ce sera le centre de votre prise d\u2019aspiration.<br \/>\nCentrez la contreprise de la prise d\u2019aspiration, tracez le contour, puis, faites le trou dans le mur. Fixez la contreprise \u00e0 un coude de tuyauterie.[\/vc_column_text][vc_row_inner][vc_column_inner width=\u00a0\u00bb2\/3&Prime;][vc_column_text]Reliez le fil \u00e0 basse tension \u00e0 la tige de la prise d\u2019aspiration. Attachez un petit poids \u00e0 l\u2019extr\u00e9mit\u00e9 oppos\u00e9 du fil et faites descendre le fil dans le trou vers le sous-sol. Ins\u00e9rez la prise d\u2019aspiration et la contreprise dans le mur. Installez la prise d\u2019aspiration de fa\u00e7on \u00e0 ce que le clapet ouvre vers le bas.<\/p>\n<p>Pour installer les prises d\u2019aspiration dans une nouvelle construction, il faut suivre ces m\u00eames \u00e9tapes de base.[\/vc_column_text][\/vc_column_inner][vc_column_inner width=\u00a0\u00bb1\/3&Prime;][vc_single_image image=\u00a0\u00bb1680&Prime; img_size=\u00a0\u00bbfull\u00a0\u00bb][\/vc_column_inner][\/vc_row_inner][vc_separator el_class=\u00a0\u00bbd-none\u00a0\u00bb][vc_column_text css=\u00a0\u00bb.vc_custom_1550052733401{margin-bottom: 15px !important;}\u00a0\u00bb]<strong>\u00c9tape six:<\/strong><br \/>\nInstallez la tuyauterie.[\/vc_column_text][vc_row_inner][vc_column_inner width=\u00a0\u00bb2\/3&Prime;][vc_column_text]Mesurez et coupez les longueurs de tuyau. Assurez-vous que vos coupes sont droites et propres. Utilisez un couteau tranchant ou un papier abrasif pour \u00e9liminer les r\u00e9sidus de coupe qui pourraient devenir un pi\u00e8ge \u00e0 d\u00e9bris en retenant les poussi\u00e8res et les cheveux\/poils. En partant de la prise d\u2019aspiration la plus \u00e9loign\u00e9e de l\u2019unit\u00e9 motrice, commencez \u00e0 tester la tuyauterie et, s\u2019il n\u2019y a pas de probl\u00e8me, collez les sections de tuyau raccord\u00e9es. Raccordez les sections de tuyauterie \u00e0 la ligne principale qui, elle, se raccorde \u00e0 l\u2019unit\u00e9 motrice BEAM. Joignez les fils \u00e0 basse tension et fixez-les le long de la ligne principale. Raccordez la ligne principale \u00e0 l\u2019unit\u00e9 motrice BEAM. Si l\u2019unit\u00e9 motrice est install\u00e9e dans le garage, percez un trou pilote dans le mur \u00e0 l\u2019aide d\u2019une tige de cintre m\u00e9tallique pour v\u00e9rifier l\u2019emplacement et vous assurer qu\u2019il n\u2019y a pas d\u2019obstructions. Faites ensuite un trou de 63,5 mm (2-1\/2\u2019\u2019) dans la poutre de bois qui se trouve au haut du mur de ma\u00e7onnerie qui s\u00e9pare le sous-sol et le garage. Faites courir la tuyauterie dans le garage jusqu\u2019\u00e0 l\u2019unit\u00e9 motrice.[\/vc_column_text][\/vc_column_inner][vc_column_inner width=\u00a0\u00bb1\/3&Prime;][vc_single_image image=\u00a0\u00bb1682&Prime; img_size=\u00a0\u00bbfull\u00a0\u00bb][\/vc_column_inner][\/vc_row_inner][vc_separator el_class=\u00a0\u00bbd-none\u00a0\u00bb][vc_column_text]<strong>\u00c9tape sept:<\/strong><br \/>\nInstallez l\u2019unit\u00e9 motrice.<\/p>\n<p>Installez l\u2019unit\u00e9 motrice BEAM en suivant les instructions d\u00e9taill\u00e9es qui l\u2019accompagnent.<br \/>\nD\u00e9nudez les extr\u00e9mit\u00e9s du fil \u00e0 basse tension qui se trouve dans le garage et raccordez-les \u00e0 l\u2019unit\u00e9 motrice. Branchez l\u2019unit\u00e9 motrice dans une prise de courant, appuyez sur l\u2019interrupteur manuel pour vous assurer que l\u2019unit\u00e9 motrice d\u00e9marre et arr\u00eate. Finalement, ins\u00e9rez le boyau dans les prises d\u2019aspiration pour nettoyer les d\u00e9g\u00e2ts mineurs que vous avez faits en installant les prises d\u2019aspiration.<\/p>\n<p>F\u00e9licitations! Vous \u00eates maintenant sur la bonne voie pour avoir une maison plus propre et plus saine![\/vc_column_text][\/vc_column][\/vc_row]<\/p>\n<\/div>","protected":false},"excerpt":{"rendered":"<p>[vc_row][vc_column][vc_custom_heading text=\u00a0\u00bbCOMMENT \u00c7A S\u2019INSTALLE\u00a0\u00bb font_container=\u00a0\u00bbtag:h1|text_align:left\u00a0\u00bb use_theme_fonts=\u00a0\u00bbyes\u00a0\u00bb][vc_column_text el_class=\u00a0\u00bbatwm-scroll-url\u00a0\u00bb]Installation faite par un professionnel ou par un bricoleur? Maison neuve ou maison existante? Un syst\u00e8me central d\u2019aspiration BEAM peut \u00eatre install\u00e9 dans votre maison, qu\u2019elle soit neuve ou non, en seulement quelques heures \u2013 sans d\u00e9g\u00e2ts, sans modifications majeures aux murs. L\u2019\u00e9vacuation de l\u2019air \u00e0 l\u2019ext\u00e9rieur n\u2019est pas [&hellip;]<\/p>\n","protected":false},"author":1,"featured_media":0,"parent":0,"menu_order":0,"comment_status":"closed","ping_status":"closed","template":"","meta":{"footnotes":""},"class_list":["post-4313","page","type-page","status-publish","hentry"],"yoast_head":"<!-- This site is optimized with the Yoast SEO plugin v26.9 - https:\/\/yoast.com\/product\/yoast-seo-wordpress\/ -->\n<title>Comment installer un syst\u00e8me central d\u2019aspiration BEAM?<\/title>\n<meta name=\"description\" content=\"Installation faite par un professionnel ou par un bricoleur? Maisons ou maisons existantes? Un syst\u00e8me central d\u2019aspiration BEAM peut \u00eatre install\u00e9 dans votre maison, qu\u2019elle soit neuve ou non, en seulement.\" \/>\n<meta name=\"robots\" content=\"index, follow, max-snippet:-1, max-image-preview:large, max-video-preview:-1\" \/>\n<link rel=\"canonical\" href=\"https:\/\/beamvac.com\/fr\/comment-ca-sinstalle\/\" \/>\n<meta property=\"og:locale\" content=\"fr_FR\" \/>\n<meta property=\"og:type\" content=\"article\" \/>\n<meta property=\"og:title\" content=\"Comment installer un syst\u00e8me central d\u2019aspiration BEAM?\" \/>\n<meta property=\"og:description\" content=\"Installation faite par un professionnel ou par un bricoleur? Maisons ou maisons existantes? Un syst\u00e8me central d\u2019aspiration BEAM peut \u00eatre install\u00e9 dans votre maison, qu\u2019elle soit neuve ou non, en seulement.\" \/>\n<meta property=\"og:url\" content=\"https:\/\/beamvac.com\/fr\/comment-ca-sinstalle\/\" \/>\n<meta property=\"og:site_name\" content=\"BEAM\" \/>\n<meta property=\"article:modified_time\" content=\"2019-05-07T17:42:51+00:00\" \/>\n<meta name=\"twitter:card\" content=\"summary_large_image\" \/>\n<meta name=\"twitter:label1\" content=\"Dur\u00e9e de lecture estim\u00e9e\" \/>\n\t<meta name=\"twitter:data1\" content=\"11 minutes\" \/>\n<script type=\"application\/ld+json\" class=\"yoast-schema-graph\">{\"@context\":\"https:\/\/schema.org\",\"@graph\":[{\"@type\":\"WebPage\",\"@id\":\"https:\/\/beamvac.com\/fr\/comment-ca-sinstalle\/\",\"url\":\"https:\/\/beamvac.com\/fr\/comment-ca-sinstalle\/\",\"name\":\"Comment installer un syst\u00e8me central d\u2019aspiration BEAM?\",\"isPartOf\":{\"@id\":\"https:\/\/beamvac.com\/#website\"},\"datePublished\":\"2019-02-11T08:10:31+00:00\",\"dateModified\":\"2019-05-07T17:42:51+00:00\",\"description\":\"Installation faite par un professionnel ou par un bricoleur? Maisons ou maisons existantes? Un syst\u00e8me central d\u2019aspiration BEAM peut \u00eatre install\u00e9 dans votre maison, qu\u2019elle soit neuve ou non, en seulement.\",\"breadcrumb\":{\"@id\":\"https:\/\/beamvac.com\/fr\/comment-ca-sinstalle\/#breadcrumb\"},\"inLanguage\":\"fr-FR\",\"potentialAction\":[{\"@type\":\"ReadAction\",\"target\":[\"https:\/\/beamvac.com\/fr\/comment-ca-sinstalle\/\"]}]},{\"@type\":\"BreadcrumbList\",\"@id\":\"https:\/\/beamvac.com\/fr\/comment-ca-sinstalle\/#breadcrumb\",\"itemListElement\":[{\"@type\":\"ListItem\",\"position\":1,\"name\":\"Home\",\"item\":\"https:\/\/beamvac.com\/fr\/\"},{\"@type\":\"ListItem\",\"position\":2,\"name\":\"Comment \u00e7a s\u2019installe\"}]},{\"@type\":\"WebSite\",\"@id\":\"https:\/\/beamvac.com\/#website\",\"url\":\"https:\/\/beamvac.com\/\",\"name\":\"BEAM\",\"description\":\"Premium Central Vacuum Systems\",\"potentialAction\":[{\"@type\":\"SearchAction\",\"target\":{\"@type\":\"EntryPoint\",\"urlTemplate\":\"https:\/\/beamvac.com\/?s={search_term_string}\"},\"query-input\":{\"@type\":\"PropertyValueSpecification\",\"valueRequired\":true,\"valueName\":\"search_term_string\"}}],\"inLanguage\":\"fr-FR\"}]}<\/script>\n<!-- \/ Yoast SEO plugin. -->","yoast_head_json":{"title":"Comment installer un syst\u00e8me central d\u2019aspiration BEAM?","description":"Installation faite par un professionnel ou par un bricoleur? Maisons ou maisons existantes? Un syst\u00e8me central d\u2019aspiration BEAM peut \u00eatre install\u00e9 dans votre maison, qu\u2019elle soit neuve ou non, en seulement.","robots":{"index":"index","follow":"follow","max-snippet":"max-snippet:-1","max-image-preview":"max-image-preview:large","max-video-preview":"max-video-preview:-1"},"canonical":"https:\/\/beamvac.com\/fr\/comment-ca-sinstalle\/","og_locale":"fr_FR","og_type":"article","og_title":"Comment installer un syst\u00e8me central d\u2019aspiration BEAM?","og_description":"Installation faite par un professionnel ou par un bricoleur? Maisons ou maisons existantes? Un syst\u00e8me central d\u2019aspiration BEAM peut \u00eatre install\u00e9 dans votre maison, qu\u2019elle soit neuve ou non, en seulement.","og_url":"https:\/\/beamvac.com\/fr\/comment-ca-sinstalle\/","og_site_name":"BEAM","article_modified_time":"2019-05-07T17:42:51+00:00","twitter_card":"summary_large_image","twitter_misc":{"Dur\u00e9e de lecture estim\u00e9e":"11 minutes"},"schema":{"@context":"https:\/\/schema.org","@graph":[{"@type":"WebPage","@id":"https:\/\/beamvac.com\/fr\/comment-ca-sinstalle\/","url":"https:\/\/beamvac.com\/fr\/comment-ca-sinstalle\/","name":"Comment installer un syst\u00e8me central d\u2019aspiration BEAM?","isPartOf":{"@id":"https:\/\/beamvac.com\/#website"},"datePublished":"2019-02-11T08:10:31+00:00","dateModified":"2019-05-07T17:42:51+00:00","description":"Installation faite par un professionnel ou par un bricoleur? Maisons ou maisons existantes? Un syst\u00e8me central d\u2019aspiration BEAM peut \u00eatre install\u00e9 dans votre maison, qu\u2019elle soit neuve ou non, en seulement.","breadcrumb":{"@id":"https:\/\/beamvac.com\/fr\/comment-ca-sinstalle\/#breadcrumb"},"inLanguage":"fr-FR","potentialAction":[{"@type":"ReadAction","target":["https:\/\/beamvac.com\/fr\/comment-ca-sinstalle\/"]}]},{"@type":"BreadcrumbList","@id":"https:\/\/beamvac.com\/fr\/comment-ca-sinstalle\/#breadcrumb","itemListElement":[{"@type":"ListItem","position":1,"name":"Home","item":"https:\/\/beamvac.com\/fr\/"},{"@type":"ListItem","position":2,"name":"Comment \u00e7a s\u2019installe"}]},{"@type":"WebSite","@id":"https:\/\/beamvac.com\/#website","url":"https:\/\/beamvac.com\/","name":"BEAM","description":"Premium Central Vacuum Systems","potentialAction":[{"@type":"SearchAction","target":{"@type":"EntryPoint","urlTemplate":"https:\/\/beamvac.com\/?s={search_term_string}"},"query-input":{"@type":"PropertyValueSpecification","valueRequired":true,"valueName":"search_term_string"}}],"inLanguage":"fr-FR"}]}},"_links":{"self":[{"href":"https:\/\/beamvac.com\/fr\/wp-json\/wp\/v2\/pages\/4313","targetHints":{"allow":["GET"]}}],"collection":[{"href":"https:\/\/beamvac.com\/fr\/wp-json\/wp\/v2\/pages"}],"about":[{"href":"https:\/\/beamvac.com\/fr\/wp-json\/wp\/v2\/types\/page"}],"author":[{"embeddable":true,"href":"https:\/\/beamvac.com\/fr\/wp-json\/wp\/v2\/users\/1"}],"replies":[{"embeddable":true,"href":"https:\/\/beamvac.com\/fr\/wp-json\/wp\/v2\/comments?post=4313"}],"version-history":[{"count":23,"href":"https:\/\/beamvac.com\/fr\/wp-json\/wp\/v2\/pages\/4313\/revisions"}],"predecessor-version":[{"id":10014,"href":"https:\/\/beamvac.com\/fr\/wp-json\/wp\/v2\/pages\/4313\/revisions\/10014"}],"wp:attachment":[{"href":"https:\/\/beamvac.com\/fr\/wp-json\/wp\/v2\/media?parent=4313"}],"curies":[{"name":"wp","href":"https:\/\/api.w.org\/{rel}","templated":true}]}}