{"id":4309,"date":"2019-02-11T07:42:24","date_gmt":"2019-02-11T07:42:24","guid":{"rendered":"https:\/\/beamvac.com\/?page_id=4309"},"modified":"2025-01-08T09:38:55","modified_gmt":"2025-01-08T14:38:55","slug":"a-propos-de-beam","status":"publish","type":"page","link":"https:\/\/beamvac.com\/fr\/a-propos-de-beam\/","title":{"rendered":"\u00c0 propos de BEAM"},"content":{"rendered":"<div class=\"wpb-content-wrapper\"><p>[vc_row][vc_column][vc_custom_heading text=\u00a0\u00bbMA MAISON, MON BEAM\u00a0\u00bb font_container=\u00a0\u00bbtag:h2|text_align:center\u00a0\u00bb use_theme_fonts=\u00a0\u00bbyes\u00a0\u00bb][\/vc_column][\/vc_row][vc_row el_class=\u00a0\u00bbcontainer-medium\u00a0\u00bb][vc_column width=\u00a0\u00bb1\/2&Prime;][vc_column_text]Votre maison est au centre de tout. C\u2019est l\u00e0 o\u00f9 vous mangez, o\u00f9 vous vous r\u00e9confortez, o\u00f9 vous \u00e9voluez et o\u00f9 vous vous rassemblez. Vous y investissez parce qu\u2019elle prot\u00e8ge votre famille, est une source de fiert\u00e9 et est au c\u0153ur de la vie quotidienne de votre famille.[\/vc_column_text][vc_column_text]Chez BEAM, nous comprenons ce lien sp\u00e9cial. Nous sommes au c\u0153ur de la cr\u00e9ation d\u2019un environnement propre qui vous permettra de profiter de votre maison. Nous faisons partie de chaque chapitre de votre histoire en vous aidant, vous et votre famille, \u00e0 vous \u00e9panouir.[\/vc_column_text][\/vc_column][vc_column width=\u00a0\u00bb1\/2&Prime;][vc_video link=\u00a0\u00bbhttps:\/\/www.youtube.com\/watch?v=rNKQPIVxyVA\u00a0\u00bb][\/vc_column][\/vc_row][vc_row full_width=\u00a0\u00bbstretch_row_content\u00a0\u00bb css=\u00a0\u00bb.vc_custom_1687184294889{background-image: url(https:\/\/beamvac.com\/wp-content\/uploads\/2018\/12\/about-us.jpg?id=1642) !important;background-position: center !important;background-repeat: no-repeat !important;background-size: cover !important;}\u00a0\u00bb el_class=\u00a0\u00bbatwm-about-us-blue-sections\u00a0\u00bb][vc_column][vc_row_inner el_class=\u00a0\u00bbcontainer\u00a0\u00bb][vc_column_inner el_class=\u00a0\u00bbcontainer-medium\u00a0\u00bb][vc_column_text]<\/p>\n<h2>INVESTIS DANS VOTRE MAISON<\/h2>\n<p>Nous croyons que vous m\u00e9ritez une maison propre et fra\u00eeche. Nous misons sur la commodit\u00e9 et offrons des outils qui conviennent \u00e0 votre vie. D\u00e9couvrez pourquoi investir dans un aspirateur central BEAM est le meilleur choix pour les propri\u00e9taires fiers de leur maison.[\/vc_column_text][\/vc_column_inner][\/vc_row_inner][\/vc_column][\/vc_row][vc_row el_class=\u00a0\u00bbatwm-aboutus-60-years\u00a0\u00bb][vc_column width=\u00a0\u00bb1\/2&Prime;][vc_custom_heading text=\u00a0\u00bb60 ANN\u00c9ES D\u2019EXCELLENCE\u00a0\u00bb use_theme_fonts=\u00a0\u00bbyes\u00a0\u00bb][vc_row_inner][vc_column_inner offset=\u00a0\u00bbvc_col-md-4&Prime;][vc_single_image image=\u00a0\u00bb7780&Prime; img_size=\u00a0\u00bblarge\u00a0\u00bb][\/vc_column_inner][vc_column_inner offset=\u00a0\u00bbvc_col-md-8&Prime;][vc_column_text]Depuis 65 ans, BEAM se classe parmi les plus importants fabricants de syst\u00e8mes centraux d\u2019aspiration avec une longue lign\u00e9e de produits novateurs qui \u00e9l\u00e8vent la barre de l\u2019excellence.<\/p>\n<p>Nos produits de qualit\u00e9 sup\u00e9rieure sont maintenant offerts dans plus de 50 pays et les acheteurs de produits BEAM savent qu\u2019ils peuvent acheter en toute confiance. Si vous ne voulez que le meilleur pour votre maison, vous voudrez un BEAM.[\/vc_column_text][\/vc_column_inner][\/vc_row_inner][\/vc_column][vc_column width=\u00a0\u00bb1\/2&Prime;][vc_custom_heading text=\u00a0\u00bbUN BREF HISTORIQUE CENTR\u00c9E SUR LE NETTOYAGE\u00a0\u00bb use_theme_fonts=\u00a0\u00bbyes\u00a0\u00bb][vc_column_text]<strong>CENTR\u00c9E SUR LE NETTOYAGE<\/strong><\/p>\n<div dir=\"ltr\">\n<div class=\"input-box\" spellcheck=\"false\">\n<div id=\"waffle-rich-text-editor\" class=\"cell-input editable disabled-input\" dir=\"ltr\" tabindex=\"0\" role=\"combobox\" contenteditable=\"false\" aria-autocomplete=\"list\" aria-label=\"F10\">En 1957, BEAM Manufacturing Company a \u00e9t\u00e9 vendue et BEAM Industries \u00e9mergeait avec R.L. Sampson \u00e0 la barre. L\u2019entreprise a d\u00e9cid\u00e9 de se concentrer uniquement sur les syst\u00e8mes centraux d\u2019aspiration et, au cours des 65 ann\u00e9es suivantes, elle est devenue le chef de file incontest\u00e9 de la technologie et du march\u00e9 dans l\u2019industrie des aspirateurs centraux. L\u2019acquisition de BEAM en 2024 a permis Trovac de consolider sa position de puissance mondiale dans le domaine des aspirateurs centraux.<\/div>\n<p>&nbsp;<\/p>\n<\/div>\n<\/div>\n<p><strong>UN CHEF DE FILE MONDIAL<\/strong><\/p>\n<p>Actuellement, environ un tiers de tous les syst\u00e8mes centraux dans le monde sont fabriqu\u00e9s par BEAM. Notre vision est de faire en sorte que les syst\u00e8mes centraux d\u2019aspiration deviennent des produits de base dans les maisons neuves de l\u2019Am\u00e9rique et de renforcer encore davantage la position de chef de file de BEAM tant sur le march\u00e9 canadien qu\u2019au niveau international.[\/vc_column_text][\/vc_column][\/vc_row]<\/p>\n<\/div>","protected":false},"excerpt":{"rendered":"<p>[vc_row][vc_column][vc_custom_heading text=\u00a0\u00bbMA MAISON, MON BEAM\u00a0\u00bb font_container=\u00a0\u00bbtag:h2|text_align:center\u00a0\u00bb use_theme_fonts=\u00a0\u00bbyes\u00a0\u00bb][\/vc_column][\/vc_row][vc_row el_class=\u00a0\u00bbcontainer-medium\u00a0\u00bb][vc_column width=\u00a0\u00bb1\/2&Prime;][vc_column_text]Votre maison est au centre de tout. C\u2019est l\u00e0 o\u00f9 vous mangez, o\u00f9 vous vous r\u00e9confortez, o\u00f9 vous \u00e9voluez et o\u00f9 vous vous rassemblez. Vous y investissez parce qu\u2019elle prot\u00e8ge votre famille, est une source de fiert\u00e9 et est au c\u0153ur de la vie quotidienne de votre [&hellip;]<\/p>\n","protected":false},"author":1,"featured_media":0,"parent":0,"menu_order":0,"comment_status":"closed","ping_status":"closed","template":"","meta":{"footnotes":""},"class_list":["post-4309","page","type-page","status-publish","hentry"],"yoast_head":"<!-- This site is optimized with the Yoast SEO plugin v26.9 - https:\/\/yoast.com\/product\/yoast-seo-wordpress\/ -->\n<title>BEAM \u2013 60 ANS D\u2019EXCELLENCE<\/title>\n<meta name=\"description\" content=\"Depuis 60 ans, BEAM se classe parmi les plus importants fabricants de syst\u00e8mes centraux d\u2019aspiration avec une longue lign\u00e9e de produits novateurs qui \u00e9l\u00e8vent la barre de l\u2019excellence.\" \/>\n<meta name=\"robots\" content=\"index, follow, max-snippet:-1, max-image-preview:large, max-video-preview:-1\" \/>\n<link rel=\"canonical\" href=\"https:\/\/beamvac.com\/fr\/a-propos-de-beam\/\" \/>\n<meta property=\"og:locale\" content=\"fr_FR\" \/>\n<meta property=\"og:type\" content=\"article\" \/>\n<meta property=\"og:title\" content=\"BEAM \u2013 60 ANS D\u2019EXCELLENCE\" \/>\n<meta property=\"og:description\" content=\"Depuis 60 ans, BEAM se classe parmi les plus importants fabricants de syst\u00e8mes centraux d\u2019aspiration avec une longue lign\u00e9e de produits novateurs qui \u00e9l\u00e8vent la barre de l\u2019excellence.\" \/>\n<meta property=\"og:url\" content=\"https:\/\/beamvac.com\/fr\/a-propos-de-beam\/\" \/>\n<meta property=\"og:site_name\" content=\"BEAM\" \/>\n<meta property=\"article:modified_time\" content=\"2025-01-08T14:38:55+00:00\" \/>\n<meta name=\"twitter:card\" content=\"summary_large_image\" \/>\n<meta name=\"twitter:label1\" content=\"Dur\u00e9e de lecture estim\u00e9e\" \/>\n\t<meta name=\"twitter:data1\" content=\"2 minutes\" \/>\n<script type=\"application\/ld+json\" class=\"yoast-schema-graph\">{\"@context\":\"https:\/\/schema.org\",\"@graph\":[{\"@type\":\"WebPage\",\"@id\":\"https:\/\/beamvac.com\/fr\/a-propos-de-beam\/\",\"url\":\"https:\/\/beamvac.com\/fr\/a-propos-de-beam\/\",\"name\":\"BEAM \u2013 60 ANS D\u2019EXCELLENCE\",\"isPartOf\":{\"@id\":\"https:\/\/beamvac.com\/#website\"},\"datePublished\":\"2019-02-11T07:42:24+00:00\",\"dateModified\":\"2025-01-08T14:38:55+00:00\",\"description\":\"Depuis 60 ans, BEAM se classe parmi les plus importants fabricants de syst\u00e8mes centraux d\u2019aspiration avec une longue lign\u00e9e de produits novateurs qui \u00e9l\u00e8vent la barre de l\u2019excellence.\",\"breadcrumb\":{\"@id\":\"https:\/\/beamvac.com\/fr\/a-propos-de-beam\/#breadcrumb\"},\"inLanguage\":\"fr-FR\",\"potentialAction\":[{\"@type\":\"ReadAction\",\"target\":[\"https:\/\/beamvac.com\/fr\/a-propos-de-beam\/\"]}]},{\"@type\":\"BreadcrumbList\",\"@id\":\"https:\/\/beamvac.com\/fr\/a-propos-de-beam\/#breadcrumb\",\"itemListElement\":[{\"@type\":\"ListItem\",\"position\":1,\"name\":\"Home\",\"item\":\"https:\/\/beamvac.com\/fr\/\"},{\"@type\":\"ListItem\",\"position\":2,\"name\":\"\u00c0 propos de BEAM\"}]},{\"@type\":\"WebSite\",\"@id\":\"https:\/\/beamvac.com\/#website\",\"url\":\"https:\/\/beamvac.com\/\",\"name\":\"BEAM\",\"description\":\"Premium Central Vacuum Systems\",\"potentialAction\":[{\"@type\":\"SearchAction\",\"target\":{\"@type\":\"EntryPoint\",\"urlTemplate\":\"https:\/\/beamvac.com\/?s={search_term_string}\"},\"query-input\":{\"@type\":\"PropertyValueSpecification\",\"valueRequired\":true,\"valueName\":\"search_term_string\"}}],\"inLanguage\":\"fr-FR\"}]}<\/script>\n<!-- \/ Yoast SEO plugin. -->","yoast_head_json":{"title":"BEAM \u2013 60 ANS D\u2019EXCELLENCE","description":"Depuis 60 ans, BEAM se classe parmi les plus importants fabricants de syst\u00e8mes centraux d\u2019aspiration avec une longue lign\u00e9e de produits novateurs qui \u00e9l\u00e8vent la barre de l\u2019excellence.","robots":{"index":"index","follow":"follow","max-snippet":"max-snippet:-1","max-image-preview":"max-image-preview:large","max-video-preview":"max-video-preview:-1"},"canonical":"https:\/\/beamvac.com\/fr\/a-propos-de-beam\/","og_locale":"fr_FR","og_type":"article","og_title":"BEAM \u2013 60 ANS D\u2019EXCELLENCE","og_description":"Depuis 60 ans, BEAM se classe parmi les plus importants fabricants de syst\u00e8mes centraux d\u2019aspiration avec une longue lign\u00e9e de produits novateurs qui \u00e9l\u00e8vent la barre de l\u2019excellence.","og_url":"https:\/\/beamvac.com\/fr\/a-propos-de-beam\/","og_site_name":"BEAM","article_modified_time":"2025-01-08T14:38:55+00:00","twitter_card":"summary_large_image","twitter_misc":{"Dur\u00e9e de lecture estim\u00e9e":"2 minutes"},"schema":{"@context":"https:\/\/schema.org","@graph":[{"@type":"WebPage","@id":"https:\/\/beamvac.com\/fr\/a-propos-de-beam\/","url":"https:\/\/beamvac.com\/fr\/a-propos-de-beam\/","name":"BEAM \u2013 60 ANS D\u2019EXCELLENCE","isPartOf":{"@id":"https:\/\/beamvac.com\/#website"},"datePublished":"2019-02-11T07:42:24+00:00","dateModified":"2025-01-08T14:38:55+00:00","description":"Depuis 60 ans, BEAM se classe parmi les plus importants fabricants de syst\u00e8mes centraux d\u2019aspiration avec une longue lign\u00e9e de produits novateurs qui \u00e9l\u00e8vent la barre de l\u2019excellence.","breadcrumb":{"@id":"https:\/\/beamvac.com\/fr\/a-propos-de-beam\/#breadcrumb"},"inLanguage":"fr-FR","potentialAction":[{"@type":"ReadAction","target":["https:\/\/beamvac.com\/fr\/a-propos-de-beam\/"]}]},{"@type":"BreadcrumbList","@id":"https:\/\/beamvac.com\/fr\/a-propos-de-beam\/#breadcrumb","itemListElement":[{"@type":"ListItem","position":1,"name":"Home","item":"https:\/\/beamvac.com\/fr\/"},{"@type":"ListItem","position":2,"name":"\u00c0 propos de BEAM"}]},{"@type":"WebSite","@id":"https:\/\/beamvac.com\/#website","url":"https:\/\/beamvac.com\/","name":"BEAM","description":"Premium Central Vacuum Systems","potentialAction":[{"@type":"SearchAction","target":{"@type":"EntryPoint","urlTemplate":"https:\/\/beamvac.com\/?s={search_term_string}"},"query-input":{"@type":"PropertyValueSpecification","valueRequired":true,"valueName":"search_term_string"}}],"inLanguage":"fr-FR"}]}},"_links":{"self":[{"href":"https:\/\/beamvac.com\/fr\/wp-json\/wp\/v2\/pages\/4309","targetHints":{"allow":["GET"]}}],"collection":[{"href":"https:\/\/beamvac.com\/fr\/wp-json\/wp\/v2\/pages"}],"about":[{"href":"https:\/\/beamvac.com\/fr\/wp-json\/wp\/v2\/types\/page"}],"author":[{"embeddable":true,"href":"https:\/\/beamvac.com\/fr\/wp-json\/wp\/v2\/users\/1"}],"replies":[{"embeddable":true,"href":"https:\/\/beamvac.com\/fr\/wp-json\/wp\/v2\/comments?post=4309"}],"version-history":[{"count":19,"href":"https:\/\/beamvac.com\/fr\/wp-json\/wp\/v2\/pages\/4309\/revisions"}],"predecessor-version":[{"id":10013,"href":"https:\/\/beamvac.com\/fr\/wp-json\/wp\/v2\/pages\/4309\/revisions\/10013"}],"wp:attachment":[{"href":"https:\/\/beamvac.com\/fr\/wp-json\/wp\/v2\/media?parent=4309"}],"curies":[{"name":"wp","href":"https:\/\/api.w.org\/{rel}","templated":true}]}}