{"id":1576,"date":"2018-12-20T22:14:46","date_gmt":"2018-12-20T22:14:46","guid":{"rendered":"https:\/\/beamvac.com?page_id=1576"},"modified":"2025-06-10T16:00:25","modified_gmt":"2025-06-10T20:00:25","slug":"frontpage","status":"publish","type":"page","link":"https:\/\/beamvac.com\/fr\/","title":{"rendered":"Frontpage"},"content":{"rendered":"<div class=\"wpb-content-wrapper\"><p>[vc_row el_class=\u00a0\u00bbatwm-frontpage-slider\u00a0\u00bb][vc_column][rev_slider_vc alias=\u00a0\u00bbfrontpage-french\u00a0\u00bb][\/vc_column][\/vc_row][vc_row full_width=\u00a0\u00bbstretch_row_content\u00a0\u00bb css=\u00a0\u00bb.vc_custom_1546008861397{background-image: url(https:\/\/beamvac.com\/wp-content\/uploads\/2018\/12\/home-pride.jpg?id=1559) !important;background-position: center !important;background-repeat: no-repeat !important;background-size: cover !important;}\u00a0\u00bb el_class=\u00a0\u00bbatwm-home-pride\u00a0\u00bb][vc_column el_class=\u00a0\u00bbcontainer-bigger\u00a0\u00bb css=\u00a0\u00bb.vc_custom_1546030602517{background-image: url(https:\/\/beamvac.com\/wp-content\/uploads\/2018\/12\/home-pride-mobile-1.jpg?id=1721) !important;background-position: center !important;background-repeat: no-repeat !important;background-size: cover !important;}\u00a0\u00bb][vc_row_inner css=\u00a0\u00bb.vc_custom_1546029052200{background-position: center !important;background-repeat: no-repeat !important;background-size: cover !important;}\u00a0\u00bb][vc_column_inner width=\u00a0\u00bb1\/4&Prime;][vc_custom_heading text=\u00a0\u00bbVOTRE MAISON, VOTRE FIERT\u00c9\u00a0\u00bb use_theme_fonts=\u00a0\u00bbyes\u00a0\u00bb][vc_column_text]Votre maison est le c\u0153ur de votre vie familiale quotidienne. Vous permettre de cr\u00e9er un environnement propre o\u00f9 votre famille peut s\u2019\u00e9panouir est au centre des pr\u00e9occupations de BEAM.[\/vc_column_text][vc_single_image image=\u00a0\u00bb4305&Prime; img_size=\u00a0\u00bbfull\u00a0\u00bb][vc_btn title=\u00a0\u00bb\u00c0 PROPOS DE NOUS\u00a0\u00bb shape=\u00a0\u00bbsquare\u00a0\u00bb link=\u00a0\u00bburl:https%3A%2F%2Fbeamvac.com%2Ffr%2Fa-propos-de-beam%2F|||\u00a0\u00bb][\/vc_column_inner][vc_column_inner width=\u00a0\u00bb1\/4&Prime;][\/vc_column_inner][vc_column_inner width=\u00a0\u00bb1\/4&Prime;][\/vc_column_inner][vc_column_inner width=\u00a0\u00bb1\/4&Prime;][\/vc_column_inner][\/vc_row_inner][\/vc_column][\/vc_row][vc_row el_class=\u00a0\u00bbatwm-frontpage-products\u00a0\u00bb][vc_column][vc_custom_heading text=\u00a0\u00bbLA FAMILLE BEAM\u00a0\u00bb font_container=\u00a0\u00bbtag:h2|text_align:center\u00a0\u00bb use_theme_fonts=\u00a0\u00bbyes\u00a0\u00bb][\/vc_column][\/vc_row][vc_row][vc_column][vc_column_text]<\/p>\n<p>[\/vc_column_text][\/vc_column][\/vc_row][vc_row el_class=\u00a0\u00bbatwm-frontpage-products\u00a0\u00bb el_id=\u00a0\u00bbatwm-frontpage-products\u00a0\u00bb][vc_column width=\u00a0\u00bb1\/3&Prime;]\n\t\t\t\t<div class=\"wpb_single_image wpb_content_element vc_align_center\">\n\t\t\t\t\t<figure class=\"wpb_wrapper vc_figure\">\n\t\t\t\t\t\t<a href=\"https:\/\/beamvac.com\/fr\/product\/aspirateur-central-495-gore-hybride-625-aw\/\" target=\"_self\" class=\"vc_single_image-wrapper vc_box_border_grey\">\n\t\t\t\t\t\t\t<img loading=\"lazy\" decoding=\"async\" width=\"800\" height=\"800\" src=\"https:\/\/beamvac.com\/wp-content\/uploads\/2025\/01\/ABEAM475E_ABEAM495E_ABEAM3600E_2.jpg\" srcset=\"https:\/\/beamvac.com\/wp-content\/uploads\/2025\/01\/ABEAM475E_ABEAM495E_ABEAM3600E_2.jpg 2x\" class=\"vc_single_image-img attachment-full\" alt=\"495 \u2013 Gore Hybride \u2013 625 AW\" >\n\t\t\t\t\t\t<\/a>\n\t\t\t\t\t<\/figure>\n\t\t\t\t<\/div>\n\t\t\t\t<h3 style=\"text-align: center\" class=\"vc_custom_heading\">\n\t\t\t\t\t<a href=\"https:\/\/beamvac.com\/fr\/product\/aspirateur-central-495-gore-hybride-625-aw\/\">495 \u2013 Gore Hybride \u2013 625 AW<\/a>\n\t\t\t\t<\/h3>\n\t\t\t\t<div class=\"vc_btn3-container vc_btn3-center\">\n\t\t\t\t\t<a class=\"vc_general vc_btn3 vc_btn3-size-md vc_btn3-shape-square vc_btn3-style-modern vc_btn3-color-grey\" href=\"https:\/\/beamvac.com\/fr\/product\/aspirateur-central-495-gore-hybride-625-aw\/\" title=\"\">En Savoir Plus<\/a>\n\t\t\t\t<\/div>[\/vc_column][vc_column width=\u00a0\u00bb1\/3&Prime;]\n\t\t\t\t<div class=\"wpb_single_image wpb_content_element vc_align_center\">\n\t\t\t\t\t<figure class=\"wpb_wrapper vc_figure\">\n\t\t\t\t\t\t<a href=\"https:\/\/beamvac.com\/fr\/product\/aspirateur-central-4500-gore-hybride-1354-aw\/\" target=\"_self\" class=\"vc_single_image-wrapper vc_box_border_grey\">\n\t\t\t\t\t\t\t<img loading=\"lazy\" decoding=\"async\" width=\"800\" height=\"800\" src=\"https:\/\/beamvac.com\/wp-content\/uploads\/2025\/01\/ABEAM4500E.jpg\" srcset=\"https:\/\/beamvac.com\/wp-content\/uploads\/2025\/01\/ABEAM4500E.jpg 2x\" class=\"vc_single_image-img attachment-full\" alt=\"4500 \u2013 Gore Hybride \u2013 1354 AW\" >\n\t\t\t\t\t\t<\/a>\n\t\t\t\t\t<\/figure>\n\t\t\t\t<\/div>\n\t\t\t\t<h3 style=\"text-align: center\" class=\"vc_custom_heading\">\n\t\t\t\t\t<a href=\"https:\/\/beamvac.com\/fr\/product\/aspirateur-central-4500-gore-hybride-1354-aw\/\">4500 \u2013 Gore Hybride \u2013 1354 AW<\/a>\n\t\t\t\t<\/h3>\n\t\t\t\t<div class=\"vc_btn3-container vc_btn3-center\">\n\t\t\t\t\t<a class=\"vc_general vc_btn3 vc_btn3-size-md vc_btn3-shape-square vc_btn3-style-modern vc_btn3-color-grey\" href=\"https:\/\/beamvac.com\/fr\/product\/aspirateur-central-4500-gore-hybride-1354-aw\/\" title=\"\">En Savoir Plus<\/a>\n\t\t\t\t<\/div>[\/vc_column][vc_column width=\u00a0\u00bb1\/3&Prime;]\n\t\t\t\t<div class=\"wpb_single_image wpb_content_element vc_align_center\">\n\t\t\t\t\t<figure class=\"wpb_wrapper vc_figure\">\n\t\t\t\t\t\t<a href=\"https:\/\/beamvac.com\/fr\/product\/aspirateur-central-205-gore-hybride-610-aw\/\" target=\"_self\" class=\"vc_single_image-wrapper vc_box_border_grey\">\n\t\t\t\t\t\t\t<img loading=\"lazy\" decoding=\"async\" width=\"800\" height=\"800\" src=\"https:\/\/beamvac.com\/wp-content\/uploads\/2025\/01\/ABEAM205A_2.jpg\" srcset=\"https:\/\/beamvac.com\/wp-content\/uploads\/2025\/01\/ABEAM205A_2.jpg 2x\" class=\"vc_single_image-img attachment-full\" alt=\"205 \u2013 Gore Hybride \u2013 610 AW\" >\n\t\t\t\t\t\t<\/a>\n\t\t\t\t\t<\/figure>\n\t\t\t\t<\/div>\n\t\t\t\t<h3 style=\"text-align: center\" class=\"vc_custom_heading\">\n\t\t\t\t\t<a href=\"https:\/\/beamvac.com\/fr\/product\/aspirateur-central-205-gore-hybride-610-aw\/\">205 \u2013 Gore Hybride \u2013 610 AW<\/a>\n\t\t\t\t<\/h3>\n\t\t\t\t<div class=\"vc_btn3-container vc_btn3-center\">\n\t\t\t\t\t<a class=\"vc_general vc_btn3 vc_btn3-size-md vc_btn3-shape-square vc_btn3-style-modern vc_btn3-color-grey\" href=\"https:\/\/beamvac.com\/fr\/product\/aspirateur-central-205-gore-hybride-610-aw\/\" title=\"\">En Savoir Plus<\/a>\n\t\t\t\t<\/div>[\/vc_column][\/vc_row][vc_row full_width=\u00a0\u00bbstretch_row_content\u00a0\u00bb el_class=\u00a0\u00bbatwm-how-it-works-blue-section\u00a0\u00bb css=\u00a0\u00bb.vc_custom_1546638681775{background-image: url(https:\/\/beamvac.com\/wp-content\/uploads\/2025\/06\/Banniere_1921x279_2.jpg) !important;}\u00a0\u00bb el_id=\u00a0\u00bbatwm-existing-home-installation\u00a0\u00bb][vc_column][vc_custom_heading text=\u00a0\u00bbD\u00c9COUVREZ NOS ECO-PACKS BEAM\u00a0\u00bb font_container=\u00a0\u00bbtag:h2|text_align:center\u00a0\u00bb use_theme_fonts=\u00a0\u00bbyes\u00a0\u00bb][\/vc_column][\/vc_row][vc_row el_class=\u00a0\u00bbcontainer-medium atwm-mobile-reverse-order\u00a0\u00bb][vc_column width=\u00a0\u00bb1\/2&Prime; el_class=\u00a0\u00bbatwm-why-beam-box\u00a0\u00bb css=\u00a0\u00bb.vc_custom_1550054306693{margin-top: 0px !important;}\u00a0\u00bb][vc_custom_heading text=\u00a0\u00bbDES SOLUTIONS TOUT-EN-UN, PENS\u00c9ES POUR CHAQUE TYPE D\u2019HABITATION.\u00a0\u00bb use_theme_fonts=\u00a0\u00bbyes\u00a0\u00bb][vc_column_text]Con\u00e7us pour vous simplifier la vie, les Eco-Packs Beam offrent des ensembles complets, parfaitement adapt\u00e9s aux besoins des maisons, condos et bureaux d&rsquo;affaires.<\/p>\n<p class=\"p1\">Nos sp\u00e9cialistes Beam sont \u00e0 votre \u00e9coute pour vous guider vers la solution la mieux adapt\u00e9e \u00e0 votre espace.<\/p>\n<p class=\"p1\">[\/vc_column_text][vc_btn title=\u00a0\u00bbO\u00d9 ACHETER?\u00a0\u00bb style=\u00a0\u00bboutline-custom\u00a0\u00bb outline_custom_color=\u00a0\u00bb#7fa1d4&Prime; outline_custom_hover_background=\u00a0\u00bb#7fa1d4&Prime; outline_custom_hover_text=\u00a0\u00bb#ffffff\u00a0\u00bb shape=\u00a0\u00bbsquare\u00a0\u00bb align=\u00a0\u00bbleft\u00a0\u00bb link=\u00a0\u00bburl:https%3A%2F%2Fbeamvac.com%2Ffr%2Fou-acheter%2F|title:Trouver%20un%20magasin\u00a0\u00bb el_class=\u00a0\u00bbproduct-learn-more\u00a0\u00bb][\/vc_column][vc_column width=\u00a0\u00bb1\/2&Prime; el_class=\u00a0\u00bbatwm-why-beam-box\u00a0\u00bb][vc_single_image image=\u00a0\u00bb9998&Prime; img_size=\u00a0\u00bbfull\u00a0\u00bb][\/vc_column][\/vc_row][vc_row][vc_column][vc_column_text]<\/p>\n<p>[\/vc_column_text][\/vc_column][\/vc_row][vc_row full_width=\u00a0\u00bbstretch_row_content\u00a0\u00bb el_class=\u00a0\u00bbatwm-frontpage-blue-section\u00a0\u00bb][vc_column css=\u00a0\u00bb.vc_custom_1736351987122{background-image: url(https:\/\/beamvac.com\/wp-content\/uploads\/2025\/01\/HowItWorks_1920x547-1.jpg?id=9332) !important;}\u00a0\u00bb][vc_column_text]<\/p>\n<h2><a href=\"https:\/\/beamvac.com\/fr\/comment-ca-marche\/\">COMMENT \u00c7A FONCTIONNE<\/a><\/h2>\n<p>[\/vc_column_text][\/vc_column][\/vc_row][vc_row full_width=\u00a0\u00bbstretch_row_content\u00a0\u00bb el_class=\u00a0\u00bbatwm-frontpage-blue-section\u00a0\u00bb][vc_column width=\u00a0\u00bb1\/2&Prime; css=\u00a0\u00bb.vc_custom_1736348279990{background-image: url(https:\/\/beamvac.com\/wp-content\/uploads\/2025\/01\/HowToInstall_960x547-1.jpg?id=9314) !important;}\u00a0\u00bb][vc_column_text]<\/p>\n<h2><a href=\"https:\/\/beamvac.com\/fr\/comment-ca-sinstalle\/\">COMMENT \u00c7A S\u2019INSTALLE<\/a><\/h2>\n<p>[\/vc_column_text][\/vc_column][vc_column width=\u00a0\u00bb1\/2&Prime; css=\u00a0\u00bb.vc_custom_1736348321530{background-image: url(https:\/\/beamvac.com\/wp-content\/uploads\/2025\/01\/CleaningFacts_960x547-1.jpg?id=9316) !important;}\u00a0\u00bb][vc_column_text]<\/p>\n<h2><a href=\"https:\/\/beamvac.com\/fr\/a-propos-de-beam\/avantages-de-beam\/\">FAITS SUR LE NETTOYAGE<\/a><\/h2>\n<p>[\/vc_column_text][\/vc_column][\/vc_row]<\/p>\n<\/div>","protected":false},"excerpt":{"rendered":"<p>[vc_row el_class=\u00a0\u00bbatwm-frontpage-slider\u00a0\u00bb][vc_column][rev_slider_vc alias=\u00a0\u00bbfrontpage-french\u00a0\u00bb][\/vc_column][\/vc_row][vc_row full_width=\u00a0\u00bbstretch_row_content\u00a0\u00bb css=\u00a0\u00bb.vc_custom_1546008861397{background-image: url(https:\/\/beamvac.com\/wp-content\/uploads\/2018\/12\/home-pride.jpg?id=1559) !important;background-position: center !important;background-repeat: no-repeat !important;background-size: cover !important;}\u00a0\u00bb el_class=\u00a0\u00bbatwm-home-pride\u00a0\u00bb][vc_column el_class=\u00a0\u00bbcontainer-bigger\u00a0\u00bb css=\u00a0\u00bb.vc_custom_1546030602517{background-image: url(https:\/\/beamvac.com\/wp-content\/uploads\/2018\/12\/home-pride-mobile-1.jpg?id=1721) !important;background-position: center !important;background-repeat: no-repeat !important;background-size: cover !important;}\u00a0\u00bb][vc_row_inner css=\u00a0\u00bb.vc_custom_1546029052200{background-position: center !important;background-repeat: no-repeat !important;background-size: cover !important;}\u00a0\u00bb][vc_column_inner width=\u00a0\u00bb1\/4&Prime;][vc_custom_heading text=\u00a0\u00bbVOTRE MAISON, VOTRE FIERT\u00c9\u00a0\u00bb use_theme_fonts=\u00a0\u00bbyes\u00a0\u00bb][vc_column_text]Votre maison est le c\u0153ur de votre vie familiale quotidienne. Vous permettre de cr\u00e9er un environnement propre o\u00f9 votre [&hellip;]<\/p>\n","protected":false},"author":1,"featured_media":0,"parent":0,"menu_order":0,"comment_status":"closed","ping_status":"closed","template":"","meta":{"footnotes":""},"class_list":["post-1576","page","type-page","status-publish","hentry"],"yoast_head":"<!-- This site is optimized with the Yoast SEO plugin v26.9 - https:\/\/yoast.com\/product\/yoast-seo-wordpress\/ -->\n<title>BEAM Premium Central Vacuum Systems<\/title>\n<meta name=\"robots\" content=\"index, follow, max-snippet:-1, max-image-preview:large, max-video-preview:-1\" \/>\n<link rel=\"canonical\" href=\"https:\/\/beamvac.com\/fr\/\" \/>\n<meta property=\"og:locale\" content=\"fr_FR\" \/>\n<meta property=\"og:type\" content=\"article\" \/>\n<meta property=\"og:title\" content=\"BEAM Premium Central Vacuum Systems\" \/>\n<meta property=\"og:description\" content=\"[vc_row el_class=\u00a0\u00bbatwm-frontpage-slider\u00a0\u00bb][vc_column][rev_slider_vc alias=\u00a0\u00bbfrontpage-french\u00a0\u00bb][\/vc_column][\/vc_row][vc_row full_width=\u00a0\u00bbstretch_row_content\u00a0\u00bb css=\u00a0\u00bb.vc_custom_1546008861397{background-image: url(https:\/\/beamvac.com\/wp-content\/uploads\/2018\/12\/home-pride.jpg?id=1559) !important;background-position: center !important;background-repeat: no-repeat !important;background-size: cover !important;}\u00a0\u00bb el_class=\u00a0\u00bbatwm-home-pride\u00a0\u00bb][vc_column el_class=\u00a0\u00bbcontainer-bigger\u00a0\u00bb css=\u00a0\u00bb.vc_custom_1546030602517{background-image: url(https:\/\/beamvac.com\/wp-content\/uploads\/2018\/12\/home-pride-mobile-1.jpg?id=1721) !important;background-position: center !important;background-repeat: no-repeat !important;background-size: cover !important;}\u00a0\u00bb][vc_row_inner css=\u00a0\u00bb.vc_custom_1546029052200{background-position: center !important;background-repeat: no-repeat !important;background-size: cover !important;}\u00a0\u00bb][vc_column_inner width=\u00a0\u00bb1\/4&Prime;][vc_custom_heading text=\u00a0\u00bbVOTRE MAISON, VOTRE FIERT\u00c9\u00a0\u00bb use_theme_fonts=\u00a0\u00bbyes\u00a0\u00bb][vc_column_text]Votre maison est le c\u0153ur de votre vie familiale quotidienne. Vous permettre de cr\u00e9er un environnement propre o\u00f9 votre [&hellip;]\" \/>\n<meta property=\"og:url\" content=\"https:\/\/beamvac.com\/fr\/\" \/>\n<meta property=\"og:site_name\" content=\"BEAM\" \/>\n<meta property=\"article:modified_time\" content=\"2025-06-10T20:00:25+00:00\" \/>\n<meta name=\"twitter:card\" content=\"summary_large_image\" \/>\n<meta name=\"twitter:label1\" content=\"Dur\u00e9e de lecture estim\u00e9e\" \/>\n\t<meta name=\"twitter:data1\" content=\"1 minute\" \/>\n<script type=\"application\/ld+json\" class=\"yoast-schema-graph\">{\"@context\":\"https:\/\/schema.org\",\"@graph\":[{\"@type\":\"WebPage\",\"@id\":\"https:\/\/beamvac.com\/fr\/\",\"url\":\"https:\/\/beamvac.com\/fr\/\",\"name\":\"BEAM Premium Central Vacuum Systems\",\"isPartOf\":{\"@id\":\"https:\/\/beamvac.com\/#website\"},\"datePublished\":\"2018-12-20T22:14:46+00:00\",\"dateModified\":\"2025-06-10T20:00:25+00:00\",\"breadcrumb\":{\"@id\":\"https:\/\/beamvac.com\/fr\/#breadcrumb\"},\"inLanguage\":\"fr-FR\",\"potentialAction\":[{\"@type\":\"ReadAction\",\"target\":[\"https:\/\/beamvac.com\/fr\/\"]}]},{\"@type\":\"BreadcrumbList\",\"@id\":\"https:\/\/beamvac.com\/fr\/#breadcrumb\",\"itemListElement\":[{\"@type\":\"ListItem\",\"position\":1,\"name\":\"Home\",\"item\":\"https:\/\/beamvac.com\/fr\/\"},{\"@type\":\"ListItem\",\"position\":2,\"name\":\"Frontpage\"}]},{\"@type\":\"WebSite\",\"@id\":\"https:\/\/beamvac.com\/#website\",\"url\":\"https:\/\/beamvac.com\/\",\"name\":\"BEAM\",\"description\":\"Premium Central Vacuum Systems\",\"potentialAction\":[{\"@type\":\"SearchAction\",\"target\":{\"@type\":\"EntryPoint\",\"urlTemplate\":\"https:\/\/beamvac.com\/?s={search_term_string}\"},\"query-input\":{\"@type\":\"PropertyValueSpecification\",\"valueRequired\":true,\"valueName\":\"search_term_string\"}}],\"inLanguage\":\"fr-FR\"}]}<\/script>\n<!-- \/ Yoast SEO plugin. -->","yoast_head_json":{"title":"BEAM Premium Central Vacuum Systems","robots":{"index":"index","follow":"follow","max-snippet":"max-snippet:-1","max-image-preview":"max-image-preview:large","max-video-preview":"max-video-preview:-1"},"canonical":"https:\/\/beamvac.com\/fr\/","og_locale":"fr_FR","og_type":"article","og_title":"BEAM Premium Central Vacuum Systems","og_description":"[vc_row el_class=\u00a0\u00bbatwm-frontpage-slider\u00a0\u00bb][vc_column][rev_slider_vc alias=\u00a0\u00bbfrontpage-french\u00a0\u00bb][\/vc_column][\/vc_row][vc_row full_width=\u00a0\u00bbstretch_row_content\u00a0\u00bb css=\u00a0\u00bb.vc_custom_1546008861397{background-image: url(https:\/\/beamvac.com\/wp-content\/uploads\/2018\/12\/home-pride.jpg?id=1559) !important;background-position: center !important;background-repeat: no-repeat !important;background-size: cover !important;}\u00a0\u00bb el_class=\u00a0\u00bbatwm-home-pride\u00a0\u00bb][vc_column el_class=\u00a0\u00bbcontainer-bigger\u00a0\u00bb css=\u00a0\u00bb.vc_custom_1546030602517{background-image: url(https:\/\/beamvac.com\/wp-content\/uploads\/2018\/12\/home-pride-mobile-1.jpg?id=1721) !important;background-position: center !important;background-repeat: no-repeat !important;background-size: cover !important;}\u00a0\u00bb][vc_row_inner css=\u00a0\u00bb.vc_custom_1546029052200{background-position: center !important;background-repeat: no-repeat !important;background-size: cover !important;}\u00a0\u00bb][vc_column_inner width=\u00a0\u00bb1\/4&Prime;][vc_custom_heading text=\u00a0\u00bbVOTRE MAISON, VOTRE FIERT\u00c9\u00a0\u00bb use_theme_fonts=\u00a0\u00bbyes\u00a0\u00bb][vc_column_text]Votre maison est le c\u0153ur de votre vie familiale quotidienne. Vous permettre de cr\u00e9er un environnement propre o\u00f9 votre [&hellip;]","og_url":"https:\/\/beamvac.com\/fr\/","og_site_name":"BEAM","article_modified_time":"2025-06-10T20:00:25+00:00","twitter_card":"summary_large_image","twitter_misc":{"Dur\u00e9e de lecture estim\u00e9e":"1 minute"},"schema":{"@context":"https:\/\/schema.org","@graph":[{"@type":"WebPage","@id":"https:\/\/beamvac.com\/fr\/","url":"https:\/\/beamvac.com\/fr\/","name":"BEAM Premium Central Vacuum Systems","isPartOf":{"@id":"https:\/\/beamvac.com\/#website"},"datePublished":"2018-12-20T22:14:46+00:00","dateModified":"2025-06-10T20:00:25+00:00","breadcrumb":{"@id":"https:\/\/beamvac.com\/fr\/#breadcrumb"},"inLanguage":"fr-FR","potentialAction":[{"@type":"ReadAction","target":["https:\/\/beamvac.com\/fr\/"]}]},{"@type":"BreadcrumbList","@id":"https:\/\/beamvac.com\/fr\/#breadcrumb","itemListElement":[{"@type":"ListItem","position":1,"name":"Home","item":"https:\/\/beamvac.com\/fr\/"},{"@type":"ListItem","position":2,"name":"Frontpage"}]},{"@type":"WebSite","@id":"https:\/\/beamvac.com\/#website","url":"https:\/\/beamvac.com\/","name":"BEAM","description":"Premium Central Vacuum Systems","potentialAction":[{"@type":"SearchAction","target":{"@type":"EntryPoint","urlTemplate":"https:\/\/beamvac.com\/?s={search_term_string}"},"query-input":{"@type":"PropertyValueSpecification","valueRequired":true,"valueName":"search_term_string"}}],"inLanguage":"fr-FR"}]}},"_links":{"self":[{"href":"https:\/\/beamvac.com\/fr\/wp-json\/wp\/v2\/pages\/1576","targetHints":{"allow":["GET"]}}],"collection":[{"href":"https:\/\/beamvac.com\/fr\/wp-json\/wp\/v2\/pages"}],"about":[{"href":"https:\/\/beamvac.com\/fr\/wp-json\/wp\/v2\/types\/page"}],"author":[{"embeddable":true,"href":"https:\/\/beamvac.com\/fr\/wp-json\/wp\/v2\/users\/1"}],"replies":[{"embeddable":true,"href":"https:\/\/beamvac.com\/fr\/wp-json\/wp\/v2\/comments?post=1576"}],"version-history":[{"count":42,"href":"https:\/\/beamvac.com\/fr\/wp-json\/wp\/v2\/pages\/1576\/revisions"}],"predecessor-version":[{"id":10017,"href":"https:\/\/beamvac.com\/fr\/wp-json\/wp\/v2\/pages\/1576\/revisions\/10017"}],"wp:attachment":[{"href":"https:\/\/beamvac.com\/fr\/wp-json\/wp\/v2\/media?parent=1576"}],"curies":[{"name":"wp","href":"https:\/\/api.w.org\/{rel}","templated":true}]}}