{"id":10576,"date":"2025-12-12T11:59:31","date_gmt":"2025-12-12T16:59:31","guid":{"rendered":"https:\/\/beamvac.com\/?page_id=10576"},"modified":"2025-12-17T10:47:30","modified_gmt":"2025-12-17T15:47:30","slug":"estimation-gratuite","status":"publish","type":"page","link":"https:\/\/beamvac.com\/fr\/estimation-gratuite\/","title":{"rendered":"Estimation gratuite"},"content":{"rendered":"<div class=\"wpb-content-wrapper\"><p>[vc_row][vc_column][vc_custom_heading text=\u00a0\u00bbObtenez votre estimation gratuite\u00a0\u00bb use_theme_fonts=\u00a0\u00bbyes\u00a0\u00bb][vc_column_text]Vous souhaitez conna\u00eetre le prix exact d\u2019un syst\u00e8me d\u2019aspirateur central Beam adapt\u00e9 \u00e0 votre habitation? Remplissez le formulaire ci-dessous et l\u2019un de nos repr\u00e9sentants PRO se fera un plaisir de vous contacter afin de vous fournir une estimation personnalis\u00e9e, claire et sans engagement.<\/p>\n<p>&nbsp;<\/p>\n<p>Nos experts en aspiration centralis\u00e9e prendront le temps d\u2019analyser vos besoins afin de vous recommander la solution la mieux adapt\u00e9e \u00e0 votre maison, tout en vous fournissant des informations compl\u00e8tes sur nos produits, options et garanties. N\u2019h\u00e9sitez pas \u00e0 poser toutes vos questions : nous sommes l\u00e0 pour vous accompagner \u00e0 chaque \u00e9tape.[\/vc_column_text][\/vc_column][\/vc_row][vc_row][vc_column width=\u00a0\u00bb1\/2&Prime;][vc_raw_html]JTNDc2NyaXB0JTIwY2hhcnNldCUzRCUyMnV0Zi04JTIyJTIwdHlwZSUzRCUyMnRleHQlMkZqYXZhc2NyaXB0JTIyJTIwc3JjJTNEJTIyJTJGJTJGanMuaHNmb3Jtcy5uZXQlMkZmb3JtcyUyRmVtYmVkJTJGdjIuanMlMjIlM0UlM0MlMkZzY3JpcHQlM0UlMEElM0NzY3JpcHQlM0UlMEElMjAlMjBoYnNwdC5mb3Jtcy5jcmVhdGUlMjglN0IlMEElMjAlMjAlMjAlMjBwb3J0YWxJZCUzQSUyMCUyMjc1NDg0NzUlMjIlMkMlMEElMjAlMjAlMjAlMjBmb3JtSWQlM0ElMjAlMjI3OGIyN2E2Zi03MjI2LTRkZmQtODFkNi05ZmVlNTYzNjVmZTglMjIlMkMlMEElMjAlMjAlMjAlMjByZWdpb24lM0ElMjAlMjJuYTElMjIlMkMlMEElMjAlMjAlMjAlMjBvbkZvcm1SZWFkeSUzQSUyMGZ1bmN0aW9uJTI4JTI0Zm9ybSUyOSUyMCU3QiUwQSUyMCUyMCUyMCUyMCUyMCUyMCUyMCUyMCUyRiUyRiUyMEFqb3V0ZSUyMGxhJTIwdmFsZXVyJTIwZGFucyUyMGxlJTIwY2hhbXAlMjBjYWNoJUMzJUE5JTIwbm9tbSVDMyVBOSUyMCUyN3NvdXJjZSUyNyUwQSUyMCUyMCUyMCUyMCUyMCUyMCUyMCUyMCUyNGZvcm0uZmluZCUyOCUyN2lucHV0JTVCbmFtZSUzRCUyMnNvdXJjZSUyMiU1RCUyNyUyOS52YWwlMjglMjJFc3RpbWF0aW9uJTIwZ3JhdHVpdGUlMjBiZWFtJTIyJTI5JTNCJTBBJTIwJTIwJTIwJTIwJTdEJTBBJTIwJTIwJTdEJTI5JTNCJTBBJTNDJTJGc2NyaXB0JTNF[\/vc_raw_html][\/vc_column][vc_column width=\u00a0\u00bb1\/2&Prime;][vc_single_image image=\u00a0\u00bb10644&Prime; img_size=\u00a0\u00bblarge\u00a0\u00bb alignment=\u00a0\u00bbcenter\u00a0\u00bb][\/vc_column][\/vc_row]<\/p>\n<\/div>","protected":false},"excerpt":{"rendered":"<p>[vc_row][vc_column][vc_custom_heading text=\u00a0\u00bbObtenez votre estimation gratuite\u00a0\u00bb use_theme_fonts=\u00a0\u00bbyes\u00a0\u00bb][vc_column_text]Vous souhaitez conna\u00eetre le prix exact d\u2019un syst\u00e8me d\u2019aspirateur central Beam adapt\u00e9 \u00e0 votre habitation? Remplissez le formulaire ci-dessous et l\u2019un de nos repr\u00e9sentants PRO se fera un plaisir de vous contacter afin de vous fournir une estimation personnalis\u00e9e, claire et sans engagement. &nbsp; Nos experts en aspiration centralis\u00e9e prendront [&hellip;]<\/p>\n","protected":false},"author":8,"featured_media":0,"parent":0,"menu_order":0,"comment_status":"closed","ping_status":"closed","template":"","meta":{"footnotes":""},"class_list":["post-10576","page","type-page","status-publish","hentry"],"yoast_head":"<!-- This site is optimized with the Yoast SEO plugin v26.9 - https:\/\/yoast.com\/product\/yoast-seo-wordpress\/ -->\n<title>Estimation gratuite - BEAM<\/title>\n<meta name=\"robots\" content=\"index, follow, max-snippet:-1, max-image-preview:large, max-video-preview:-1\" \/>\n<link rel=\"canonical\" href=\"https:\/\/beamvac.com\/fr\/estimation-gratuite\/\" \/>\n<meta property=\"og:locale\" content=\"fr_FR\" \/>\n<meta property=\"og:type\" content=\"article\" \/>\n<meta property=\"og:title\" content=\"Estimation gratuite - BEAM\" \/>\n<meta property=\"og:description\" content=\"[vc_row][vc_column][vc_custom_heading text=\u00a0\u00bbObtenez votre estimation gratuite\u00a0\u00bb use_theme_fonts=\u00a0\u00bbyes\u00a0\u00bb][vc_column_text]Vous souhaitez conna\u00eetre le prix exact d\u2019un syst\u00e8me d\u2019aspirateur central Beam adapt\u00e9 \u00e0 votre habitation? Remplissez le formulaire ci-dessous et l\u2019un de nos repr\u00e9sentants PRO se fera un plaisir de vous contacter afin de vous fournir une estimation personnalis\u00e9e, claire et sans engagement. &nbsp; Nos experts en aspiration centralis\u00e9e prendront [&hellip;]\" \/>\n<meta property=\"og:url\" content=\"https:\/\/beamvac.com\/fr\/estimation-gratuite\/\" \/>\n<meta property=\"og:site_name\" content=\"BEAM\" \/>\n<meta property=\"article:modified_time\" content=\"2025-12-17T15:47:30+00:00\" \/>\n<meta name=\"twitter:card\" content=\"summary_large_image\" \/>\n<meta name=\"twitter:label1\" content=\"Dur\u00e9e de lecture estim\u00e9e\" \/>\n\t<meta name=\"twitter:data1\" content=\"1 minute\" \/>\n<script type=\"application\/ld+json\" class=\"yoast-schema-graph\">{\"@context\":\"https:\/\/schema.org\",\"@graph\":[{\"@type\":\"WebPage\",\"@id\":\"https:\/\/beamvac.com\/fr\/estimation-gratuite\/\",\"url\":\"https:\/\/beamvac.com\/fr\/estimation-gratuite\/\",\"name\":\"Estimation gratuite - BEAM\",\"isPartOf\":{\"@id\":\"https:\/\/beamvac.com\/#website\"},\"datePublished\":\"2025-12-12T16:59:31+00:00\",\"dateModified\":\"2025-12-17T15:47:30+00:00\",\"breadcrumb\":{\"@id\":\"https:\/\/beamvac.com\/fr\/estimation-gratuite\/#breadcrumb\"},\"inLanguage\":\"fr-FR\",\"potentialAction\":[{\"@type\":\"ReadAction\",\"target\":[\"https:\/\/beamvac.com\/fr\/estimation-gratuite\/\"]}]},{\"@type\":\"BreadcrumbList\",\"@id\":\"https:\/\/beamvac.com\/fr\/estimation-gratuite\/#breadcrumb\",\"itemListElement\":[{\"@type\":\"ListItem\",\"position\":1,\"name\":\"Home\",\"item\":\"https:\/\/beamvac.com\/fr\/\"},{\"@type\":\"ListItem\",\"position\":2,\"name\":\"Estimation gratuite\"}]},{\"@type\":\"WebSite\",\"@id\":\"https:\/\/beamvac.com\/#website\",\"url\":\"https:\/\/beamvac.com\/\",\"name\":\"BEAM\",\"description\":\"Premium Central Vacuum Systems\",\"potentialAction\":[{\"@type\":\"SearchAction\",\"target\":{\"@type\":\"EntryPoint\",\"urlTemplate\":\"https:\/\/beamvac.com\/?s={search_term_string}\"},\"query-input\":{\"@type\":\"PropertyValueSpecification\",\"valueRequired\":true,\"valueName\":\"search_term_string\"}}],\"inLanguage\":\"fr-FR\"}]}<\/script>\n<!-- \/ Yoast SEO plugin. -->","yoast_head_json":{"title":"Estimation gratuite - BEAM","robots":{"index":"index","follow":"follow","max-snippet":"max-snippet:-1","max-image-preview":"max-image-preview:large","max-video-preview":"max-video-preview:-1"},"canonical":"https:\/\/beamvac.com\/fr\/estimation-gratuite\/","og_locale":"fr_FR","og_type":"article","og_title":"Estimation gratuite - BEAM","og_description":"[vc_row][vc_column][vc_custom_heading text=\u00a0\u00bbObtenez votre estimation gratuite\u00a0\u00bb use_theme_fonts=\u00a0\u00bbyes\u00a0\u00bb][vc_column_text]Vous souhaitez conna\u00eetre le prix exact d\u2019un syst\u00e8me d\u2019aspirateur central Beam adapt\u00e9 \u00e0 votre habitation? Remplissez le formulaire ci-dessous et l\u2019un de nos repr\u00e9sentants PRO se fera un plaisir de vous contacter afin de vous fournir une estimation personnalis\u00e9e, claire et sans engagement. &nbsp; Nos experts en aspiration centralis\u00e9e prendront [&hellip;]","og_url":"https:\/\/beamvac.com\/fr\/estimation-gratuite\/","og_site_name":"BEAM","article_modified_time":"2025-12-17T15:47:30+00:00","twitter_card":"summary_large_image","twitter_misc":{"Dur\u00e9e de lecture estim\u00e9e":"1 minute"},"schema":{"@context":"https:\/\/schema.org","@graph":[{"@type":"WebPage","@id":"https:\/\/beamvac.com\/fr\/estimation-gratuite\/","url":"https:\/\/beamvac.com\/fr\/estimation-gratuite\/","name":"Estimation gratuite - BEAM","isPartOf":{"@id":"https:\/\/beamvac.com\/#website"},"datePublished":"2025-12-12T16:59:31+00:00","dateModified":"2025-12-17T15:47:30+00:00","breadcrumb":{"@id":"https:\/\/beamvac.com\/fr\/estimation-gratuite\/#breadcrumb"},"inLanguage":"fr-FR","potentialAction":[{"@type":"ReadAction","target":["https:\/\/beamvac.com\/fr\/estimation-gratuite\/"]}]},{"@type":"BreadcrumbList","@id":"https:\/\/beamvac.com\/fr\/estimation-gratuite\/#breadcrumb","itemListElement":[{"@type":"ListItem","position":1,"name":"Home","item":"https:\/\/beamvac.com\/fr\/"},{"@type":"ListItem","position":2,"name":"Estimation gratuite"}]},{"@type":"WebSite","@id":"https:\/\/beamvac.com\/#website","url":"https:\/\/beamvac.com\/","name":"BEAM","description":"Premium Central Vacuum Systems","potentialAction":[{"@type":"SearchAction","target":{"@type":"EntryPoint","urlTemplate":"https:\/\/beamvac.com\/?s={search_term_string}"},"query-input":{"@type":"PropertyValueSpecification","valueRequired":true,"valueName":"search_term_string"}}],"inLanguage":"fr-FR"}]}},"_links":{"self":[{"href":"https:\/\/beamvac.com\/fr\/wp-json\/wp\/v2\/pages\/10576","targetHints":{"allow":["GET"]}}],"collection":[{"href":"https:\/\/beamvac.com\/fr\/wp-json\/wp\/v2\/pages"}],"about":[{"href":"https:\/\/beamvac.com\/fr\/wp-json\/wp\/v2\/types\/page"}],"author":[{"embeddable":true,"href":"https:\/\/beamvac.com\/fr\/wp-json\/wp\/v2\/users\/8"}],"replies":[{"embeddable":true,"href":"https:\/\/beamvac.com\/fr\/wp-json\/wp\/v2\/comments?post=10576"}],"version-history":[{"count":12,"href":"https:\/\/beamvac.com\/fr\/wp-json\/wp\/v2\/pages\/10576\/revisions"}],"predecessor-version":[{"id":10661,"href":"https:\/\/beamvac.com\/fr\/wp-json\/wp\/v2\/pages\/10576\/revisions\/10661"}],"wp:attachment":[{"href":"https:\/\/beamvac.com\/fr\/wp-json\/wp\/v2\/media?parent=10576"}],"curies":[{"name":"wp","href":"https:\/\/api.w.org\/{rel}","templated":true}]}}