{"id":10539,"date":"2025-12-16T16:01:44","date_gmt":"2025-12-16T21:01:44","guid":{"rendered":"https:\/\/beamvac.com\/?page_id=10539"},"modified":"2025-12-17T10:44:33","modified_gmt":"2025-12-17T15:44:33","slug":"engagements-responsables","status":"publish","type":"page","link":"https:\/\/beamvac.com\/fr\/engagements-responsables\/","title":{"rendered":"Engagements responsables"},"content":{"rendered":"<div class=\"wpb-content-wrapper\"><p>[vc_row][vc_column][vc_custom_heading text=\u00a0\u00bbLES ENGAGEMENTS DURABLES DE BEAM\u00a0\u00bb font_container=\u00a0\u00bbtag:h1|text_align:left\u00a0\u00bb use_theme_fonts=\u00a0\u00bbyes\u00a0\u00bb][vc_column_text]<span style=\"font-weight: 400;\">Chez Beam, nous allons bien au-del\u00e0 de la cr\u00e9ation de syst\u00e8mes d\u2019aspiration centralis\u00e9e durables. Nous pla\u00e7ons la responsabilit\u00e9 environnementale au c\u0153ur de chacune de nos actions. De la conception \u00e0 l\u2019installation, chaque \u00e9tape refl\u00e8te notre engagement \u00e0 adopter des pratiques responsables et \u00e0 pr\u00e9server la qualit\u00e9 de notre environnement.<\/span>[\/vc_column_text][\/vc_column][\/vc_row][vc_row full_width=\u00a0\u00bbstretch_row_content\u00a0\u00bb el_class=\u00a0\u00bbatwm-how-it-works-blue-section\u00a0\u00bb css=\u00a0\u00bb.vc_custom_1765986269806{background-image: url(https:\/\/beamvac.com\/wp-content\/uploads\/2025\/12\/1921x279_ActionsDurables.jpg?id=10625) !important;}\u00a0\u00bb el_id=\u00a0\u00bbatwm-new-home-installations\u00a0\u00bb][vc_column][vc_custom_heading text=\u00a0\u00bbLES ACTIONS DURABLES DU QUOTIDIEN\u00a0\u00bb font_container=\u00a0\u00bbtag:h2|text_align:center\u00a0\u00bb use_theme_fonts=\u00a0\u00bbyes\u00a0\u00bb][\/vc_column][\/vc_row][vc_row el_class=\u00a0\u00bbatwm-how-it-works-content\u00a0\u00bb][vc_column width=\u00a0\u00bb1\/3&Prime;][vc_single_image image=\u00a0\u00bb10617&Prime; img_size=\u00a0\u00bbfull\u00a0\u00bb][vc_column_text]<\/p>\n<h3>Revaloriser les pi\u00e8ces usag\u00e9es<\/h3>\n<p>Lorsque des moteurs ou d\u2019autres composantes arrivent en fin de vie, nous veillons \u00e0 ce qu\u2019ils soient dirig\u00e9s vers des fili\u00e8res sp\u00e9cialis\u00e9es. Ce processus permet un tri minutieux et une revalorisation optimale des mat\u00e9riaux, afin d\u2019en prolonger l\u2019utilit\u00e9 tout en r\u00e9duisant l\u2019impact environnemental.[\/vc_column_text][\/vc_column][vc_column width=\u00a0\u00bb1\/3&Prime;][vc_single_image image=\u00a0\u00bb10613&Prime; img_size=\u00a0\u00bbfull\u00a0\u00bb][vc_column_text el_class=\u00a0\u00bbatwm-scroll-url\u00a0\u00bb]<\/p>\n<h3>Communiquer de mani\u00e8re digitale<\/h3>\n<p>Nous optimisons chaque aspect de nos communications. R\u00e9duction du papier, \u00e9limination des impressions superflues et limitation du transport de documents font d\u00e9sormais partie de nos pratiques courantes. Nous privil\u00e9gions les supports num\u00e9riques, notamment gr\u00e2ce \u00e0 l\u2019utilisation de QR codes.[\/vc_column_text][\/vc_column][vc_column width=\u00a0\u00bb1\/3&Prime;][vc_single_image image=\u00a0\u00bb10615&Prime; img_size=\u00a0\u00bbfull\u00a0\u00bb][vc_column_text el_class=\u00a0\u00bbatwm-scroll-url\u00a0\u00bb]<\/p>\n<h3>Garantir nos syst\u00e8mes de mani\u00e8re durable<\/h3>\n<p>La qualit\u00e9 et la long\u00e9vit\u00e9 de nos produits sont au c\u0153ur de notre engagement. Nos syst\u00e8mes d\u2019aspiration centralis\u00e9e sont con\u00e7us pour durer et peuvent b\u00e9n\u00e9ficier de garanties de 5, 10 ou 15 ans, selon le mod\u00e8le. Des performances optimales et une fiabilit\u00e9 durable, ann\u00e9e apr\u00e8s ann\u00e9e.[\/vc_column_text][\/vc_column][\/vc_row][vc_row full_width=\u00a0\u00bbstretch_row_content\u00a0\u00bb el_class=\u00a0\u00bbatwm-how-it-works-blue-section\u00a0\u00bb css=\u00a0\u00bb.vc_custom_1765918827670{background-image: url(https:\/\/beamvac.com\/wp-content\/uploads\/2025\/12\/1921x279_AccompagnementClients.jpg?id=10623) !important;}\u00a0\u00bb el_id=\u00a0\u00bbatwm-existing-home-installation\u00a0\u00bb][vc_column][vc_custom_heading text=\u00a0\u00bbACCOMPAGNEMENT DE NOS CLIENTS\u00a0\u00bb font_container=\u00a0\u00bbtag:h2|text_align:center\u00a0\u00bb use_theme_fonts=\u00a0\u00bbyes\u00a0\u00bb][\/vc_column][\/vc_row][vc_row el_class=\u00a0\u00bbatwm-how-it-works-content\u00a0\u00bb][vc_column width=\u00a0\u00bb1\/2&Prime;][vc_single_image image=\u00a0\u00bb10619&Prime; img_size=\u00a0\u00bbfull\u00a0\u00bb][vc_column_text]<\/p>\n<h3>Inciter \u00e0 la maintenance pr\u00e9ventive<\/h3>\n<p>Lors de l\u2019achat de vos syst\u00e8mes Beam, nous pouvons vous envoyer des rappels personnalis\u00e9s pour effectuer la maintenance de votre appareil ou pour remplacer vos sacs et filtres, afin de garantir des performances optimales et une long\u00e9vit\u00e9 maximale.[\/vc_column_text][\/vc_column][vc_column width=\u00a0\u00bb1\/2&Prime;][vc_single_image image=\u00a0\u00bb10621&Prime; img_size=\u00a0\u00bbfull\u00a0\u00bb][vc_column_text]<\/p>\n<h3>Supporter nos partenaires professionnels<\/h3>\n<p>Notre r\u00e9seau de marchands ont \u00e0 disposition tous les documents n\u00e9cessaires pour r\u00e9parer et entretenir vos syst\u00e8mes, enti\u00e8rement en format num\u00e9rique. Gr\u00e2ce \u00e0 cette organisation, ils sont parfaitement \u00e9quip\u00e9s pour vous accueillir et optimiser la long\u00e9vit\u00e9 de vos produits Beam.[\/vc_column_text][\/vc_column][\/vc_row][vc_row full_width=\u00a0\u00bbstretch_row_content\u00a0\u00bb el_class=\u00a0\u00bbatwm-how-it-works-blue-section\u00a0\u00bb css=\u00a0\u00bb.vc_custom_1765918840426{background-image: url(https:\/\/beamvac.com\/wp-content\/uploads\/2025\/12\/1921x279_MouvementEcodurable.jpg?id=10627) !important;}\u00a0\u00bb][vc_column][vc_custom_heading text=\u00a0\u00bbBEAM ENDOSSE LE MOUVEMENT \u00c9CODURABLE\u00a0\u00bb font_container=\u00a0\u00bbtag:h2|text_align:center\u00a0\u00bb use_theme_fonts=\u00a0\u00bbyes\u00a0\u00bb][\/vc_column][\/vc_row][vc_row el_class=\u00a0\u00bbpy-5&Prime;][vc_column width=\u00a0\u00bb1\/2&Prime;][vc_single_image image=\u00a0\u00bb10611&Prime; img_size=\u00a0\u00bbfull\u00a0\u00bb alignment=\u00a0\u00bbcenter\u00a0\u00bb][vc_custom_heading text=\u00a0\u00bbMOUVEMENT \u00c9CODURABLE\u00a0\u00bb font_container=\u00a0\u00bbtag:h2|text_align:center\u00a0\u00bb use_theme_fonts=\u00a0\u00bbyes\u00a0\u00bb][vc_column_text el_class=\u00a0\u00bbpy-2&Prime;]<\/p>\n<p style=\"text-align: center;\">Ensemble pour un avenir durable.<\/p>\n<p>[\/vc_column_text][vc_btn title=\u00a0\u00bbEN SAVOIR PLUS\u00a0\u00bb style=\u00a0\u00bboutline-custom\u00a0\u00bb outline_custom_color=\u00a0\u00bb#7fa1d4&Prime; outline_custom_hover_background=\u00a0\u00bb#7fa1d4&Prime; outline_custom_hover_text=\u00a0\u00bb#ffffff\u00a0\u00bb shape=\u00a0\u00bbsquare\u00a0\u00bb align=\u00a0\u00bbcenter\u00a0\u00bb link=\u00a0\u00bburl:https%3A%2F%2Fbeamvac.com%2Ffr%2Fmouvement-ecodurable%2F|title:Visit%20Retractable%20systems\u00a0\u00bb el_class=\u00a0\u00bbproduct-learn-more\u00a0\u00bb][\/vc_column][vc_column width=\u00a0\u00bb1\/2&Prime;][vc_single_image image=\u00a0\u00bb8802&Prime; img_size=\u00a0\u00bbfull\u00a0\u00bb alignment=\u00a0\u00bbcenter\u00a0\u00bb][vc_custom_heading text=\u00a0\u00bbBESOIN D&rsquo;INFORMATIONS?\u00a0\u00bb font_container=\u00a0\u00bbtag:h2|text_align:center\u00a0\u00bb use_theme_fonts=\u00a0\u00bbyes\u00a0\u00bb][vc_column_text el_class=\u00a0\u00bbpy-2&Prime;]<\/p>\n<p style=\"text-align: center;\">Parlez \u00e0 un marchand pr\u00e8s de chez vous.<\/p>\n<p>[\/vc_column_text][vc_btn title=\u00a0\u00bbTROUVER UN MARCHAND\u00a0\u00bb style=\u00a0\u00bboutline-custom\u00a0\u00bb outline_custom_color=\u00a0\u00bb#7fa1d4&Prime; outline_custom_hover_background=\u00a0\u00bb#7fa1d4&Prime; outline_custom_hover_text=\u00a0\u00bb#ffffff\u00a0\u00bb shape=\u00a0\u00bbsquare\u00a0\u00bb align=\u00a0\u00bbcenter\u00a0\u00bb el_class=\u00a0\u00bbproduct-learn-more\u00a0\u00bb link=\u00a0\u00bburl:https%3A%2F%2Fbeamvac.com%2Ffr%2Fou-acheter%2F|title:Where%20To%20Buy\u00a0\u00bb][\/vc_column][\/vc_row]<\/p>\n<\/div>","protected":false},"excerpt":{"rendered":"<p>[vc_row][vc_column][vc_custom_heading text=\u00a0\u00bbLES ENGAGEMENTS DURABLES DE BEAM\u00a0\u00bb font_container=\u00a0\u00bbtag:h1|text_align:left\u00a0\u00bb use_theme_fonts=\u00a0\u00bbyes\u00a0\u00bb][vc_column_text]Chez Beam, nous allons bien au-del\u00e0 de la cr\u00e9ation de syst\u00e8mes d\u2019aspiration centralis\u00e9e durables. Nous pla\u00e7ons la responsabilit\u00e9 environnementale au c\u0153ur de chacune de nos actions. De la conception \u00e0 l\u2019installation, chaque \u00e9tape refl\u00e8te notre engagement \u00e0 adopter des pratiques responsables et \u00e0 pr\u00e9server la qualit\u00e9 de notre [&hellip;]<\/p>\n","protected":false},"author":8,"featured_media":0,"parent":0,"menu_order":0,"comment_status":"closed","ping_status":"closed","template":"","meta":{"footnotes":""},"class_list":["post-10539","page","type-page","status-publish","hentry"],"yoast_head":"<!-- This site is optimized with the Yoast SEO plugin v26.9 - https:\/\/yoast.com\/product\/yoast-seo-wordpress\/ -->\n<title>Engagements responsables - BEAM<\/title>\n<meta name=\"robots\" content=\"index, follow, max-snippet:-1, max-image-preview:large, max-video-preview:-1\" \/>\n<link rel=\"canonical\" href=\"https:\/\/beamvac.com\/fr\/engagements-responsables\/\" \/>\n<meta property=\"og:locale\" content=\"fr_FR\" \/>\n<meta property=\"og:type\" content=\"article\" \/>\n<meta property=\"og:title\" content=\"Engagements responsables - BEAM\" \/>\n<meta property=\"og:description\" content=\"[vc_row][vc_column][vc_custom_heading text=\u00a0\u00bbLES ENGAGEMENTS DURABLES DE BEAM\u00a0\u00bb font_container=\u00a0\u00bbtag:h1|text_align:left\u00a0\u00bb use_theme_fonts=\u00a0\u00bbyes\u00a0\u00bb][vc_column_text]Chez Beam, nous allons bien au-del\u00e0 de la cr\u00e9ation de syst\u00e8mes d\u2019aspiration centralis\u00e9e durables. Nous pla\u00e7ons la responsabilit\u00e9 environnementale au c\u0153ur de chacune de nos actions. De la conception \u00e0 l\u2019installation, chaque \u00e9tape refl\u00e8te notre engagement \u00e0 adopter des pratiques responsables et \u00e0 pr\u00e9server la qualit\u00e9 de notre [&hellip;]\" \/>\n<meta property=\"og:url\" content=\"https:\/\/beamvac.com\/fr\/engagements-responsables\/\" \/>\n<meta property=\"og:site_name\" content=\"BEAM\" \/>\n<meta property=\"article:modified_time\" content=\"2025-12-17T15:44:33+00:00\" \/>\n<meta name=\"twitter:card\" content=\"summary_large_image\" \/>\n<meta name=\"twitter:label1\" content=\"Dur\u00e9e de lecture estim\u00e9e\" \/>\n\t<meta name=\"twitter:data1\" content=\"2 minutes\" \/>\n<script type=\"application\/ld+json\" class=\"yoast-schema-graph\">{\"@context\":\"https:\/\/schema.org\",\"@graph\":[{\"@type\":\"WebPage\",\"@id\":\"https:\/\/beamvac.com\/fr\/engagements-responsables\/\",\"url\":\"https:\/\/beamvac.com\/fr\/engagements-responsables\/\",\"name\":\"Engagements responsables - BEAM\",\"isPartOf\":{\"@id\":\"https:\/\/beamvac.com\/#website\"},\"datePublished\":\"2025-12-16T21:01:44+00:00\",\"dateModified\":\"2025-12-17T15:44:33+00:00\",\"breadcrumb\":{\"@id\":\"https:\/\/beamvac.com\/fr\/engagements-responsables\/#breadcrumb\"},\"inLanguage\":\"fr-FR\",\"potentialAction\":[{\"@type\":\"ReadAction\",\"target\":[\"https:\/\/beamvac.com\/fr\/engagements-responsables\/\"]}]},{\"@type\":\"BreadcrumbList\",\"@id\":\"https:\/\/beamvac.com\/fr\/engagements-responsables\/#breadcrumb\",\"itemListElement\":[{\"@type\":\"ListItem\",\"position\":1,\"name\":\"Home\",\"item\":\"https:\/\/beamvac.com\/fr\/\"},{\"@type\":\"ListItem\",\"position\":2,\"name\":\"Engagements responsables\"}]},{\"@type\":\"WebSite\",\"@id\":\"https:\/\/beamvac.com\/#website\",\"url\":\"https:\/\/beamvac.com\/\",\"name\":\"BEAM\",\"description\":\"Premium Central Vacuum Systems\",\"potentialAction\":[{\"@type\":\"SearchAction\",\"target\":{\"@type\":\"EntryPoint\",\"urlTemplate\":\"https:\/\/beamvac.com\/?s={search_term_string}\"},\"query-input\":{\"@type\":\"PropertyValueSpecification\",\"valueRequired\":true,\"valueName\":\"search_term_string\"}}],\"inLanguage\":\"fr-FR\"}]}<\/script>\n<!-- \/ Yoast SEO plugin. -->","yoast_head_json":{"title":"Engagements responsables - BEAM","robots":{"index":"index","follow":"follow","max-snippet":"max-snippet:-1","max-image-preview":"max-image-preview:large","max-video-preview":"max-video-preview:-1"},"canonical":"https:\/\/beamvac.com\/fr\/engagements-responsables\/","og_locale":"fr_FR","og_type":"article","og_title":"Engagements responsables - BEAM","og_description":"[vc_row][vc_column][vc_custom_heading text=\u00a0\u00bbLES ENGAGEMENTS DURABLES DE BEAM\u00a0\u00bb font_container=\u00a0\u00bbtag:h1|text_align:left\u00a0\u00bb use_theme_fonts=\u00a0\u00bbyes\u00a0\u00bb][vc_column_text]Chez Beam, nous allons bien au-del\u00e0 de la cr\u00e9ation de syst\u00e8mes d\u2019aspiration centralis\u00e9e durables. Nous pla\u00e7ons la responsabilit\u00e9 environnementale au c\u0153ur de chacune de nos actions. De la conception \u00e0 l\u2019installation, chaque \u00e9tape refl\u00e8te notre engagement \u00e0 adopter des pratiques responsables et \u00e0 pr\u00e9server la qualit\u00e9 de notre [&hellip;]","og_url":"https:\/\/beamvac.com\/fr\/engagements-responsables\/","og_site_name":"BEAM","article_modified_time":"2025-12-17T15:44:33+00:00","twitter_card":"summary_large_image","twitter_misc":{"Dur\u00e9e de lecture estim\u00e9e":"2 minutes"},"schema":{"@context":"https:\/\/schema.org","@graph":[{"@type":"WebPage","@id":"https:\/\/beamvac.com\/fr\/engagements-responsables\/","url":"https:\/\/beamvac.com\/fr\/engagements-responsables\/","name":"Engagements responsables - BEAM","isPartOf":{"@id":"https:\/\/beamvac.com\/#website"},"datePublished":"2025-12-16T21:01:44+00:00","dateModified":"2025-12-17T15:44:33+00:00","breadcrumb":{"@id":"https:\/\/beamvac.com\/fr\/engagements-responsables\/#breadcrumb"},"inLanguage":"fr-FR","potentialAction":[{"@type":"ReadAction","target":["https:\/\/beamvac.com\/fr\/engagements-responsables\/"]}]},{"@type":"BreadcrumbList","@id":"https:\/\/beamvac.com\/fr\/engagements-responsables\/#breadcrumb","itemListElement":[{"@type":"ListItem","position":1,"name":"Home","item":"https:\/\/beamvac.com\/fr\/"},{"@type":"ListItem","position":2,"name":"Engagements responsables"}]},{"@type":"WebSite","@id":"https:\/\/beamvac.com\/#website","url":"https:\/\/beamvac.com\/","name":"BEAM","description":"Premium Central Vacuum Systems","potentialAction":[{"@type":"SearchAction","target":{"@type":"EntryPoint","urlTemplate":"https:\/\/beamvac.com\/?s={search_term_string}"},"query-input":{"@type":"PropertyValueSpecification","valueRequired":true,"valueName":"search_term_string"}}],"inLanguage":"fr-FR"}]}},"_links":{"self":[{"href":"https:\/\/beamvac.com\/fr\/wp-json\/wp\/v2\/pages\/10539","targetHints":{"allow":["GET"]}}],"collection":[{"href":"https:\/\/beamvac.com\/fr\/wp-json\/wp\/v2\/pages"}],"about":[{"href":"https:\/\/beamvac.com\/fr\/wp-json\/wp\/v2\/types\/page"}],"author":[{"embeddable":true,"href":"https:\/\/beamvac.com\/fr\/wp-json\/wp\/v2\/users\/8"}],"replies":[{"embeddable":true,"href":"https:\/\/beamvac.com\/fr\/wp-json\/wp\/v2\/comments?post=10539"}],"version-history":[{"count":13,"href":"https:\/\/beamvac.com\/fr\/wp-json\/wp\/v2\/pages\/10539\/revisions"}],"predecessor-version":[{"id":10660,"href":"https:\/\/beamvac.com\/fr\/wp-json\/wp\/v2\/pages\/10539\/revisions\/10660"}],"wp:attachment":[{"href":"https:\/\/beamvac.com\/fr\/wp-json\/wp\/v2\/media?parent=10539"}],"curies":[{"name":"wp","href":"https:\/\/api.w.org\/{rel}","templated":true}]}}