{"id":10336,"date":"2025-10-30T10:56:15","date_gmt":"2025-10-30T14:56:15","guid":{"rendered":"https:\/\/beamvac.com\/?page_id=10336"},"modified":"2025-12-17T11:01:44","modified_gmt":"2025-12-17T16:01:44","slug":"mouvement-ecodurable","status":"publish","type":"page","link":"https:\/\/beamvac.com\/fr\/mouvement-ecodurable\/","title":{"rendered":"Mouvement \u00e9codurable"},"content":{"rendered":"<div class=\"wpb-content-wrapper\"><p>[vc_row][vc_column][vc_column_text][\/vc_column_text][vc_gallery interval=\u00a0\u00bb3&Prime; images=\u00a0\u00bb10415&Prime; img_size=\u00a0\u00bbfull\u00a0\u00bb][vc_custom_heading text=\u00a0\u00bbASPIRATEUR CENTRAL : 4 RAISONS QUI EN FONT UN CHOIX \u00c9COLOGIQUE ET DURABLE\u00a0\u00bb font_container=\u00a0\u00bbtag:h2|text_align:center\u00a0\u00bb use_theme_fonts=\u00a0\u00bbyes\u00a0\u00bb][vc_separator][\/vc_column][\/vc_row][vc_row el_class=\u00a0\u00bbpy-5&Prime;][vc_column width=\u00a0\u00bb1\/2&Prime;][vc_custom_heading text=\u00a0\u00bbDURABILIT\u00c9 ET R\u00c9PARABILIT\u00c9 DES MAT\u00c9RIAUX\u00a0\u00bb use_theme_fonts=\u00a0\u00bbyes\u00a0\u00bb][vc_separator][vc_column_text]Les aspirateurs centraux <b>Beam<\/b> sont fabriqu\u00e9s pour offrir une long\u00e9vit\u00e9 exceptionnelle. Gr\u00e2ce \u00e0 leurs <b>mat\u00e9riaux robustes et durables<\/b>, ils conservent leurs performances m\u00eame apr\u00e8s des ann\u00e9es d\u2019utilisation. Leur entretien est simplifi\u00e9 par notre r\u00e9seau de <b><a title=\"Trouver un marchand\" href=\"https:\/\/beamvac.com\/fr\/ou-acheter\/\">marchands<\/a><\/b>, qui assure des r\u00e9parations rapides et efficaces, peu importe votre r\u00e9gion.[\/vc_column_text][vc_btn title=\u00a0\u00bbEN SAVOIR PLUS\u00a0\u00bb style=\u00a0\u00bboutline-custom\u00a0\u00bb outline_custom_color=\u00a0\u00bb#7fa1d4&Prime; outline_custom_hover_background=\u00a0\u00bb#7fa1d4&Prime; outline_custom_hover_text=\u00a0\u00bb#ffffff\u00a0\u00bb shape=\u00a0\u00bbsquare\u00a0\u00bb align=\u00a0\u00bbleft\u00a0\u00bb el_class=\u00a0\u00bbproduct-learn-more\u00a0\u00bb link=\u00a0\u00bburl:https%3A%2F%2Fbeamvac.com%2Ffr%2Fdurabilite-des-materiaux%2F|title:Where%20To%20Buy\u00a0\u00bb][\/vc_column][vc_column width=\u00a0\u00bb1\/2&Prime; el_class=\u00a0\u00bbpy-4&Prime;][vc_single_image image=\u00a0\u00bb10421&Prime; img_size=\u00a0\u00bb600&#215;300&Prime; alignment=\u00a0\u00bbcenter\u00a0\u00bb][\/vc_column][\/vc_row][vc_row el_class=\u00a0\u00bbpy-5&Prime;][vc_column width=\u00a0\u00bb1\/2&Prime; el_class=\u00a0\u00bbpy-4&Prime;][vc_single_image image=\u00a0\u00bb10425&Prime; img_size=\u00a0\u00bb600&#215;300&Prime; alignment=\u00a0\u00bbcenter\u00a0\u00bb][\/vc_column][vc_column width=\u00a0\u00bb1\/2&Prime;][vc_custom_heading text=\u00a0\u00bbQUALIT\u00c9 DE L\u2019AIR\u00a0\u00bb use_theme_fonts=\u00a0\u00bbyes\u00a0\u00bb][vc_separator][vc_column_text]Les syst\u00e8mes <b>Beam<\/b> favorisent un environnement int\u00e9rieur plus sain en <b>\u00e9liminant efficacement la poussi\u00e8re, les allerg\u00e8nes et les particules fines<\/b>. C\u2019est la solution parfaite pour accro\u00eetre le confort et la qualit\u00e9 de vie au sein de votre foyer.<br \/>\n[\/vc_column_text][vc_btn title=\u00a0\u00bbEN SAVOIR PLUS\u00a0\u00bb style=\u00a0\u00bboutline-custom\u00a0\u00bb outline_custom_color=\u00a0\u00bb#7fa1d4&Prime; outline_custom_hover_background=\u00a0\u00bb#7fa1d4&Prime; outline_custom_hover_text=\u00a0\u00bb#ffffff\u00a0\u00bb shape=\u00a0\u00bbsquare\u00a0\u00bb align=\u00a0\u00bbleft\u00a0\u00bb el_class=\u00a0\u00bbproduct-learn-more\u00a0\u00bb link=\u00a0\u00bburl:https%3A%2F%2Fbeamvac.com%2Ffr%2Fqualite-de-lair%2F|title:Where%20To%20Buy\u00a0\u00bb][\/vc_column][\/vc_row][vc_row el_class=\u00a0\u00bbpy-5&Prime;][vc_column width=\u00a0\u00bb1\/2&Prime;][vc_custom_heading text=\u00a0\u00bbCONSOMMATION R\u00c9DUITE DE SACS ET FILTRES\u00a0\u00bb use_theme_fonts=\u00a0\u00bbyes\u00a0\u00bb][vc_separator][vc_column_text]Gr\u00e2ce \u00e0 sa cuve spacieuse et \u00e0 ses options sans sac, l\u2019aspirateur central <b>Beam<\/b> <b>r\u00e9duit consid\u00e9rablement l\u2019utilisation de sacs et de filtres jetables<\/b>, ce qui limite les d\u00e9chets et diminue les frais d\u2019entretien.<br \/>\n[\/vc_column_text][\/vc_column][vc_column width=\u00a0\u00bb1\/2&Prime; el_class=\u00a0\u00bbpy-4&Prime;][vc_single_image image=\u00a0\u00bb10427&Prime; img_size=\u00a0\u00bb600&#215;300&Prime; alignment=\u00a0\u00bbcenter\u00a0\u00bb][\/vc_column][\/vc_row][vc_row el_class=\u00a0\u00bbpy-5&Prime;][vc_column width=\u00a0\u00bb1\/2&Prime; el_class=\u00a0\u00bbpy-4&Prime;][vc_single_image image=\u00a0\u00bb10423&Prime; img_size=\u00a0\u00bb600&#215;300&Prime; alignment=\u00a0\u00bbcenter\u00a0\u00bb][\/vc_column][vc_column width=\u00a0\u00bb1\/2&Prime;][vc_custom_heading text=\u00a0\u00bb\u00c9CONOMIES D\u2019\u00c9NERGIE\u00a0\u00bb use_theme_fonts=\u00a0\u00bbyes\u00a0\u00bb][vc_separator][vc_column_text]Les aspirateurs centraux <b>Beam<\/b> allient puissance et \u00e9conomie d\u2019\u00e9nergie. Leur performance permet de <b>nettoyer plus vite<\/b> tout en <b>diminuant la consommation \u00e9lectrique<\/b>, offrant ainsi une solution plus \u00e9cologique pour l\u2019entretien quotidien.<br \/>\n[\/vc_column_text][\/vc_column][\/vc_row][vc_row][vc_column][vc_column_text]<\/p>\n<p>[\/vc_column_text][vc_single_image image=\u00a0\u00bb10489&Prime; img_size=\u00a0\u00bblarge\u00a0\u00bb alignment=\u00a0\u00bbcenter\u00a0\u00bb][\/vc_column][\/vc_row][vc_row][vc_column width=\u00a0\u00bb1\/4&Prime;][vc_column_text]<\/p>\n<p>[\/vc_column_text][\/vc_column][vc_column width=\u00a0\u00bb1\/2&Prime;][vc_single_image image=\u00a0\u00bb10295&Prime; alignment=\u00a0\u00bbcenter\u00a0\u00bb][vc_custom_heading text=\u00a0\u00bbBEAM ENDOSSE LE MOUVEMENT \u00c9CODURABLE\u00a0\u00bb font_container=\u00a0\u00bbtag:h2|text_align:center\u00a0\u00bb use_theme_fonts=\u00a0\u00bbyes\u00a0\u00bb][vc_separator][vc_column_text]<\/p>\n<p style=\"text-align: center;\">En appuyant le Mouvement \u00e9codurable, Beam r\u00e9affirme son engagement envers des pratiques responsables et respectueuses de l\u2019environnement.<\/p>\n<p>[\/vc_column_text][vc_btn title=\u00a0\u00bbEN SAVOIR PLUS\u00a0\u00bb style=\u00a0\u00bboutline-custom\u00a0\u00bb outline_custom_color=\u00a0\u00bb#7fa1d4&Prime; outline_custom_hover_background=\u00a0\u00bb#7fa1d4&Prime; outline_custom_hover_text=\u00a0\u00bb#ffffff\u00a0\u00bb shape=\u00a0\u00bbsquare\u00a0\u00bb align=\u00a0\u00bbcenter\u00a0\u00bb el_class=\u00a0\u00bbproduct-learn-more\u00a0\u00bb link=\u00a0\u00bburl:https%3A%2F%2Fbeamvac.com%2Ffr%2Fengagements-responsables%2F|title:La%20garantie%20Beam\u00a0\u00bb][\/vc_column][vc_column width=\u00a0\u00bb1\/4&Prime;][\/vc_column][\/vc_row]<\/p>\n<\/div>","protected":false},"excerpt":{"rendered":"<p>[vc_row][vc_column][vc_column_text][\/vc_column_text][vc_gallery interval=\u00a0\u00bb3&Prime; images=\u00a0\u00bb10415&Prime; img_size=\u00a0\u00bbfull\u00a0\u00bb][vc_custom_heading text=\u00a0\u00bbASPIRATEUR CENTRAL : 4 RAISONS QUI EN FONT UN CHOIX \u00c9COLOGIQUE ET DURABLE\u00a0\u00bb font_container=\u00a0\u00bbtag:h2|text_align:center\u00a0\u00bb use_theme_fonts=\u00a0\u00bbyes\u00a0\u00bb][vc_separator][\/vc_column][\/vc_row][vc_row el_class=\u00a0\u00bbpy-5&Prime;][vc_column width=\u00a0\u00bb1\/2&Prime;][vc_custom_heading text=\u00a0\u00bbDURABILIT\u00c9 ET R\u00c9PARABILIT\u00c9 DES MAT\u00c9RIAUX\u00a0\u00bb use_theme_fonts=\u00a0\u00bbyes\u00a0\u00bb][vc_separator][vc_column_text]Les aspirateurs centraux Beam sont fabriqu\u00e9s pour offrir une long\u00e9vit\u00e9 exceptionnelle. Gr\u00e2ce \u00e0 leurs mat\u00e9riaux robustes et durables, ils conservent leurs performances m\u00eame apr\u00e8s des ann\u00e9es d\u2019utilisation. Leur entretien [&hellip;]<\/p>\n","protected":false},"author":8,"featured_media":0,"parent":0,"menu_order":0,"comment_status":"closed","ping_status":"closed","template":"","meta":{"footnotes":""},"class_list":["post-10336","page","type-page","status-publish","hentry"],"yoast_head":"<!-- This site is optimized with the Yoast SEO plugin v26.9 - https:\/\/yoast.com\/product\/yoast-seo-wordpress\/ -->\n<title>Mouvement \u00e9codurable - BEAM<\/title>\n<meta name=\"robots\" content=\"index, follow, max-snippet:-1, max-image-preview:large, max-video-preview:-1\" \/>\n<link rel=\"canonical\" href=\"https:\/\/beamvac.com\/fr\/mouvement-ecodurable\/\" \/>\n<meta property=\"og:locale\" content=\"fr_FR\" \/>\n<meta property=\"og:type\" content=\"article\" \/>\n<meta property=\"og:title\" content=\"Mouvement \u00e9codurable - BEAM\" \/>\n<meta property=\"og:description\" content=\"[vc_row][vc_column][vc_column_text][\/vc_column_text][vc_gallery interval=\u00a0\u00bb3&Prime; images=\u00a0\u00bb10415&Prime; img_size=\u00a0\u00bbfull\u00a0\u00bb][vc_custom_heading text=\u00a0\u00bbASPIRATEUR CENTRAL : 4 RAISONS QUI EN FONT UN CHOIX \u00c9COLOGIQUE ET DURABLE\u00a0\u00bb font_container=\u00a0\u00bbtag:h2|text_align:center\u00a0\u00bb use_theme_fonts=\u00a0\u00bbyes\u00a0\u00bb][vc_separator][\/vc_column][\/vc_row][vc_row el_class=\u00a0\u00bbpy-5&Prime;][vc_column width=\u00a0\u00bb1\/2&Prime;][vc_custom_heading text=\u00a0\u00bbDURABILIT\u00c9 ET R\u00c9PARABILIT\u00c9 DES MAT\u00c9RIAUX\u00a0\u00bb use_theme_fonts=\u00a0\u00bbyes\u00a0\u00bb][vc_separator][vc_column_text]Les aspirateurs centraux Beam sont fabriqu\u00e9s pour offrir une long\u00e9vit\u00e9 exceptionnelle. Gr\u00e2ce \u00e0 leurs mat\u00e9riaux robustes et durables, ils conservent leurs performances m\u00eame apr\u00e8s des ann\u00e9es d\u2019utilisation. Leur entretien [&hellip;]\" \/>\n<meta property=\"og:url\" content=\"https:\/\/beamvac.com\/fr\/mouvement-ecodurable\/\" \/>\n<meta property=\"og:site_name\" content=\"BEAM\" \/>\n<meta property=\"article:modified_time\" content=\"2025-12-17T16:01:44+00:00\" \/>\n<meta name=\"twitter:card\" content=\"summary_large_image\" \/>\n<meta name=\"twitter:label1\" content=\"Dur\u00e9e de lecture estim\u00e9e\" \/>\n\t<meta name=\"twitter:data1\" content=\"2 minutes\" \/>\n<script type=\"application\/ld+json\" class=\"yoast-schema-graph\">{\"@context\":\"https:\/\/schema.org\",\"@graph\":[{\"@type\":\"WebPage\",\"@id\":\"https:\/\/beamvac.com\/fr\/mouvement-ecodurable\/\",\"url\":\"https:\/\/beamvac.com\/fr\/mouvement-ecodurable\/\",\"name\":\"Mouvement \u00e9codurable - BEAM\",\"isPartOf\":{\"@id\":\"https:\/\/beamvac.com\/#website\"},\"datePublished\":\"2025-10-30T14:56:15+00:00\",\"dateModified\":\"2025-12-17T16:01:44+00:00\",\"breadcrumb\":{\"@id\":\"https:\/\/beamvac.com\/fr\/mouvement-ecodurable\/#breadcrumb\"},\"inLanguage\":\"fr-FR\",\"potentialAction\":[{\"@type\":\"ReadAction\",\"target\":[\"https:\/\/beamvac.com\/fr\/mouvement-ecodurable\/\"]}]},{\"@type\":\"BreadcrumbList\",\"@id\":\"https:\/\/beamvac.com\/fr\/mouvement-ecodurable\/#breadcrumb\",\"itemListElement\":[{\"@type\":\"ListItem\",\"position\":1,\"name\":\"Home\",\"item\":\"https:\/\/beamvac.com\/fr\/\"},{\"@type\":\"ListItem\",\"position\":2,\"name\":\"Mouvement \u00e9codurable\"}]},{\"@type\":\"WebSite\",\"@id\":\"https:\/\/beamvac.com\/#website\",\"url\":\"https:\/\/beamvac.com\/\",\"name\":\"BEAM\",\"description\":\"Premium Central Vacuum Systems\",\"potentialAction\":[{\"@type\":\"SearchAction\",\"target\":{\"@type\":\"EntryPoint\",\"urlTemplate\":\"https:\/\/beamvac.com\/?s={search_term_string}\"},\"query-input\":{\"@type\":\"PropertyValueSpecification\",\"valueRequired\":true,\"valueName\":\"search_term_string\"}}],\"inLanguage\":\"fr-FR\"}]}<\/script>\n<!-- \/ Yoast SEO plugin. -->","yoast_head_json":{"title":"Mouvement \u00e9codurable - BEAM","robots":{"index":"index","follow":"follow","max-snippet":"max-snippet:-1","max-image-preview":"max-image-preview:large","max-video-preview":"max-video-preview:-1"},"canonical":"https:\/\/beamvac.com\/fr\/mouvement-ecodurable\/","og_locale":"fr_FR","og_type":"article","og_title":"Mouvement \u00e9codurable - BEAM","og_description":"[vc_row][vc_column][vc_column_text][\/vc_column_text][vc_gallery interval=\u00a0\u00bb3&Prime; images=\u00a0\u00bb10415&Prime; img_size=\u00a0\u00bbfull\u00a0\u00bb][vc_custom_heading text=\u00a0\u00bbASPIRATEUR CENTRAL : 4 RAISONS QUI EN FONT UN CHOIX \u00c9COLOGIQUE ET DURABLE\u00a0\u00bb font_container=\u00a0\u00bbtag:h2|text_align:center\u00a0\u00bb use_theme_fonts=\u00a0\u00bbyes\u00a0\u00bb][vc_separator][\/vc_column][\/vc_row][vc_row el_class=\u00a0\u00bbpy-5&Prime;][vc_column width=\u00a0\u00bb1\/2&Prime;][vc_custom_heading text=\u00a0\u00bbDURABILIT\u00c9 ET R\u00c9PARABILIT\u00c9 DES MAT\u00c9RIAUX\u00a0\u00bb use_theme_fonts=\u00a0\u00bbyes\u00a0\u00bb][vc_separator][vc_column_text]Les aspirateurs centraux Beam sont fabriqu\u00e9s pour offrir une long\u00e9vit\u00e9 exceptionnelle. Gr\u00e2ce \u00e0 leurs mat\u00e9riaux robustes et durables, ils conservent leurs performances m\u00eame apr\u00e8s des ann\u00e9es d\u2019utilisation. Leur entretien [&hellip;]","og_url":"https:\/\/beamvac.com\/fr\/mouvement-ecodurable\/","og_site_name":"BEAM","article_modified_time":"2025-12-17T16:01:44+00:00","twitter_card":"summary_large_image","twitter_misc":{"Dur\u00e9e de lecture estim\u00e9e":"2 minutes"},"schema":{"@context":"https:\/\/schema.org","@graph":[{"@type":"WebPage","@id":"https:\/\/beamvac.com\/fr\/mouvement-ecodurable\/","url":"https:\/\/beamvac.com\/fr\/mouvement-ecodurable\/","name":"Mouvement \u00e9codurable - BEAM","isPartOf":{"@id":"https:\/\/beamvac.com\/#website"},"datePublished":"2025-10-30T14:56:15+00:00","dateModified":"2025-12-17T16:01:44+00:00","breadcrumb":{"@id":"https:\/\/beamvac.com\/fr\/mouvement-ecodurable\/#breadcrumb"},"inLanguage":"fr-FR","potentialAction":[{"@type":"ReadAction","target":["https:\/\/beamvac.com\/fr\/mouvement-ecodurable\/"]}]},{"@type":"BreadcrumbList","@id":"https:\/\/beamvac.com\/fr\/mouvement-ecodurable\/#breadcrumb","itemListElement":[{"@type":"ListItem","position":1,"name":"Home","item":"https:\/\/beamvac.com\/fr\/"},{"@type":"ListItem","position":2,"name":"Mouvement \u00e9codurable"}]},{"@type":"WebSite","@id":"https:\/\/beamvac.com\/#website","url":"https:\/\/beamvac.com\/","name":"BEAM","description":"Premium Central Vacuum Systems","potentialAction":[{"@type":"SearchAction","target":{"@type":"EntryPoint","urlTemplate":"https:\/\/beamvac.com\/?s={search_term_string}"},"query-input":{"@type":"PropertyValueSpecification","valueRequired":true,"valueName":"search_term_string"}}],"inLanguage":"fr-FR"}]}},"_links":{"self":[{"href":"https:\/\/beamvac.com\/fr\/wp-json\/wp\/v2\/pages\/10336","targetHints":{"allow":["GET"]}}],"collection":[{"href":"https:\/\/beamvac.com\/fr\/wp-json\/wp\/v2\/pages"}],"about":[{"href":"https:\/\/beamvac.com\/fr\/wp-json\/wp\/v2\/types\/page"}],"author":[{"embeddable":true,"href":"https:\/\/beamvac.com\/fr\/wp-json\/wp\/v2\/users\/8"}],"replies":[{"embeddable":true,"href":"https:\/\/beamvac.com\/fr\/wp-json\/wp\/v2\/comments?post=10336"}],"version-history":[{"count":15,"href":"https:\/\/beamvac.com\/fr\/wp-json\/wp\/v2\/pages\/10336\/revisions"}],"predecessor-version":[{"id":10668,"href":"https:\/\/beamvac.com\/fr\/wp-json\/wp\/v2\/pages\/10336\/revisions\/10668"}],"wp:attachment":[{"href":"https:\/\/beamvac.com\/fr\/wp-json\/wp\/v2\/media?parent=10336"}],"curies":[{"name":"wp","href":"https:\/\/api.w.org\/{rel}","templated":true}]}}