{"id":10087,"date":"2025-07-02T14:37:08","date_gmt":"2025-07-02T18:37:08","guid":{"rendered":"https:\/\/beamvac.com\/?page_id=10087"},"modified":"2025-12-16T15:40:12","modified_gmt":"2025-12-16T20:40:12","slug":"trouver-votre-sac-et-filtre","status":"publish","type":"page","link":"https:\/\/beamvac.com\/fr\/trouver-votre-sac-et-filtre\/","title":{"rendered":"Trouver votre sac et filtre"},"content":{"rendered":"<div class=\"wpb-content-wrapper\"><p>[vc_row]<br \/>\n[vc_column]<br \/>\n[vc_custom_heading text=\u00a0\u00bbCHOISISSEZ LE BON SAC ET FILTRE\u00a0\u00bb font_container=\u00a0\u00bbtag:h1|text_align:left\u00a0\u00bb use_theme_fonts=\u00a0\u00bbyes\u00a0\u00bb]<br \/>\n[vc_column_text]<\/p>\n<table class=\"table table-bordered\">\n<thead>\n<tr>\n<th>Mod\u00e8le d&rsquo;aspirateur<\/th>\n<th>Mod\u00e8le de sac compatible<\/th>\n<\/tr>\n<\/thead>\n<tbody>\n<tr>\n<td>Mod\u00e8le 275<\/td>\n<td><a href=\"\/fr\/product\/sac-electrostatique-court-et-robuste-3-dents-16-litres-36-gal-paquet-de-3-et-1-filtre-rond-inclus\/\">TDSAC94N<\/a><br \/><a href=\"\/fr\/product\/sac-electrostatique-court-et-robuste-3-dents\/\">TDSAC92BM<\/a> (sans filtre rond)<\/td>\n<\/tr>\n<tr>\n<td>Mod\u00e8le 205, 345, 360, 475, 495, 3600, 4500<\/td>\n<td><a href=\"\/fr\/product\/sac-electrostatique-robuste-avec-3-dents\/\">TDSAC93BM<\/a><\/td>\n<\/tr>\n<tr>\n<td>Mod\u00e8le 160, 165, 185, 262, 265, 282<\/td>\n<td><a href=\"\/fr\/product\/sac-de-filtration-de-qualite-superieure-beam-cv-1-paquet-de-3\/\">NUB69360<\/a><\/td>\n<\/tr>\n<\/tbody>\n<\/table>\n<p>[\/vc_column_text]<\/p>\n<p>[vc_column_text]<\/p>\n<table class=\"table table-bordered\">\n<thead>\n<tr>\n<th>Mod\u00e8le d&rsquo;aspirateur<\/th>\n<th>Mod\u00e8le de filtre compatible<\/th>\n<\/tr>\n<\/thead>\n<tbody>\n<tr>\n<td>Mod\u00e8le 275<\/td>\n<td><a href=\"\/fr\/product\/filtre-rond-dia-286-cm-1125-po\/\">TDFILTR7<\/a><\/td>\n<\/tr>\n<tr>\n<td>Mod\u00e8le 205, 345, 360<\/td>\n<td><a href=\"\/fr\/product\/filtre-autonettoyant-11-po-28-cm\/\">TDFILTGORE11<\/a><\/td>\n<\/tr>\n<tr>\n<td>Mod\u00e8le 398, 475, 495, 3600, 4500<\/td>\n<td><a href=\"\/fr\/product\/filtre-autonettoyant-14-po-355-cm\/\">TDFILTGORE14<\/a><\/td>\n<\/tr>\n<\/tbody>\n<\/table>\n<p>[\/vc_column_text]<br \/>\n[vc_column_text]<\/p>\n<p>Si votre mod\u00e8le d\u2019aspirateur n\u2019est pas list\u00e9 ci-dessus, contactez nos <a href=\"\/fr\/ou-acheter\/\">marchands<\/a> pour conna\u00eetre le sac et\/ou le filtre compatibles avec votre appareil.<\/p>\n<p>[\/vc_column_text]<br \/>\n[\/vc_column]<br \/>\n[\/vc_row]<\/p>\n<\/div>","protected":false},"excerpt":{"rendered":"<p>[vc_row] [vc_column] [vc_custom_heading text=\u00a0\u00bbCHOISISSEZ LE BON SAC ET FILTRE\u00a0\u00bb font_container=\u00a0\u00bbtag:h1|text_align:left\u00a0\u00bb use_theme_fonts=\u00a0\u00bbyes\u00a0\u00bb] [vc_column_text] Mod\u00e8le d&rsquo;aspirateur Mod\u00e8le de sac compatible Mod\u00e8le 275 TDSAC94NTDSAC92BM (sans filtre rond) Mod\u00e8le 205, 345, 360, 475, 495, 3600, 4500 TDSAC93BM Mod\u00e8le 160, 165, 185, 262, 265, 282 NUB69360 [\/vc_column_text] [vc_column_text] Mod\u00e8le d&rsquo;aspirateur Mod\u00e8le de filtre compatible Mod\u00e8le 275 TDFILTR7 Mod\u00e8le 205, 345, [&hellip;]<\/p>\n","protected":false},"author":8,"featured_media":0,"parent":0,"menu_order":0,"comment_status":"closed","ping_status":"closed","template":"","meta":{"footnotes":""},"class_list":["post-10087","page","type-page","status-publish","hentry"],"yoast_head":"<!-- This site is optimized with the Yoast SEO plugin v26.9 - https:\/\/yoast.com\/product\/yoast-seo-wordpress\/ -->\n<title>Trouver votre sac et filtre - BEAM<\/title>\n<meta name=\"robots\" content=\"index, follow, max-snippet:-1, max-image-preview:large, max-video-preview:-1\" \/>\n<link rel=\"canonical\" href=\"https:\/\/beamvac.com\/fr\/trouver-votre-sac-et-filtre\/\" \/>\n<meta property=\"og:locale\" content=\"fr_FR\" \/>\n<meta property=\"og:type\" content=\"article\" \/>\n<meta property=\"og:title\" content=\"Trouver votre sac et filtre - BEAM\" \/>\n<meta property=\"og:description\" content=\"[vc_row] [vc_column] [vc_custom_heading text=\u00a0\u00bbCHOISISSEZ LE BON SAC ET FILTRE\u00a0\u00bb font_container=\u00a0\u00bbtag:h1|text_align:left\u00a0\u00bb use_theme_fonts=\u00a0\u00bbyes\u00a0\u00bb] [vc_column_text] Mod\u00e8le d&rsquo;aspirateur Mod\u00e8le de sac compatible Mod\u00e8le 275 TDSAC94NTDSAC92BM (sans filtre rond) Mod\u00e8le 205, 345, 360, 475, 495, 3600, 4500 TDSAC93BM Mod\u00e8le 160, 165, 185, 262, 265, 282 NUB69360 [\/vc_column_text] [vc_column_text] Mod\u00e8le d&rsquo;aspirateur Mod\u00e8le de filtre compatible Mod\u00e8le 275 TDFILTR7 Mod\u00e8le 205, 345, [&hellip;]\" \/>\n<meta property=\"og:url\" content=\"https:\/\/beamvac.com\/fr\/trouver-votre-sac-et-filtre\/\" \/>\n<meta property=\"og:site_name\" content=\"BEAM\" \/>\n<meta property=\"article:modified_time\" content=\"2025-12-16T20:40:12+00:00\" \/>\n<meta name=\"twitter:card\" content=\"summary_large_image\" \/>\n<meta name=\"twitter:label1\" content=\"Dur\u00e9e de lecture estim\u00e9e\" \/>\n\t<meta name=\"twitter:data1\" content=\"1 minute\" \/>\n<script type=\"application\/ld+json\" class=\"yoast-schema-graph\">{\"@context\":\"https:\/\/schema.org\",\"@graph\":[{\"@type\":\"WebPage\",\"@id\":\"https:\/\/beamvac.com\/fr\/trouver-votre-sac-et-filtre\/\",\"url\":\"https:\/\/beamvac.com\/fr\/trouver-votre-sac-et-filtre\/\",\"name\":\"Trouver votre sac et filtre - BEAM\",\"isPartOf\":{\"@id\":\"https:\/\/beamvac.com\/#website\"},\"datePublished\":\"2025-07-02T18:37:08+00:00\",\"dateModified\":\"2025-12-16T20:40:12+00:00\",\"breadcrumb\":{\"@id\":\"https:\/\/beamvac.com\/fr\/trouver-votre-sac-et-filtre\/#breadcrumb\"},\"inLanguage\":\"fr-FR\",\"potentialAction\":[{\"@type\":\"ReadAction\",\"target\":[\"https:\/\/beamvac.com\/fr\/trouver-votre-sac-et-filtre\/\"]}]},{\"@type\":\"BreadcrumbList\",\"@id\":\"https:\/\/beamvac.com\/fr\/trouver-votre-sac-et-filtre\/#breadcrumb\",\"itemListElement\":[{\"@type\":\"ListItem\",\"position\":1,\"name\":\"Home\",\"item\":\"https:\/\/beamvac.com\/fr\/\"},{\"@type\":\"ListItem\",\"position\":2,\"name\":\"Trouver votre sac et filtre\"}]},{\"@type\":\"WebSite\",\"@id\":\"https:\/\/beamvac.com\/#website\",\"url\":\"https:\/\/beamvac.com\/\",\"name\":\"BEAM\",\"description\":\"Premium Central Vacuum Systems\",\"potentialAction\":[{\"@type\":\"SearchAction\",\"target\":{\"@type\":\"EntryPoint\",\"urlTemplate\":\"https:\/\/beamvac.com\/?s={search_term_string}\"},\"query-input\":{\"@type\":\"PropertyValueSpecification\",\"valueRequired\":true,\"valueName\":\"search_term_string\"}}],\"inLanguage\":\"fr-FR\"}]}<\/script>\n<!-- \/ Yoast SEO plugin. -->","yoast_head_json":{"title":"Trouver votre sac et filtre - BEAM","robots":{"index":"index","follow":"follow","max-snippet":"max-snippet:-1","max-image-preview":"max-image-preview:large","max-video-preview":"max-video-preview:-1"},"canonical":"https:\/\/beamvac.com\/fr\/trouver-votre-sac-et-filtre\/","og_locale":"fr_FR","og_type":"article","og_title":"Trouver votre sac et filtre - BEAM","og_description":"[vc_row] [vc_column] [vc_custom_heading text=\u00a0\u00bbCHOISISSEZ LE BON SAC ET FILTRE\u00a0\u00bb font_container=\u00a0\u00bbtag:h1|text_align:left\u00a0\u00bb use_theme_fonts=\u00a0\u00bbyes\u00a0\u00bb] [vc_column_text] Mod\u00e8le d&rsquo;aspirateur Mod\u00e8le de sac compatible Mod\u00e8le 275 TDSAC94NTDSAC92BM (sans filtre rond) Mod\u00e8le 205, 345, 360, 475, 495, 3600, 4500 TDSAC93BM Mod\u00e8le 160, 165, 185, 262, 265, 282 NUB69360 [\/vc_column_text] [vc_column_text] Mod\u00e8le d&rsquo;aspirateur Mod\u00e8le de filtre compatible Mod\u00e8le 275 TDFILTR7 Mod\u00e8le 205, 345, [&hellip;]","og_url":"https:\/\/beamvac.com\/fr\/trouver-votre-sac-et-filtre\/","og_site_name":"BEAM","article_modified_time":"2025-12-16T20:40:12+00:00","twitter_card":"summary_large_image","twitter_misc":{"Dur\u00e9e de lecture estim\u00e9e":"1 minute"},"schema":{"@context":"https:\/\/schema.org","@graph":[{"@type":"WebPage","@id":"https:\/\/beamvac.com\/fr\/trouver-votre-sac-et-filtre\/","url":"https:\/\/beamvac.com\/fr\/trouver-votre-sac-et-filtre\/","name":"Trouver votre sac et filtre - BEAM","isPartOf":{"@id":"https:\/\/beamvac.com\/#website"},"datePublished":"2025-07-02T18:37:08+00:00","dateModified":"2025-12-16T20:40:12+00:00","breadcrumb":{"@id":"https:\/\/beamvac.com\/fr\/trouver-votre-sac-et-filtre\/#breadcrumb"},"inLanguage":"fr-FR","potentialAction":[{"@type":"ReadAction","target":["https:\/\/beamvac.com\/fr\/trouver-votre-sac-et-filtre\/"]}]},{"@type":"BreadcrumbList","@id":"https:\/\/beamvac.com\/fr\/trouver-votre-sac-et-filtre\/#breadcrumb","itemListElement":[{"@type":"ListItem","position":1,"name":"Home","item":"https:\/\/beamvac.com\/fr\/"},{"@type":"ListItem","position":2,"name":"Trouver votre sac et filtre"}]},{"@type":"WebSite","@id":"https:\/\/beamvac.com\/#website","url":"https:\/\/beamvac.com\/","name":"BEAM","description":"Premium Central Vacuum Systems","potentialAction":[{"@type":"SearchAction","target":{"@type":"EntryPoint","urlTemplate":"https:\/\/beamvac.com\/?s={search_term_string}"},"query-input":{"@type":"PropertyValueSpecification","valueRequired":true,"valueName":"search_term_string"}}],"inLanguage":"fr-FR"}]}},"_links":{"self":[{"href":"https:\/\/beamvac.com\/fr\/wp-json\/wp\/v2\/pages\/10087","targetHints":{"allow":["GET"]}}],"collection":[{"href":"https:\/\/beamvac.com\/fr\/wp-json\/wp\/v2\/pages"}],"about":[{"href":"https:\/\/beamvac.com\/fr\/wp-json\/wp\/v2\/types\/page"}],"author":[{"embeddable":true,"href":"https:\/\/beamvac.com\/fr\/wp-json\/wp\/v2\/users\/8"}],"replies":[{"embeddable":true,"href":"https:\/\/beamvac.com\/fr\/wp-json\/wp\/v2\/comments?post=10087"}],"version-history":[{"count":6,"href":"https:\/\/beamvac.com\/fr\/wp-json\/wp\/v2\/pages\/10087\/revisions"}],"predecessor-version":[{"id":10610,"href":"https:\/\/beamvac.com\/fr\/wp-json\/wp\/v2\/pages\/10087\/revisions\/10610"}],"wp:attachment":[{"href":"https:\/\/beamvac.com\/fr\/wp-json\/wp\/v2\/media?parent=10087"}],"curies":[{"name":"wp","href":"https:\/\/api.w.org\/{rel}","templated":true}]}}