{"id":10074,"date":"2025-07-02T14:01:37","date_gmt":"2025-07-02T18:01:37","guid":{"rendered":"https:\/\/beamvac.com\/?page_id=10074"},"modified":"2026-01-09T09:30:21","modified_gmt":"2026-01-09T14:30:21","slug":"liens-utiles","status":"publish","type":"page","link":"https:\/\/beamvac.com\/fr\/liens-utiles\/","title":{"rendered":"Liens utiles"},"content":{"rendered":"<div class=\"wpb-content-wrapper\"><p>[vc_row][vc_column][vc_custom_heading text=\u00a0\u00bbPROFITEZ AU MAXIMUM DE VOTRE PRODUIT\u00a0\u00bb font_container=\u00a0\u00bbtag:h1|text_align:left\u00a0\u00bb use_theme_fonts=\u00a0\u00bbyes\u00a0\u00bb][vc_column_text][\/vc_column_text][vc_btn title=\u00a0\u00bbEnregistrement du produit\u00a0\u00bb style=\u00a0\u00bboutline-custom\u00a0\u00bb outline_custom_color=\u00a0\u00bb#7fa1d4&Prime; outline_custom_hover_background=\u00a0\u00bb#7fa1d4&Prime; outline_custom_hover_text=\u00a0\u00bb#ffffff\u00a0\u00bb shape=\u00a0\u00bbsquare\u00a0\u00bb link=\u00a0\u00bburl:%2Ffr%2Fenregistrement-du-produit%2F|title:Enregistrement%20du%20produit\u00a0\u00bb el_class=\u00a0\u00bbatwm-lang-ca atwm-lang-us\u00a0\u00bb css=\u00a0\u00bb.vc_btn3{ text-transform:uppercase !important;}\u00a0\u00bb][vc_column_text el_class=\u00a0\u00bbatwm-lang-ca atwm-lang-us\u00a0\u00bb]Service et garantie[\/vc_column_text][vc_btn title=\u00a0\u00bbManuel d\u2019instructions\u00a0\u00bb style=\u00a0\u00bboutline-custom\u00a0\u00bb outline_custom_color=\u00a0\u00bb#7fa1d4&Prime; outline_custom_hover_background=\u00a0\u00bb#7fa1d4&Prime; outline_custom_hover_text=\u00a0\u00bb#ffffff\u00a0\u00bb shape=\u00a0\u00bbsquare\u00a0\u00bb link=\u00a0\u00bburl:https%3A%2F%2Fbeamvac.com%2Fwp-content%2Fuploads%2F2025%2F09%2FIMPMODBEAM_New_Instruc_Beam_2025.pdf|title:Manuel%20d%E2%80%99instructions\u00a0\u00bb el_class=\u00a0\u00bbproduct-learn-more\u00a0\u00bb][vc_column_text el_class=\u00a0\u00bbpy-2&Prime;]Apprenez-en plus sur votre appareil et sur son entretien[\/vc_column_text][vc_btn title=\u00a0\u00bbTrouver votre Sac &amp; Filtre\u00a0\u00bb style=\u00a0\u00bboutline-custom\u00a0\u00bb outline_custom_color=\u00a0\u00bb#7fa1d4&Prime; outline_custom_hover_background=\u00a0\u00bb#7fa1d4&Prime; outline_custom_hover_text=\u00a0\u00bb#ffffff\u00a0\u00bb shape=\u00a0\u00bbsquare\u00a0\u00bb link=\u00a0\u00bburl:%2Ffr%2Ftrouver-votre-sac-et-filtre%2F|title:Trouver%20votre%20Sac%20%26%20Filtre\u00a0\u00bb el_class=\u00a0\u00bbproduct-learn-more\u00a0\u00bb][vc_column_text el_class=\u00a0\u00bbpy-2&Prime;]D\u00e9couvrez le mod\u00e8le de sac ou filtre id\u00e9al pour votre aspirateur central[\/vc_column_text][vc_btn title=\u00a0\u00bbMouvement \u00e9codurable\u00a0\u00bb style=\u00a0\u00bboutline-custom\u00a0\u00bb outline_custom_color=\u00a0\u00bb#7fa1d4&Prime; outline_custom_hover_background=\u00a0\u00bb#7fa1d4&Prime; outline_custom_hover_text=\u00a0\u00bb#ffffff\u00a0\u00bb shape=\u00a0\u00bbsquare\u00a0\u00bb link=\u00a0\u00bburl:%2Ffr%2Fmouvement-ecodurable%2F|title:Trouver%20votre%20Sac%20%26%20Filtre\u00a0\u00bb el_class=\u00a0\u00bbproduct-learn-more\u00a0\u00bb][vc_column_text el_class=\u00a0\u00bbpy-2&Prime;]Apprenez-en plus sur r\u00e9parabilit\u00e9 et durabilit\u00e9 de votre appareil[\/vc_column_text][vc_btn title=\u00a0\u00bbSoutien \u00e0 la client\u00e8le\u00a0\u00bb style=\u00a0\u00bboutline-custom\u00a0\u00bb outline_custom_color=\u00a0\u00bb#7fa1d4&Prime; outline_custom_hover_background=\u00a0\u00bb#7fa1d4&Prime; outline_custom_hover_text=\u00a0\u00bb#ffffff\u00a0\u00bb shape=\u00a0\u00bbsquare\u00a0\u00bb link=\u00a0\u00bburl:%2Ffr%2Fpour-nous-joindre%2F|title:Soutien%20%C3%A0%20la%20client%C3%A8le\u00a0\u00bb el_class=\u00a0\u00bbproduct-learn-more\u00a0\u00bb][vc_column_text]Obtenez de l\u2019aide et trouvez des r\u00e9ponses \u00e0 vos questions[\/vc_column_text][vc_btn title=\u00a0\u00bbO\u00f9 acheter?\u00a0\u00bb style=\u00a0\u00bboutline-custom\u00a0\u00bb outline_custom_color=\u00a0\u00bb#7fa1d4&Prime; outline_custom_hover_background=\u00a0\u00bb#7fa1d4&Prime; outline_custom_hover_text=\u00a0\u00bb#ffffff\u00a0\u00bb shape=\u00a0\u00bbsquare\u00a0\u00bb link=\u00a0\u00bburl:%2Ffr%2Fou-acheter%2F|title:O%C3%B9%20acheter%3F\u00a0\u00bb el_class=\u00a0\u00bbproduct-learn-more\u00a0\u00bb][vc_column_text el_class=\u00a0\u00bbpy-2&Prime;]Trouvez rapidement un magasin pr\u00e8s de chez vous gr\u00e2ce \u00e0 notre outil de localisation.[\/vc_column_text][vc_column_text el_class=\u00a0\u00bbatwm-lang-ca atwm-lang-eu\u00a0\u00bb]<a href=\"https:\/\/beamvac.com\/useful-links\/\">Anglais<\/a>[\/vc_column_text][\/vc_column][\/vc_row]<\/p>\n<\/div>","protected":false},"excerpt":{"rendered":"<p>[vc_row][vc_column][vc_custom_heading text=\u00a0\u00bbPROFITEZ AU MAXIMUM DE VOTRE PRODUIT\u00a0\u00bb font_container=\u00a0\u00bbtag:h1|text_align:left\u00a0\u00bb use_theme_fonts=\u00a0\u00bbyes\u00a0\u00bb][vc_column_text][\/vc_column_text][vc_btn title=\u00a0\u00bbEnregistrement du produit\u00a0\u00bb style=\u00a0\u00bboutline-custom\u00a0\u00bb outline_custom_color=\u00a0\u00bb#7fa1d4&Prime; outline_custom_hover_background=\u00a0\u00bb#7fa1d4&Prime; outline_custom_hover_text=\u00a0\u00bb#ffffff\u00a0\u00bb shape=\u00a0\u00bbsquare\u00a0\u00bb link=\u00a0\u00bburl:%2Ffr%2Fenregistrement-du-produit%2F|title:Enregistrement%20du%20produit\u00a0\u00bb el_class=\u00a0\u00bbatwm-lang-ca atwm-lang-us\u00a0\u00bb css=\u00a0\u00bb.vc_btn3{ text-transform:uppercase !important;}\u00a0\u00bb][vc_column_text el_class=\u00a0\u00bbatwm-lang-ca atwm-lang-us\u00a0\u00bb]Service et garantie[\/vc_column_text][vc_btn title=\u00a0\u00bbManuel d\u2019instructions\u00a0\u00bb style=\u00a0\u00bboutline-custom\u00a0\u00bb outline_custom_color=\u00a0\u00bb#7fa1d4&Prime; outline_custom_hover_background=\u00a0\u00bb#7fa1d4&Prime; outline_custom_hover_text=\u00a0\u00bb#ffffff\u00a0\u00bb shape=\u00a0\u00bbsquare\u00a0\u00bb link=\u00a0\u00bburl:https%3A%2F%2Fbeamvac.com%2Fwp-content%2Fuploads%2F2025%2F09%2FIMPMODBEAM_New_Instruc_Beam_2025.pdf|title:Manuel%20d%E2%80%99instructions\u00a0\u00bb el_class=\u00a0\u00bbproduct-learn-more\u00a0\u00bb][vc_column_text el_class=\u00a0\u00bbpy-2&Prime;]Apprenez-en plus sur votre appareil et sur son entretien[\/vc_column_text][vc_btn title=\u00a0\u00bbTrouver votre Sac &amp; Filtre\u00a0\u00bb style=\u00a0\u00bboutline-custom\u00a0\u00bb outline_custom_color=\u00a0\u00bb#7fa1d4&Prime; outline_custom_hover_background=\u00a0\u00bb#7fa1d4&Prime; outline_custom_hover_text=\u00a0\u00bb#ffffff\u00a0\u00bb shape=\u00a0\u00bbsquare\u00a0\u00bb [&hellip;]<\/p>\n","protected":false},"author":8,"featured_media":0,"parent":0,"menu_order":0,"comment_status":"closed","ping_status":"closed","template":"","meta":{"footnotes":""},"class_list":["post-10074","page","type-page","status-publish","hentry"],"yoast_head":"<!-- This site is optimized with the Yoast SEO plugin v26.9 - https:\/\/yoast.com\/product\/yoast-seo-wordpress\/ -->\n<title>Liens utiles - BEAM<\/title>\n<meta name=\"robots\" content=\"index, follow, max-snippet:-1, max-image-preview:large, max-video-preview:-1\" \/>\n<link rel=\"canonical\" href=\"https:\/\/beamvac.com\/fr\/liens-utiles\/\" \/>\n<meta property=\"og:locale\" content=\"fr_FR\" \/>\n<meta property=\"og:type\" content=\"article\" \/>\n<meta property=\"og:title\" content=\"Liens utiles - BEAM\" \/>\n<meta property=\"og:description\" content=\"[vc_row][vc_column][vc_custom_heading text=\u00a0\u00bbPROFITEZ AU MAXIMUM DE VOTRE PRODUIT\u00a0\u00bb font_container=\u00a0\u00bbtag:h1|text_align:left\u00a0\u00bb use_theme_fonts=\u00a0\u00bbyes\u00a0\u00bb][vc_column_text][\/vc_column_text][vc_btn title=\u00a0\u00bbEnregistrement du produit\u00a0\u00bb style=\u00a0\u00bboutline-custom\u00a0\u00bb outline_custom_color=\u00a0\u00bb#7fa1d4&Prime; outline_custom_hover_background=\u00a0\u00bb#7fa1d4&Prime; outline_custom_hover_text=\u00a0\u00bb#ffffff\u00a0\u00bb shape=\u00a0\u00bbsquare\u00a0\u00bb link=\u00a0\u00bburl:%2Ffr%2Fenregistrement-du-produit%2F|title:Enregistrement%20du%20produit\u00a0\u00bb el_class=\u00a0\u00bbatwm-lang-ca atwm-lang-us\u00a0\u00bb css=\u00a0\u00bb.vc_btn3{ text-transform:uppercase !important;}\u00a0\u00bb][vc_column_text el_class=\u00a0\u00bbatwm-lang-ca atwm-lang-us\u00a0\u00bb]Service et garantie[\/vc_column_text][vc_btn title=\u00a0\u00bbManuel d\u2019instructions\u00a0\u00bb style=\u00a0\u00bboutline-custom\u00a0\u00bb outline_custom_color=\u00a0\u00bb#7fa1d4&Prime; outline_custom_hover_background=\u00a0\u00bb#7fa1d4&Prime; outline_custom_hover_text=\u00a0\u00bb#ffffff\u00a0\u00bb shape=\u00a0\u00bbsquare\u00a0\u00bb link=\u00a0\u00bburl:https%3A%2F%2Fbeamvac.com%2Fwp-content%2Fuploads%2F2025%2F09%2FIMPMODBEAM_New_Instruc_Beam_2025.pdf|title:Manuel%20d%E2%80%99instructions\u00a0\u00bb el_class=\u00a0\u00bbproduct-learn-more\u00a0\u00bb][vc_column_text el_class=\u00a0\u00bbpy-2&Prime;]Apprenez-en plus sur votre appareil et sur son entretien[\/vc_column_text][vc_btn title=\u00a0\u00bbTrouver votre Sac &amp; Filtre\u00a0\u00bb style=\u00a0\u00bboutline-custom\u00a0\u00bb outline_custom_color=\u00a0\u00bb#7fa1d4&Prime; outline_custom_hover_background=\u00a0\u00bb#7fa1d4&Prime; outline_custom_hover_text=\u00a0\u00bb#ffffff\u00a0\u00bb shape=\u00a0\u00bbsquare\u00a0\u00bb [&hellip;]\" \/>\n<meta property=\"og:url\" content=\"https:\/\/beamvac.com\/fr\/liens-utiles\/\" \/>\n<meta property=\"og:site_name\" content=\"BEAM\" \/>\n<meta property=\"article:modified_time\" content=\"2026-01-09T14:30:21+00:00\" \/>\n<meta name=\"twitter:card\" content=\"summary_large_image\" \/>\n<meta name=\"twitter:label1\" content=\"Dur\u00e9e de lecture estim\u00e9e\" \/>\n\t<meta name=\"twitter:data1\" content=\"1 minute\" \/>\n<script type=\"application\/ld+json\" class=\"yoast-schema-graph\">{\"@context\":\"https:\/\/schema.org\",\"@graph\":[{\"@type\":\"WebPage\",\"@id\":\"https:\/\/beamvac.com\/fr\/liens-utiles\/\",\"url\":\"https:\/\/beamvac.com\/fr\/liens-utiles\/\",\"name\":\"Liens utiles - BEAM\",\"isPartOf\":{\"@id\":\"https:\/\/beamvac.com\/#website\"},\"datePublished\":\"2025-07-02T18:01:37+00:00\",\"dateModified\":\"2026-01-09T14:30:21+00:00\",\"breadcrumb\":{\"@id\":\"https:\/\/beamvac.com\/fr\/liens-utiles\/#breadcrumb\"},\"inLanguage\":\"fr-FR\",\"potentialAction\":[{\"@type\":\"ReadAction\",\"target\":[\"https:\/\/beamvac.com\/fr\/liens-utiles\/\"]}]},{\"@type\":\"BreadcrumbList\",\"@id\":\"https:\/\/beamvac.com\/fr\/liens-utiles\/#breadcrumb\",\"itemListElement\":[{\"@type\":\"ListItem\",\"position\":1,\"name\":\"Home\",\"item\":\"https:\/\/beamvac.com\/fr\/\"},{\"@type\":\"ListItem\",\"position\":2,\"name\":\"Liens utiles\"}]},{\"@type\":\"WebSite\",\"@id\":\"https:\/\/beamvac.com\/#website\",\"url\":\"https:\/\/beamvac.com\/\",\"name\":\"BEAM\",\"description\":\"Premium Central Vacuum Systems\",\"potentialAction\":[{\"@type\":\"SearchAction\",\"target\":{\"@type\":\"EntryPoint\",\"urlTemplate\":\"https:\/\/beamvac.com\/?s={search_term_string}\"},\"query-input\":{\"@type\":\"PropertyValueSpecification\",\"valueRequired\":true,\"valueName\":\"search_term_string\"}}],\"inLanguage\":\"fr-FR\"}]}<\/script>\n<!-- \/ Yoast SEO plugin. -->","yoast_head_json":{"title":"Liens utiles - BEAM","robots":{"index":"index","follow":"follow","max-snippet":"max-snippet:-1","max-image-preview":"max-image-preview:large","max-video-preview":"max-video-preview:-1"},"canonical":"https:\/\/beamvac.com\/fr\/liens-utiles\/","og_locale":"fr_FR","og_type":"article","og_title":"Liens utiles - BEAM","og_description":"[vc_row][vc_column][vc_custom_heading text=\u00a0\u00bbPROFITEZ AU MAXIMUM DE VOTRE PRODUIT\u00a0\u00bb font_container=\u00a0\u00bbtag:h1|text_align:left\u00a0\u00bb use_theme_fonts=\u00a0\u00bbyes\u00a0\u00bb][vc_column_text][\/vc_column_text][vc_btn title=\u00a0\u00bbEnregistrement du produit\u00a0\u00bb style=\u00a0\u00bboutline-custom\u00a0\u00bb outline_custom_color=\u00a0\u00bb#7fa1d4&Prime; outline_custom_hover_background=\u00a0\u00bb#7fa1d4&Prime; outline_custom_hover_text=\u00a0\u00bb#ffffff\u00a0\u00bb shape=\u00a0\u00bbsquare\u00a0\u00bb link=\u00a0\u00bburl:%2Ffr%2Fenregistrement-du-produit%2F|title:Enregistrement%20du%20produit\u00a0\u00bb el_class=\u00a0\u00bbatwm-lang-ca atwm-lang-us\u00a0\u00bb css=\u00a0\u00bb.vc_btn3{ text-transform:uppercase !important;}\u00a0\u00bb][vc_column_text el_class=\u00a0\u00bbatwm-lang-ca atwm-lang-us\u00a0\u00bb]Service et garantie[\/vc_column_text][vc_btn title=\u00a0\u00bbManuel d\u2019instructions\u00a0\u00bb style=\u00a0\u00bboutline-custom\u00a0\u00bb outline_custom_color=\u00a0\u00bb#7fa1d4&Prime; outline_custom_hover_background=\u00a0\u00bb#7fa1d4&Prime; outline_custom_hover_text=\u00a0\u00bb#ffffff\u00a0\u00bb shape=\u00a0\u00bbsquare\u00a0\u00bb link=\u00a0\u00bburl:https%3A%2F%2Fbeamvac.com%2Fwp-content%2Fuploads%2F2025%2F09%2FIMPMODBEAM_New_Instruc_Beam_2025.pdf|title:Manuel%20d%E2%80%99instructions\u00a0\u00bb el_class=\u00a0\u00bbproduct-learn-more\u00a0\u00bb][vc_column_text el_class=\u00a0\u00bbpy-2&Prime;]Apprenez-en plus sur votre appareil et sur son entretien[\/vc_column_text][vc_btn title=\u00a0\u00bbTrouver votre Sac &amp; Filtre\u00a0\u00bb style=\u00a0\u00bboutline-custom\u00a0\u00bb outline_custom_color=\u00a0\u00bb#7fa1d4&Prime; outline_custom_hover_background=\u00a0\u00bb#7fa1d4&Prime; outline_custom_hover_text=\u00a0\u00bb#ffffff\u00a0\u00bb shape=\u00a0\u00bbsquare\u00a0\u00bb [&hellip;]","og_url":"https:\/\/beamvac.com\/fr\/liens-utiles\/","og_site_name":"BEAM","article_modified_time":"2026-01-09T14:30:21+00:00","twitter_card":"summary_large_image","twitter_misc":{"Dur\u00e9e de lecture estim\u00e9e":"1 minute"},"schema":{"@context":"https:\/\/schema.org","@graph":[{"@type":"WebPage","@id":"https:\/\/beamvac.com\/fr\/liens-utiles\/","url":"https:\/\/beamvac.com\/fr\/liens-utiles\/","name":"Liens utiles - BEAM","isPartOf":{"@id":"https:\/\/beamvac.com\/#website"},"datePublished":"2025-07-02T18:01:37+00:00","dateModified":"2026-01-09T14:30:21+00:00","breadcrumb":{"@id":"https:\/\/beamvac.com\/fr\/liens-utiles\/#breadcrumb"},"inLanguage":"fr-FR","potentialAction":[{"@type":"ReadAction","target":["https:\/\/beamvac.com\/fr\/liens-utiles\/"]}]},{"@type":"BreadcrumbList","@id":"https:\/\/beamvac.com\/fr\/liens-utiles\/#breadcrumb","itemListElement":[{"@type":"ListItem","position":1,"name":"Home","item":"https:\/\/beamvac.com\/fr\/"},{"@type":"ListItem","position":2,"name":"Liens utiles"}]},{"@type":"WebSite","@id":"https:\/\/beamvac.com\/#website","url":"https:\/\/beamvac.com\/","name":"BEAM","description":"Premium Central Vacuum Systems","potentialAction":[{"@type":"SearchAction","target":{"@type":"EntryPoint","urlTemplate":"https:\/\/beamvac.com\/?s={search_term_string}"},"query-input":{"@type":"PropertyValueSpecification","valueRequired":true,"valueName":"search_term_string"}}],"inLanguage":"fr-FR"}]}},"_links":{"self":[{"href":"https:\/\/beamvac.com\/fr\/wp-json\/wp\/v2\/pages\/10074","targetHints":{"allow":["GET"]}}],"collection":[{"href":"https:\/\/beamvac.com\/fr\/wp-json\/wp\/v2\/pages"}],"about":[{"href":"https:\/\/beamvac.com\/fr\/wp-json\/wp\/v2\/types\/page"}],"author":[{"embeddable":true,"href":"https:\/\/beamvac.com\/fr\/wp-json\/wp\/v2\/users\/8"}],"replies":[{"embeddable":true,"href":"https:\/\/beamvac.com\/fr\/wp-json\/wp\/v2\/comments?post=10074"}],"version-history":[{"count":18,"href":"https:\/\/beamvac.com\/fr\/wp-json\/wp\/v2\/pages\/10074\/revisions"}],"predecessor-version":[{"id":10880,"href":"https:\/\/beamvac.com\/fr\/wp-json\/wp\/v2\/pages\/10074\/revisions\/10880"}],"wp:attachment":[{"href":"https:\/\/beamvac.com\/fr\/wp-json\/wp\/v2\/media?parent=10074"}],"curies":[{"name":"wp","href":"https:\/\/api.w.org\/{rel}","templated":true}]}}